{"id":98,"date":"2015-08-17T19:45:57","date_gmt":"2015-08-17T22:45:57","guid":{"rendered":"http:\/\/ww2.btcenglish.com.br\/wordpress\/?page_id=98"},"modified":"2021-12-08T19:08:39","modified_gmt":"2021-12-08T22:08:39","slug":"curso-de-imersao-nivel-intermediario-ao-avancado","status":"publish","type":"page","link":"https:\/\/ww2.btcenglish.com.br\/wordpress\/curso-de-imersao-nivel-intermediario-ao-avancado\/","title":{"rendered":"Curso de Imers\u00e3o N\u00edvel Intermedi\u00e1rio ao Avan\u00e7ado"},"content":{"rendered":"<div id=\"pl-gb98-69f8a877dce17\"  class=\"panel-layout\" ><div id=\"pg-gb98-69f8a877dce17-0\"  class=\"panel-grid panel-no-style\" ><div id=\"pgc-gb98-69f8a877dce17-0-0\"  class=\"panel-grid-cell\" ><div id=\"panel-gb98-69f8a877dce17-0-0-0\" class=\"so-panel widget widget_sow-hero panel-first-child panel-last-child\" data-index=\"0\" ><div\n\t\t\t\n\t\t\tclass=\"so-widget-sow-hero so-widget-sow-hero-default-a2eaa81b7f16-98\"\n\t\t\t\n\t\t><div class=\"sow-slider-base\" style=\"display: none\"><ul\n\t\t\t\t\tclass=\"sow-slider-images\"\n\t\t\t\t\tdata-settings=\"{&quot;pagination&quot;:true,&quot;speed&quot;:800,&quot;timeout&quot;:8000,&quot;paused&quot;:false,&quot;pause_on_hover&quot;:false,&quot;swipe&quot;:false,&quot;nav_always_show_desktop&quot;:&quot;&quot;,&quot;nav_always_show_mobile&quot;:&quot;&quot;,&quot;breakpoint&quot;:&quot;780px&quot;,&quot;unmute&quot;:false,&quot;anchor&quot;:null}\"\n\t\t\t\t\t\t\t\t\t\tdata-anchor-id=\"\"\n\t\t\t\t>\t\t<li class=\"sow-slider-image  sow-slider-image-cover\" style=\"background-color: #333333\" >\n\t\t\t\t\t<div class=\"sow-slider-image-container\">\n\t\t\t<div class=\"sow-slider-image-wrapper\">\n\t\t\t\t<h1 style=\"text-align: center\">PROGRAMA IMERS\u00c3O<\/h1>\n<h1 style=\"text-align: center\"><span style=\"color: #ff6600\">Do Intermedi\u00e1rio ao Avan\u00e7ado!<\/span><\/h1>\t\t\t<\/div>\n\t\t<\/div>\n\t\t<div class=\"sow-slider-image-overlay sow-slider-image-cover\" style=\"background-image: url(https:\/\/ww2.btcenglish.com.br\/wordpress\/wp-content\/uploads\/2015\/08\/eb32b60e21f7073ecd0b4204e2445b97e674ead61eb719459c_1920.jpg);opacity: 0.4\"  ><\/div>\t\t<\/li>\n\t\t<\/ul>\t\t\t\t<ol class=\"sow-slider-pagination\">\n\t\t\t\t\t\t\t\t\t\t\t<li><a href=\"#\" data-goto=\"0\" aria-label=\"display slide 1\"><\/a><\/li>\n\t\t\t\t\t\t\t\t\t<\/ol>\n\n\t\t\t\t<div class=\"sow-slide-nav sow-slide-nav-next\">\n\t\t\t\t\t<a href=\"#\" data-goto=\"next\" aria-label=\"next slide\" data-action=\"next\">\n\t\t\t\t\t\t<em class=\"sow-sld-icon-thin-right\"><\/em>\n\t\t\t\t\t<\/a>\n\t\t\t\t<\/div>\n\n\t\t\t\t<div class=\"sow-slide-nav sow-slide-nav-prev\">\n\t\t\t\t\t<a href=\"#\" data-goto=\"previous\" aria-label=\"previous slide\" data-action=\"prev\">\n\t\t\t\t\t\t<em class=\"sow-sld-icon-thin-left\"><\/em>\n\t\t\t\t\t<\/a>\n\t\t\t\t<\/div>\n\t\t\t\t<\/div><\/div><\/div><\/div><\/div><\/div>\n\n<div id=\"pl-gb98-69f8a877e02f8\"  class=\"panel-layout\" ><div id=\"pg-gb98-69f8a877e02f8-0\"  class=\"panel-grid panel-has-style\" ><div class=\"panel-row-style panel-row-style-for-gb98-69f8a877e02f8-0\" ><div id=\"pgc-gb98-69f8a877e02f8-0-0\"  class=\"panel-grid-cell\" ><div id=\"panel-gb98-69f8a877e02f8-0-0-0\" class=\"so-panel widget widget_sow-editor panel-first-child panel-last-child\" data-index=\"0\" ><div\n\t\t\t\n\t\t\tclass=\"so-widget-sow-editor so-widget-sow-editor-base\"\n\t\t\t\n\t\t>\n<div class=\"siteorigin-widget-tinymce textwidget\">\n\t<p><strong>PROGRAMA 1:<\/strong>\u00a0<strong> <\/strong><\/p>\n<p><strong>60h aula\/em UMA SEMANA DE IMERS\u00c3O PRESENCIAL EM\u00a0 INGLES + atividades extras &#8211; Com hospedagem<\/strong><\/p>\n<p><strong>Local<\/strong>: HOTEL CURITIBA CAMPO COMPRIDO<br \/>\n<strong>Hor\u00e1rio\/aulas<\/strong>: 08:00 as 18:00 incluindo caf\u00e9 da manh\u00e3, almo\u00e7o, intervalos para lanches e atividades extras das 20:00 as 22:00<\/p>\n<p><strong>Dias<\/strong>: Sexta\u00a0 a noite\u00a0 \u00e0 sexta final de tarde. (Chegada e Apresenta\u00e7\u00e3o na sexta a noite)<br \/>\n<strong>N\u00edvel<\/strong>:\u00a0 Intermedi\u00e1rio ao Avan\u00e7ado<br \/>\n<strong>Total de horas por semana\/imers\u00e3o<\/strong>: 60h\/aula por n\u00edvel + atividades extras<\/p>\n<p><strong>Dura\u00e7\u00e3o<\/strong>: 7 dias sequenciais cada n\u00edvel (60h).<\/p>\n<p>(O aluno dorme no hotel \u2013 material, refei\u00e7\u00f5es, e acomoda\u00e7\u00e3o inclusos)<br \/>\n<strong>Horas por dia<\/strong>\u00a0: 8h\/aula + atividades extras<\/p>\n<p><strong>Valor com su\u00edte individual:<\/strong>\u00a0 4.255.00 (2 x 2127,00)<\/p>\n<p><strong>Valor com su\u00edte compartilhada &#8211; duas pessoas<\/strong>: 4020,00 (2 x 2010,00)<\/p>\n<p><strong>Valor com su\u00edte para tr\u00eas pessoas: <\/strong>a combinar<br \/>\n<strong>Material:<\/strong>\u00a0valor incluso<br \/>\n<strong>In\u00edcio<\/strong>: 4 vezes ao ano. Checar calend\u00e1rio.<\/p>\n<p>&nbsp;<\/p>\n<p><strong>PROGRAMA 02: <\/strong><\/p>\n<p><strong>60h aula\/em QUATRO FINAIS DE SEMANA SEQUENCIAIS de IMERS\u00c3O PRESENCIAL em INGLES\u00a0 \u00a0 \u00a0 \u00a0 \u00a0 \u00a0 \u00a0 \u00a0 \u00a0<\/strong><strong>Com hospedagem<\/strong><\/p>\n<p><strong>Local<\/strong>: HOTEL CURITIBA CAMPO COMPRIDO<br \/>\n<strong>Hor\u00e1rio\/aulas<\/strong>: 08:00 as 18:00 incluindo caf\u00e9 da manh\u00e3, almo\u00e7o, intervalos para lanches e atividades extras das 20:00 as 22:00<\/p>\n<p><strong>Dias<\/strong>: Sexta \u00e0 noite \u00e0\u00a0 domingo final de tarde. (Chegada e Apresenta\u00e7\u00e3o na sexta a noite)<br \/>\n<strong>N\u00edvel<\/strong>: Intermedi\u00e1rio ao Avan\u00e7ado<br \/>\n<strong>Total de horas por semana\/imers\u00e3o<\/strong>: 60h aula\/por n\u00edvel + atividades extras<\/p>\n<p><strong>Dura\u00e7\u00e3o<\/strong>: Quatro finais de semana sequenciais &#8211;\u00a0 cada n\u00edvel (60h).<\/p>\n<p>(O aluno dorme no hotel \u2013 material, refei\u00e7\u00f5es, e acomoda\u00e7\u00e3o inclusos)<br \/>\n<strong>Horas por dia<\/strong>\u00a0: 8h\/aula + atividades extras<\/p>\n<p><strong>Valor com su\u00edte individual:<\/strong>\u00a0 4.693,00 (2 x 346,00)<\/p>\n<p><strong>Valor com su\u00edte compartilhada &#8211; duas pessoas<\/strong>: 4.421,00 (2 x 2210,00)<\/p>\n<p><strong>Valor com su\u00edte para tr\u00eas pessoas: <\/strong>a combinar<br \/>\n<strong>Material:<\/strong>\u00a0valor incluso<br \/>\n<strong>In\u00edcio<\/strong>: 4 vezes ao ano. Checar calend\u00e1rio.<\/p>\n<p><strong>PROGRAMA 03: <\/strong><\/p>\n<p><strong>60h aula\/em QUATRO FINAIS DE SEMANA SEQUENCIAIS de IMERS\u00c3O PRESENCIAL em\u00a0 INGLES\u00a0 \u00a0 \u00a0 \u00a0 \u00a0 \u00a0 \u00a0 \u00a0 \u00a0Sem <\/strong><strong>hospedagem e sem refei\u00e7\u00f5es principais, s\u00f3 snacks<\/strong><\/p>\n<p><strong>Local<\/strong>: HOTEL CURITIBA CAMPO COMPRIDO<br \/>\n<strong>Hor\u00e1rio\/aulas<\/strong>: 08:00 as 18:00 com &#8220;snacks&#8221;<\/p>\n<p><strong>Dias<\/strong>: S\u00e1bado cedo \u00e0 domingo final de tarde.<br \/>\n<strong>N\u00edvel<\/strong>: Intermedi\u00e1rio ao Avan\u00e7ado<br \/>\n<strong>Total de horas por semana\/imers\u00e3o<\/strong>: 60h aula\/por n\u00edvel<\/p>\n<p><strong>Dura\u00e7\u00e3o<\/strong>: Quatro finais de semana sequenciais &#8211;\u00a0 cada n\u00edvel (60h).<\/p>\n<p><strong>Horas por dia<\/strong> : 8h\/dia<\/p>\n<p><strong>Valor: 1.316,00<\/strong><\/p>\n<p><strong>Material:<\/strong>\u00a0valor incluso<br \/>\n<strong>In\u00edcio<\/strong>: 4 vezes ao ano. Checar calend\u00e1rio.<\/p>\n<p>&nbsp;<\/p>\n<p>&nbsp;<\/p>\n<p><strong>PROGRAMA 4 &#8211;\u00a0 QUATRO SEMANAS DE IMERS\u00c3O &#8211; aulas\u00a0<\/strong><b>di\u00e1rias\u00a0 ONLINE<\/b><\/p>\n<p><strong>Horas\/aula:<\/strong> 3h\/dia<br \/>\n<strong>Dias:<\/strong> Segunda a Sexta<br \/>\n<strong>In\u00edcio:<\/strong> Janeiro\/fevereiro\/mar\u00e7o\/ abril\/maio\/junho\/julho\/agosto\/setembro\/outubro\/novembro<br \/>\n<strong>N\u00edveis por semestre:\u00a0<\/strong>cinco n\u00edveis &#8211; Intermedi\u00e1rio ao Avan\u00e7ado<strong><\/strong><\/p>\n<p><strong>Valor: 1270,00<br \/>\n<\/strong><strong>Material:<\/strong><strong>\u00a0 R$ 245,00<\/strong><\/p>\n<p>&nbsp;<\/p>\n<p><strong>PROGRAMA 05: <\/strong><\/p>\n<p><strong>60h aula\/em QUATRO FINAIS DE SEMANA SEQUENCIAIS de IMERS\u00c3O em INGLES &#8211; ONLINE<\/strong><\/p>\n<p><strong>Local<\/strong>: HOTEL CURITIBA CAMPO COMPRIDO<br \/>\n<strong>Hor\u00e1rio\/aulas<\/strong>: 08:00 as 18:00<\/p>\n<p><strong>Dias<\/strong>: S\u00e1bado cedo \u00e0 domingo final de tarde.<br \/>\n<strong>N\u00edvel<\/strong>: Intermedi\u00e1rio ao Avan\u00e7ado<br \/>\n<strong>Total de horas por semana\/imers\u00e3o<\/strong>: 60h aula\/por n\u00edvel<\/p>\n<p><strong>Dura\u00e7\u00e3o<\/strong>: Quatro finais de semana sequenciais &#8211;\u00a0 cada n\u00edvel (60h).<\/p>\n<p><strong>Horas por dia<\/strong> : 8h\/aula<\/p>\n<p><strong>Valor: 1266,00\u00a0<\/strong><\/p>\n<\/div>\n<\/div><\/div><\/div><\/div><\/div><\/div>","protected":false},"excerpt":{"rendered":"","protected":false},"author":1,"featured_media":0,"parent":0,"menu_order":0,"comment_status":"closed","ping_status":"closed","template":"page-templates\/template-pagebuilder-full-width.php","meta":[],"_links":{"self":[{"href":"https:\/\/ww2.btcenglish.com.br\/wordpress\/wp-json\/wp\/v2\/pages\/98"}],"collection":[{"href":"https:\/\/ww2.btcenglish.com.br\/wordpress\/wp-json\/wp\/v2\/pages"}],"about":[{"href":"https:\/\/ww2.btcenglish.com.br\/wordpress\/wp-json\/wp\/v2\/types\/page"}],"author":[{"embeddable":true,"href":"https:\/\/ww2.btcenglish.com.br\/wordpress\/wp-json\/wp\/v2\/users\/1"}],"replies":[{"embeddable":true,"href":"https:\/\/ww2.btcenglish.com.br\/wordpress\/wp-json\/wp\/v2\/comments?post=98"}],"version-history":[{"count":20,"href":"https:\/\/ww2.btcenglish.com.br\/wordpress\/wp-json\/wp\/v2\/pages\/98\/revisions"}],"predecessor-version":[{"id":4716,"href":"https:\/\/ww2.btcenglish.com.br\/wordpress\/wp-json\/wp\/v2\/pages\/98\/revisions\/4716"}],"wp:attachment":[{"href":"https:\/\/ww2.btcenglish.com.br\/wordpress\/wp-json\/wp\/v2\/media?parent=98"}],"curies":[{"name":"wp","href":"https:\/\/api.w.org\/{rel}","templated":true}]}}