{"id":95,"date":"2015-08-17T19:43:08","date_gmt":"2015-08-17T19:43:08","guid":{"rendered":"http:\/\/ww2.btcenglish.com.br\/wordpress\/?page_id=95"},"modified":"2021-12-08T18:53:35","modified_gmt":"2021-12-08T21:53:35","slug":"curso-de-imersao-nivel-basico-ao-intermediario","status":"publish","type":"page","link":"https:\/\/ww2.btcenglish.com.br\/wordpress\/curso-de-imersao-nivel-basico-ao-intermediario\/","title":{"rendered":"Curso de Imers\u00e3o N\u00edvel B\u00e1sico ao Intermedi\u00e1rio"},"content":{"rendered":"<div id=\"pl-95\"  class=\"panel-layout\" ><div id=\"pg-95-0\"  class=\"panel-grid panel-no-style\" ><div id=\"pgc-95-0-0\"  class=\"panel-grid-cell\" ><div id=\"panel-95-0-0-0\" class=\"so-panel widget widget_sow-hero panel-first-child panel-last-child\" data-index=\"0\" ><div\n\t\t\t\n\t\t\tclass=\"so-widget-sow-hero so-widget-sow-hero-default-a2eaa81b7f16-95\"\n\t\t\t\n\t\t><div class=\"sow-slider-base\" style=\"display: none\"><ul\n\t\t\t\t\tclass=\"sow-slider-images\"\n\t\t\t\t\tdata-settings=\"{&quot;pagination&quot;:true,&quot;speed&quot;:800,&quot;timeout&quot;:8000,&quot;paused&quot;:false,&quot;pause_on_hover&quot;:false,&quot;swipe&quot;:false,&quot;nav_always_show_desktop&quot;:&quot;&quot;,&quot;nav_always_show_mobile&quot;:&quot;&quot;,&quot;breakpoint&quot;:&quot;780px&quot;,&quot;unmute&quot;:false,&quot;anchor&quot;:null}\"\n\t\t\t\t\t\t\t\t\t\tdata-anchor-id=\"\"\n\t\t\t\t>\t\t<li class=\"sow-slider-image  sow-slider-image-cover\" style=\"background-color: #333333\" >\n\t\t\t\t\t<div class=\"sow-slider-image-container\">\n\t\t\t<div class=\"sow-slider-image-wrapper\">\n\t\t\t\t<h1 style=\"text-align: center\">PROGRAMA IMERS\u00c3O<\/h1>\n<h1 style=\"text-align: center\"><span style=\"color: #ff6600\">Do B\u00e1sico ao Intermedi\u00e1rio!<\/span><\/h1>\n\t\t\t<\/div>\n\t\t<\/div>\n\t\t<div class=\"sow-slider-image-overlay sow-slider-image-cover\" style=\"background-image: url(https:\/\/ww2.btcenglish.com.br\/wordpress\/wp-content\/uploads\/2015\/08\/e834b50621f2033ecd0b4204e2445b97e674ead61eb7164291_1920.jpg);opacity: 0.4\"  ><\/div>\t\t<\/li>\n\t\t<\/ul>\t\t\t\t<ol class=\"sow-slider-pagination\">\n\t\t\t\t\t\t\t\t\t\t\t<li><a href=\"#\" data-goto=\"0\" aria-label=\"display slide 1\"><\/a><\/li>\n\t\t\t\t\t\t\t\t\t<\/ol>\n\n\t\t\t\t<div class=\"sow-slide-nav sow-slide-nav-next\">\n\t\t\t\t\t<a href=\"#\" data-goto=\"next\" aria-label=\"next slide\" data-action=\"next\">\n\t\t\t\t\t\t<em class=\"sow-sld-icon-thin-right\"><\/em>\n\t\t\t\t\t<\/a>\n\t\t\t\t<\/div>\n\n\t\t\t\t<div class=\"sow-slide-nav sow-slide-nav-prev\">\n\t\t\t\t\t<a href=\"#\" data-goto=\"previous\" aria-label=\"previous slide\" data-action=\"prev\">\n\t\t\t\t\t\t<em class=\"sow-sld-icon-thin-left\"><\/em>\n\t\t\t\t\t<\/a>\n\t\t\t\t<\/div>\n\t\t\t\t<\/div><\/div><\/div><\/div><\/div><div id=\"pg-95-1\"  class=\"panel-grid panel-has-style\" ><div class=\"panel-row-style panel-row-style-for-95-1\" ><div id=\"pgc-95-1-0\"  class=\"panel-grid-cell\" ><div id=\"panel-95-1-0-0\" class=\"so-panel widget widget_sow-editor panel-first-child panel-last-child\" data-index=\"1\" ><div class=\"panel-widget-style panel-widget-style-for-95-1-0-0\" ><div\n\t\t\t\n\t\t\tclass=\"so-widget-sow-editor so-widget-sow-editor-base\"\n\t\t\t\n\t\t>\n<div class=\"siteorigin-widget-tinymce textwidget\">\n\t<p><strong>PROGRAMA 1:<\/strong>\u00a0<strong> <\/strong><\/p>\n<p><strong>60h aula\/em UMA SEMANA DE IMERS\u00c3O PRESENCIAL EM\u00a0 INGLES + atividades extras - COM\u00a0 HOSPEDAGEM<\/strong><\/p>\n<p><strong>Local<\/strong>: HOTEL CURITIBA CAMPO COMPRIDO<br \/>\n<strong>Hor\u00e1rio\/aulas<\/strong>: 08:00 as 18:00 incluindo caf\u00e9 da manh\u00e3, almo\u00e7o, intervalos para lanches e atividades extras das 20:00 as 22:00<\/p>\n<p><strong>Dias<\/strong>: Sexta\u00a0 a noite\u00a0 \u00e0 sexta final de tarde. (Chegada e Apresenta\u00e7\u00e3o na sexta a noite)<br \/>\n<strong>N\u00edvel<\/strong>: B\u00e1sico ao Intermedi\u00e1rio<br \/>\n<strong>Total de horas por semana\/imers\u00e3o<\/strong>: 60h\/aula por n\u00edvel + atividades extras<\/p>\n<p><strong>Dura\u00e7\u00e3o<\/strong>: 7 dias sequenciais cada n\u00edvel (60h).<\/p>\n<p>(O aluno dorme no hotel \u2013 material, refei\u00e7\u00f5es, e acomoda\u00e7\u00e3o inclusos)<br \/>\n<strong>Horas por dia<\/strong>\u00a0: 8h\/aula + atividades extras<\/p>\n<p><strong>Valor com su\u00edte individual:<\/strong>\u00a0 4.255,00 (2 x 1.127,00) (material incluso)<\/p>\n<p><strong>Valor com su\u00edte compartilhada - duas pessoas<\/strong>: 4020,00 (2 x 2010,00 ) (material incluso)<\/p>\n<p><strong>Valor com su\u00edte para tr\u00eas pessoas: <\/strong>a combinar<br \/>\n<strong>Material:<\/strong>\u00a0valor incluso<br \/>\n<strong>In\u00edcio<\/strong>: 4 vezes ao ano. Checar calend\u00e1rio.<\/p>\n<p>&nbsp;<\/p>\n<p><strong>PROGRAMA 02: <\/strong><\/p>\n<p><strong>60h aula\/em QUATRO FINAIS DE SEMANA SEQUENCIAIS de IMERS\u00c3O PRESENCIAL em INGLES\u00a0 -\u00a0 <\/strong><strong>COM HOSPEDADEM<\/strong><\/p>\n<p><strong>Local<\/strong>: HOTEL CURITIBA CAMPO COMPRIDO<br \/>\n<strong>Hor\u00e1rio\/aulas<\/strong>: 08:00 as 18:00 incluindo caf\u00e9 da manh\u00e3, almo\u00e7o, intervalos para lanches e atividades extras das 20:00 as 22:00<\/p>\n<p><strong>Dias<\/strong>: Sexta \u00e0 noite \u00e0\u00a0 domingo final de tarde. (Chegada e Apresenta\u00e7\u00e3o na sexta a noite)<br \/>\n<strong>N\u00edvel<\/strong>: B\u00e1sico ao Intermedi\u00e1rio<br \/>\n<strong>Total de horas por semana\/imers\u00e3o<\/strong>: 60h aula\/por n\u00edvel + atividades extras<\/p>\n<p><strong>Dura\u00e7\u00e3o<\/strong>: Quatro finais de semana sequenciais -\u00a0 cada n\u00edvel (60h).<\/p>\n<p>(O aluno dorme no hotel \u2013 material, refei\u00e7\u00f5es, e acomoda\u00e7\u00e3o inclusos)<br \/>\n<strong>Horas por dia<\/strong>\u00a0: 8h\/aula + atividades extras<\/p>\n<p><strong>Valor com su\u00edte individual:<\/strong>\u00a0 4.693,00 (2 x 2346,00) (material incluso)<\/p>\n<p><strong>Valor com su\u00edte compartilhada - duas pessoas<\/strong>: 40421,00(2 x 2210,00)<\/p>\n<p><strong>Valor com su\u00edte para tr\u00eas pessoas: <\/strong>a combinar<br \/>\n<strong>Material:<\/strong>\u00a0valor incluso<br \/>\n<strong>In\u00edcio<\/strong>: 4 vezes ao ano. Checar calend\u00e1rio.<\/p>\n<p>&nbsp;<\/p>\n<p><strong>PROGRAMA 03: <\/strong><\/p>\n<p><strong>60h aula\/em QUATRO FINAIS DE SEMANA SEQUENCIAIS de IMERS\u00c3O PRESENCIAL em\u00a0 INGLES\u00a0 - SEM HOSPEDAGEM<\/strong><strong>\u00a0e sem refei\u00e7\u00f5es principais, s\u00f3 \"snacks\"<\/strong><\/p>\n<p><strong>Local<\/strong>: HOTEL CURITIBA CAMPO COMPRIDO<br \/>\n<strong>Hor\u00e1rio\/aulas<\/strong>: 08:00 as 18:00 com \"snacks\"<\/p>\n<p><strong>Dias<\/strong>: S\u00e1bado cedo \u00e0 domingo final de tarde.<br \/>\n<strong>N\u00edvel<\/strong>: B\u00e1sico ao Intermedi\u00e1rio<br \/>\n<strong>Total de horas por semana\/imers\u00e3o<\/strong>: 60h aula\/por n\u00edvel<\/p>\n<p><strong>Dura\u00e7\u00e3o<\/strong>: Quatro finais de semana sequenciais -\u00a0 cada n\u00edvel (60h).<\/p>\n<p><strong>Horas por dia<\/strong> : 8h\/dia<\/p>\n<p><strong>Valor: 1.316,00<\/strong> (material incluso)<\/p>\n<p><strong>Material:<\/strong>\u00a0valor incluso<br \/>\n<strong>In\u00edcio<\/strong>: 4 vezes ao ano. Checar calend\u00e1rio.<\/p>\n<p>&nbsp;<\/p>\n<p><strong>PROGRAMA 4 -\u00a0 QUATRO SEMANAS DE IMERS\u00c3O - aulas\u00a0<\/strong><b>di\u00e1rias \/ONLINE<\/b><\/p>\n<p><strong>Horas\/aula:<\/strong> 3h\/dia<br \/>\n<strong>Dias:<\/strong> Segunda a Sexta<br \/>\n<strong>In\u00edcio:<\/strong> Janeiro\/fevereiro\/mar\u00e7o\/ abril\/maio\/junho\/julho\/agosto\/setembro\/outubro\/novembro<br \/>\n<strong>N\u00edveis por semestre:\u00a0<\/strong>cinco n\u00edveis<strong><\/strong><\/p>\n<p><strong>Valor: 1270,00<br \/>\n<\/strong><strong>Material:<\/strong><strong>\u00a0 R$ 245,00<\/strong><\/p>\n<p>&nbsp;<\/p>\n<p><strong>PROGRAMA 05: <\/strong><\/p>\n<p><strong>60h aula\/em QUATRO FINAIS DE SEMANA SEQUENCIAIS de IMERS\u00c3O em INGLES - ONLINE<\/strong><\/p>\n<p><strong>Local<\/strong>: HOTEL CURITIBA CAMPO COMPRIDO<br \/>\n<strong>Hor\u00e1rio\/aulas<\/strong>: 08:00 as 18:00<\/p>\n<p><strong>Dias<\/strong>: S\u00e1bado cedo \u00e0 domingo final de tarde.<br \/>\n<strong>N\u00edvel<\/strong>: B\u00e1sico ao Intermedi\u00e1rio<br \/>\n<strong>Total de horas por semana\/imers\u00e3o<\/strong>: 60h aula\/por n\u00edvel<\/p>\n<p><strong>Dura\u00e7\u00e3o<\/strong>: Quatro finais de semana sequenciais -\u00a0 cada n\u00edvel (60h).<\/p>\n<p><strong>Horas por dia<\/strong> : 8h\/aula<\/p>\n<p><strong>Valor: 1266,00<\/strong> (material incluso)<\/p>\n<p>&nbsp;<\/p>\n<\/div>\n<\/div><\/div><\/div><\/div><\/div><\/div><\/div>","protected":false},"excerpt":{"rendered":"<p>PROGRAMA 1:\u00a0 60h aula\/em UMA SEMANA DE IMERS\u00c3O PRESENCIAL EM\u00a0 INGLES + atividades extras &#8211; COM\u00a0 HOSPEDAGEM Local: HOTEL CURITIBA CAMPO COMPRIDO Hor\u00e1rio\/aulas: 08:00 as 18:00 incluindo caf\u00e9 da manh\u00e3, almo\u00e7o, intervalos para lanches e atividades extras das 20:00 as 22:00 Dias: Sexta\u00a0 a noite\u00a0 \u00e0 sexta final de tarde. [&hellip;]<\/p>\n","protected":false},"author":1,"featured_media":0,"parent":0,"menu_order":0,"comment_status":"closed","ping_status":"closed","template":"page-templates\/template-pagebuilder-full-width.php","meta":[],"_links":{"self":[{"href":"https:\/\/ww2.btcenglish.com.br\/wordpress\/wp-json\/wp\/v2\/pages\/95"}],"collection":[{"href":"https:\/\/ww2.btcenglish.com.br\/wordpress\/wp-json\/wp\/v2\/pages"}],"about":[{"href":"https:\/\/ww2.btcenglish.com.br\/wordpress\/wp-json\/wp\/v2\/types\/page"}],"author":[{"embeddable":true,"href":"https:\/\/ww2.btcenglish.com.br\/wordpress\/wp-json\/wp\/v2\/users\/1"}],"replies":[{"embeddable":true,"href":"https:\/\/ww2.btcenglish.com.br\/wordpress\/wp-json\/wp\/v2\/comments?post=95"}],"version-history":[{"count":32,"href":"https:\/\/ww2.btcenglish.com.br\/wordpress\/wp-json\/wp\/v2\/pages\/95\/revisions"}],"predecessor-version":[{"id":4708,"href":"https:\/\/ww2.btcenglish.com.br\/wordpress\/wp-json\/wp\/v2\/pages\/95\/revisions\/4708"}],"wp:attachment":[{"href":"https:\/\/ww2.btcenglish.com.br\/wordpress\/wp-json\/wp\/v2\/media?parent=95"}],"curies":[{"name":"wp","href":"https:\/\/api.w.org\/{rel}","templated":true}]}}