{"id":93,"date":"2015-08-17T19:42:21","date_gmt":"2015-08-17T19:42:21","guid":{"rendered":"http:\/\/ww2.btcenglish.com.br\/wordpress\/?page_id=93"},"modified":"2021-12-08T18:39:52","modified_gmt":"2021-12-08T21:39:52","slug":"programa-imersao","status":"publish","type":"page","link":"https:\/\/ww2.btcenglish.com.br\/wordpress\/programa-imersao\/","title":{"rendered":""},"content":{"rendered":"<div id=\"pl-93\"  class=\"panel-layout\" ><div id=\"pg-93-0\"  class=\"panel-grid panel-has-style\" ><div class=\"siteorigin-panels-stretch panel-row-style panel-row-style-for-93-0\" data-stretch-type=\"full-stretched\" ><div id=\"pgc-93-0-0\"  class=\"panel-grid-cell\" ><div id=\"panel-93-0-0-0\" class=\"so-panel widget widget_sow-hero panel-first-child panel-last-child\" data-index=\"0\" ><div\n\t\t\t\n\t\t\tclass=\"so-widget-sow-hero so-widget-sow-hero-default-60e2c480c68f-93\"\n\t\t\t\n\t\t><div class=\"sow-slider-base\" style=\"display: none\"><ul\n\t\t\t\t\tclass=\"sow-slider-images\"\n\t\t\t\t\tdata-settings=\"{&quot;pagination&quot;:true,&quot;speed&quot;:800,&quot;timeout&quot;:8000,&quot;paused&quot;:false,&quot;pause_on_hover&quot;:false,&quot;swipe&quot;:false,&quot;nav_always_show_desktop&quot;:&quot;&quot;,&quot;nav_always_show_mobile&quot;:&quot;&quot;,&quot;breakpoint&quot;:&quot;780px&quot;,&quot;unmute&quot;:false,&quot;anchor&quot;:null}\"\n\t\t\t\t\t\t\t\t\t\tdata-anchor-id=\"\"\n\t\t\t\t>\t\t<li class=\"sow-slider-image  sow-slider-image-cover\" style=\"background-color: #333333\" >\n\t\t\t\t\t<div class=\"sow-slider-image-container\">\n\t\t\t<div class=\"sow-slider-image-wrapper\">\n\t\t\t\t<h1 style=\"text-align: center\">PROGRAMA IMERS\u00c3O<\/h1>\n<h1 style=\"text-align: center\"><span style=\"color: #ff6600\">Do B\u00e1sico ao Intermedi\u00e1rio!<\/span><\/h1>\t\t\t<\/div>\n\t\t<\/div>\n\t\t<div class=\"sow-slider-image-overlay sow-slider-image-cover\" style=\"background-image: url(https:\/\/ww2.btcenglish.com.br\/wordpress\/wp-content\/uploads\/2015\/08\/e834b50621f2033ecd0b4204e2445b97e674ead61eb7164291_1920.jpg);opacity: 0.4\"  ><\/div>\t\t<\/li>\n\t\t<\/ul>\t\t\t\t<ol class=\"sow-slider-pagination\">\n\t\t\t\t\t\t\t\t\t\t\t<li><a href=\"#\" data-goto=\"0\" aria-label=\"display slide 1\"><\/a><\/li>\n\t\t\t\t\t\t\t\t\t<\/ol>\n\n\t\t\t\t<div class=\"sow-slide-nav sow-slide-nav-next\">\n\t\t\t\t\t<a href=\"#\" data-goto=\"next\" aria-label=\"next slide\" data-action=\"next\">\n\t\t\t\t\t\t<em class=\"sow-sld-icon-thin-right\"><\/em>\n\t\t\t\t\t<\/a>\n\t\t\t\t<\/div>\n\n\t\t\t\t<div class=\"sow-slide-nav sow-slide-nav-prev\">\n\t\t\t\t\t<a href=\"#\" data-goto=\"previous\" aria-label=\"previous slide\" data-action=\"prev\">\n\t\t\t\t\t\t<em class=\"sow-sld-icon-thin-left\"><\/em>\n\t\t\t\t\t<\/a>\n\t\t\t\t<\/div>\n\t\t\t\t<\/div><\/div><\/div><\/div><\/div><\/div><div id=\"pg-93-1\"  class=\"panel-grid panel-has-style\" ><div class=\"siteorigin-panels-stretch panel-row-style panel-row-style-for-93-1\" data-stretch-type=\"full\" ><div id=\"pgc-93-1-0\"  class=\"panel-grid-cell\" ><div id=\"panel-93-1-0-0\" class=\"so-panel widget widget_sow-image panel-first-child panel-last-child\" data-index=\"1\" ><div\n\t\t\t\n\t\t\tclass=\"so-widget-sow-image so-widget-sow-image-default-d6014b76747a-93\"\n\t\t\t\n\t\t>\n\n<div class=\"sow-image-container\">\n\t\t<img src=\"https:\/\/ww2.btcenglish.com.br\/wordpress\/wp-content\/uploads\/2015\/08\/eb32b30e20fc063ecd0b4204e2445b97e674ead61eb614439d_1920.jpg\" width=\"1920\" height=\"1440\" srcset=\"https:\/\/ww2.btcenglish.com.br\/wordpress\/wp-content\/uploads\/2015\/08\/eb32b30e20fc063ecd0b4204e2445b97e674ead61eb614439d_1920.jpg 1920w, https:\/\/ww2.btcenglish.com.br\/wordpress\/wp-content\/uploads\/2015\/08\/eb32b30e20fc063ecd0b4204e2445b97e674ead61eb614439d_1920-300x225.jpg 300w, https:\/\/ww2.btcenglish.com.br\/wordpress\/wp-content\/uploads\/2015\/08\/eb32b30e20fc063ecd0b4204e2445b97e674ead61eb614439d_1920-768x576.jpg 768w, https:\/\/ww2.btcenglish.com.br\/wordpress\/wp-content\/uploads\/2015\/08\/eb32b30e20fc063ecd0b4204e2445b97e674ead61eb614439d_1920-1024x768.jpg 1024w\" sizes=\"(max-width: 1920px) 100vw, 1920px\" alt=\"\" loading=\"lazy\" \t\tclass=\"so-widget-image\"\/>\n\t<\/div>\n\n<\/div><\/div><\/div><div id=\"pgc-93-1-1\"  class=\"panel-grid-cell\" ><div id=\"panel-93-1-1-0\" class=\"so-panel widget widget_sow-editor panel-first-child panel-last-child\" data-index=\"2\" ><div\n\t\t\t\n\t\t\tclass=\"so-widget-sow-editor so-widget-sow-editor-base\"\n\t\t\t\n\t\t>\n<div class=\"siteorigin-widget-tinymce textwidget\">\n\t<p><strong>Programa\u00e7\u00e3o: 60h aula\/em UMA SEMANA\u00a0 DE IMERS\u00c3O PRESENCIAL EM INGLES + atividades extras<\/strong><\/p>\n<p><strong>Local<\/strong>: HOTEL CURITIBA CAMPO COMPRIDO<br \/>\n<strong>Hor\u00e1rio\/aulas<\/strong>: 08:00 as 18:00 incluindo caf\u00e9 da manh\u00e3, almo\u00e7o, intervalos para lanches e atividades extras das 20:00 as 21:00<\/p>\n<p><strong>Dias<\/strong>: Sexta a noite\u00a0 a sexta a noite. (Chegada e Apresenta\u00e7\u00e3o na sexta a noite)<br \/>\n<strong>N\u00edvel<\/strong>: B\u00e1sico ao Intermedi\u00e1rio<br \/>\n<strong>Total de horas por semana\/imers\u00e3o<\/strong>: 60h\/aula + atividades extras.<\/p>\n<p style=\"text-align: center;\"><span style=\"color: #ff9900;\"><strong>Veja tamb\u00e9m as OUTRAS PROGRAMA\u00c7\u00d5ES na janela \"CURSOS\"<\/strong><\/span><\/p>\n<\/div>\n<\/div><\/div><\/div><div id=\"pgc-93-1-2\"  class=\"panel-grid-cell\" ><div id=\"panel-93-1-2-0\" class=\"so-panel widget widget_sow-editor panel-first-child panel-last-child\" data-index=\"3\" ><div\n\t\t\t\n\t\t\tclass=\"so-widget-sow-editor so-widget-sow-editor-base\"\n\t\t\t\n\t\t>\n<div class=\"siteorigin-widget-tinymce textwidget\">\n\t<p><strong>Dura\u00e7\u00e3o<\/strong>: 7 dias sequenciais de Imers\u00e3o Presencial em Ingl\u00eas (60h).<\/p>\n<p>(O aluno dorme no hotel \u2013 material, refei\u00e7\u00f5es, e acomoda\u00e7\u00e3o inclusos)<br \/>\n<strong>Horas por dia<\/strong>\u00a0: 8h\/aula + atividades extras<br \/>\n<strong>Valor com su\u00edte individual:<\/strong>\u00a0 4.255 (2 x 2127,00)<\/p>\n<p><strong>Valor com su\u00edte compartilhada (duas pessoas) <\/strong>: 4020,00 (2 x 2010,00)<\/p>\n<p><strong>Valor com su\u00edte para tr\u00eas pessoas: <\/strong>a combinar<br \/>\n<strong>Material:<\/strong>\u00a0valor incluso<br \/>\n<strong>In\u00edcio<\/strong>: 4 vezes ao ano.<\/p>\n<h3 style=\"text-align: center;\"><\/h3>\n<\/div>\n<\/div><\/div><\/div><\/div><\/div><div id=\"pg-93-2\"  class=\"panel-grid panel-has-style\" ><div class=\"panel-row-style panel-row-style-for-93-2\" ><div id=\"pgc-93-2-0\"  class=\"panel-grid-cell\" ><div id=\"panel-93-2-0-0\" class=\"so-panel widget widget_sow-editor panel-first-child panel-last-child\" data-index=\"4\" ><div class=\"panel-widget-style panel-widget-style-for-93-2-0-0\" ><div\n\t\t\t\n\t\t\tclass=\"so-widget-sow-editor so-widget-sow-editor-base\"\n\t\t\t\n\t\t><h3 class=\"widget-title\">N\u00cdVEL 1<\/h3>\n<div class=\"siteorigin-widget-tinymce textwidget\">\n\t<p><strong>N\u00edvel B\u00e1sico da BTC<\/strong> - Diferente do convencional<\/p>\n<p><strong>Apresenta\u00e7\u00e3o de toda a gram\u00e1tica inglesa<\/strong> paralela a textos com \u00e1udio, exerc\u00edcios, v\u00eddeo, introdu\u00e7\u00e3o a conversa\u00e7\u00e3o.<\/p>\n<p>(60h)<\/p>\n<\/div>\n<\/div><\/div><\/div><\/div><div id=\"pgc-93-2-1\"  class=\"panel-grid-cell\" ><div id=\"panel-93-2-1-0\" class=\"so-panel widget widget_sow-editor panel-first-child panel-last-child\" data-index=\"5\" ><div class=\"panel-widget-style panel-widget-style-for-93-2-1-0\" ><div\n\t\t\t\n\t\t\tclass=\"so-widget-sow-editor so-widget-sow-editor-base\"\n\t\t\t\n\t\t><h3 class=\"widget-title\">N\u00cdVEL 2<\/h3>\n<div class=\"siteorigin-widget-tinymce textwidget\">\n\t<p><strong>N\u00edvel Elementar<\/strong><\/p>\n<p>Conversa\u00e7\u00e3o a n\u00edvel <strong>Elementar,<\/strong> com base em textos com \u00e1udio. Tamb\u00e9m, grande foco em DITADO, que refor\u00e7a a estrutura\u00e7\u00e3o de frases, reciclagem gramatical, conversa\u00e7\u00e3o\u00a0 e exerc\u00edcios.<\/p>\n<p>(60h)<\/p>\n<\/div>\n<\/div><\/div><\/div><\/div><div id=\"pgc-93-2-2\"  class=\"panel-grid-cell\" ><div id=\"panel-93-2-2-0\" class=\"so-panel widget widget_sow-editor panel-first-child panel-last-child\" data-index=\"6\" ><div class=\"panel-widget-style panel-widget-style-for-93-2-2-0\" ><div\n\t\t\t\n\t\t\tclass=\"so-widget-sow-editor so-widget-sow-editor-base\"\n\t\t\t\n\t\t><h3 class=\"widget-title\">N\u00cdVEL 3<\/h3>\n<div class=\"siteorigin-widget-tinymce textwidget\">\n\t<p><strong>In\u00edcio do N\u00edvel Pr\u00e9-Intermedi\u00e1rio<\/strong><\/p>\n<p>Conversa\u00e7\u00e3o a n\u00edvel <strong>Pr\u00e9-Intermedi\u00e1rio A<\/strong> com aprimoramento de vocabul\u00e1rio, reciclagem gramatical, exerc\u00edcios, e di\u00e1logos com foco em vocabul\u00e1rio da sobreviv\u00eancia. Inclui material \u00e1udio visual.<\/p>\n<p>(60h)<\/p>\n<\/div>\n<\/div><\/div><\/div><\/div><div id=\"pgc-93-2-3\"  class=\"panel-grid-cell\" ><div id=\"panel-93-2-3-0\" class=\"so-panel widget widget_sow-editor panel-first-child panel-last-child\" data-index=\"7\" ><div class=\"panel-widget-style panel-widget-style-for-93-2-3-0\" ><div\n\t\t\t\n\t\t\tclass=\"so-widget-sow-editor so-widget-sow-editor-base\"\n\t\t\t\n\t\t><h3 class=\"widget-title\">N\u00cdVEL 4<\/h3>\n<div class=\"siteorigin-widget-tinymce textwidget\">\n\t<p><strong>T\u00e9rmino do n\u00edvel Pr\u00e9-Intermedi\u00e1rio<\/strong><\/p>\n<p>Conversa\u00e7\u00e3o a n\u00edvel <strong>Pr\u00e9 Intermedi\u00e1rio B<\/strong> com reciclagem gramatical dos t\u00f3picos mais controversos e fr\u00e1geis, exerc\u00edcios e material audiovisual.<\/p>\n<p>(60h)<\/p>\n<\/div>\n<\/div><\/div><\/div><\/div><div id=\"pgc-93-2-4\"  class=\"panel-grid-cell\" ><div id=\"panel-93-2-4-0\" class=\"so-panel widget widget_sow-editor panel-first-child panel-last-child\" data-index=\"8\" ><div class=\"panel-widget-style panel-widget-style-for-93-2-4-0\" ><div\n\t\t\t\n\t\t\tclass=\"so-widget-sow-editor so-widget-sow-editor-base\"\n\t\t\t\n\t\t><h3 class=\"widget-title\">N\u00cdVEL 5<\/h3>\n<div class=\"siteorigin-widget-tinymce textwidget\">\n\t<p><strong>In\u00edcio do N\u00edvel Intermedi\u00e1rio<\/strong>.<\/p>\n<p>Este n\u00edvel refor\u00e7a o n\u00edvel anterior.<\/p>\n<p>Inclui reciclagem gramatical avan\u00e7ada, material audiovisual, e conversa\u00e7\u00e3o com geral.<\/p>\n<p>(60h)<\/p>\n<\/div>\n<\/div><\/div><\/div><\/div><\/div><\/div><div id=\"pg-93-3\"  class=\"panel-grid panel-has-style\" ><div class=\"siteorigin-panels-stretch panel-row-style panel-row-style-for-93-3\" data-stretch-type=\"full\" ><div id=\"pgc-93-3-0\"  class=\"panel-grid-cell\" ><div id=\"panel-93-3-0-0\" class=\"so-panel widget widget_sow-button panel-first-child panel-last-child\" data-index=\"9\" ><div class=\"panel-widget-style panel-widget-style-for-93-3-0-0\" ><div\n\t\t\t\n\t\t\tclass=\"so-widget-sow-button so-widget-sow-button-flat-29c4ac5aca16-93\"\n\t\t\t\n\t\t><div class=\"ow-button-base ow-button-align-left\">\n\t<a href=\"http:\/\/ww2.btcenglish.com.br\/wordpress\/fale-conosco\/\" class=\"ow-icon-placement-left ow-button-hover\" \t\t>\n\t\t<span>\n\t\t\t<span class=\"sow-icon-fontawesome sow-fas\" data-sow-icon=\"&#xf0a1;\"\n\t\t \n\t\taria-hidden=\"true\"><\/span>\n\t\t\tMatricule-se\t\t<\/span>\n\t<\/a>\n<\/div>\n<\/div><\/div><\/div><\/div><div id=\"pgc-93-3-1\"  class=\"panel-grid-cell\" ><div id=\"panel-93-3-1-0\" class=\"so-panel widget widget_sow-editor panel-first-child panel-last-child\" data-index=\"10\" ><div\n\t\t\t\n\t\t\tclass=\"so-widget-sow-editor so-widget-sow-editor-base\"\n\t\t\t\n\t\t>\n<div class=\"siteorigin-widget-tinymce textwidget\">\n\t<p>Os mesmos cursos s\u00e3o tamb\u00e9m ministrados todos os semestres com carga hor\u00e1ria regular (a longo prazo, n\u00e3o imers\u00e3o) de 16hs, 24hs e 36h\/m\u00eas, podendo ser durante a semana ou finais de semana, online ou presenciais<\/p>\n<\/div>\n<\/div><\/div><\/div><\/div><\/div><div id=\"pg-93-4\"  class=\"panel-grid panel-has-style\" ><div class=\"siteorigin-panels-stretch panel-row-style panel-row-style-for-93-4\" data-stretch-type=\"full-stretched\" ><div id=\"pgc-93-4-0\"  class=\"panel-grid-cell\" ><div id=\"panel-93-4-0-0\" class=\"so-panel widget widget_sow-hero panel-first-child panel-last-child\" data-index=\"11\" ><div\n\t\t\t\n\t\t\tclass=\"so-widget-sow-hero so-widget-sow-hero-default-60e2c480c68f-93\"\n\t\t\t\n\t\t><div class=\"sow-slider-base\" style=\"display: none\"><ul\n\t\t\t\t\tclass=\"sow-slider-images\"\n\t\t\t\t\tdata-settings=\"{&quot;pagination&quot;:true,&quot;speed&quot;:800,&quot;timeout&quot;:8000,&quot;paused&quot;:false,&quot;pause_on_hover&quot;:false,&quot;swipe&quot;:false,&quot;nav_always_show_desktop&quot;:&quot;&quot;,&quot;nav_always_show_mobile&quot;:&quot;&quot;,&quot;breakpoint&quot;:&quot;780px&quot;,&quot;unmute&quot;:false,&quot;anchor&quot;:null}\"\n\t\t\t\t\t\t\t\t\t\tdata-anchor-id=\"\"\n\t\t\t\t>\t\t<li class=\"sow-slider-image  sow-slider-image-cover\" style=\"background-color: #333333\" >\n\t\t\t\t\t<div class=\"sow-slider-image-container\">\n\t\t\t<div class=\"sow-slider-image-wrapper\">\n\t\t\t\t<h1 style=\"text-align: center\">PROGRAMA IMERS\u00c3O<\/h1>\n<h1 style=\"text-align: center\"><span style=\"color: #ff6600\">Do Intermedi\u00e1rio ao Avan\u00e7ado!<\/span><\/h1>\n\t\t\t<\/div>\n\t\t<\/div>\n\t\t<div class=\"sow-slider-image-overlay sow-slider-image-cover\" style=\"background-image: url(https:\/\/ww2.btcenglish.com.br\/wordpress\/wp-content\/uploads\/2015\/08\/eb32b60e21f7073ecd0b4204e2445b97e674ead61eb719459c_1920.jpg);opacity: 0.4\"  ><\/div>\t\t<\/li>\n\t\t<\/ul>\t\t\t\t<ol class=\"sow-slider-pagination\">\n\t\t\t\t\t\t\t\t\t\t\t<li><a href=\"#\" data-goto=\"0\" aria-label=\"display slide 1\"><\/a><\/li>\n\t\t\t\t\t\t\t\t\t<\/ol>\n\n\t\t\t\t<div class=\"sow-slide-nav sow-slide-nav-next\">\n\t\t\t\t\t<a href=\"#\" data-goto=\"next\" aria-label=\"next slide\" data-action=\"next\">\n\t\t\t\t\t\t<em class=\"sow-sld-icon-thin-right\"><\/em>\n\t\t\t\t\t<\/a>\n\t\t\t\t<\/div>\n\n\t\t\t\t<div class=\"sow-slide-nav sow-slide-nav-prev\">\n\t\t\t\t\t<a href=\"#\" data-goto=\"previous\" aria-label=\"previous slide\" data-action=\"prev\">\n\t\t\t\t\t\t<em class=\"sow-sld-icon-thin-left\"><\/em>\n\t\t\t\t\t<\/a>\n\t\t\t\t<\/div>\n\t\t\t\t<\/div><\/div><\/div><\/div><\/div><\/div><div id=\"pg-93-5\"  class=\"panel-grid panel-has-style\" ><div class=\"siteorigin-panels-stretch panel-row-style panel-row-style-for-93-5\" data-stretch-type=\"full\" ><div id=\"pgc-93-5-0\"  class=\"panel-grid-cell\" ><div id=\"panel-93-5-0-0\" class=\"so-panel widget widget_sow-editor panel-first-child panel-last-child\" data-index=\"12\" ><div class=\"panel-widget-style panel-widget-style-for-93-5-0-0\" ><div\n\t\t\t\n\t\t\tclass=\"so-widget-sow-editor so-widget-sow-editor-base\"\n\t\t\t\n\t\t>\n<div class=\"siteorigin-widget-tinymce textwidget\">\n\t<p><strong>Programa\u00e7\u00e3o: 60h aula\/em uma semana de IMERS\u00c3O em ingl\u00eas PRESENCIAL + atividades extras<\/strong><\/p>\n<p><strong>Local<\/strong>: HOTEL CURITIBA CAMPO COMPRIDO<br \/>\n<strong>Hor\u00e1rio\/aulas<\/strong>: 08:00 as 18:00 incluindo caf\u00e9 da manh\u00e3, almo\u00e7o, intervalos para lanches e atividades extras das 20:00 as 22:00<\/p>\n<p><strong>Dias<\/strong>: S\u00e1bado \u00e0 noite a sexta a noite. (Chegada e apresenta\u00e7\u00e3o na sexta)<br \/>\n<strong>N\u00edvel<\/strong>: \u00a0Intermedi\u00e1rio ao Avan\u00e7ado<br \/>\n<strong>Total de horas por semana\/imers\u00e3o<\/strong>: 60h\/aula + atividades extras<\/p>\n<\/div>\n<\/div><\/div><\/div><\/div><div id=\"pgc-93-5-1\"  class=\"panel-grid-cell\" ><div id=\"panel-93-5-1-0\" class=\"so-panel widget widget_sow-editor panel-first-child panel-last-child\" data-index=\"13\" ><div\n\t\t\t\n\t\t\tclass=\"so-widget-sow-editor so-widget-sow-editor-base\"\n\t\t\t\n\t\t>\n<div class=\"siteorigin-widget-tinymce textwidget\">\n\t<p><strong>Dura\u00e7\u00e3o<\/strong>: 7 dias sequenciais de IMERS\u00c3O em INGL\u00caS PRESENCIAL (60h).<\/p>\n<p>(O aluno dorme no hotel \u2013 material, refei\u00e7\u00f5es, e acomoda\u00e7\u00e3o inclusos)<br \/>\n<strong>Horas por dia<\/strong>\u00a0: 8h\/aula + atividades extras<br \/>\n<strong>Valor com su\u00edte individual:<\/strong>\u00a0 3.369,00 (2 x 1684,00)<\/p>\n<p><strong>Valor com su\u00edte compartilhada (duas pessoas<\/strong>: 2.774,00 (2 x 1137,00)<\/p>\n<p><strong>Valor com su\u00edte para tr\u00eas pessoas: <\/strong>a combinar<br \/>\n<strong>Material:<\/strong>\u00a0valor incluso<br \/>\n<strong>In\u00edcio<\/strong>: 4 vezes ao ano. Checar calend\u00e1rio.<\/p>\n<p><strong><\/strong><\/p>\n<\/div>\n<\/div><\/div><\/div><div id=\"pgc-93-5-2\"  class=\"panel-grid-cell\" ><div id=\"panel-93-5-2-0\" class=\"so-panel widget widget_sow-image panel-first-child panel-last-child\" data-index=\"14\" ><div\n\t\t\t\n\t\t\tclass=\"so-widget-sow-image so-widget-sow-image-default-d6014b76747a-93\"\n\t\t\t\n\t\t>\n\n<div class=\"sow-image-container\">\n\t\t<img src=\"https:\/\/ww2.btcenglish.com.br\/wordpress\/wp-content\/uploads\/2015\/08\/e837b1062ef4043ecd0b4204e2445b97e674ead61eb9134797_1920.jpg\" width=\"1920\" height=\"1280\" srcset=\"https:\/\/ww2.btcenglish.com.br\/wordpress\/wp-content\/uploads\/2015\/08\/e837b1062ef4043ecd0b4204e2445b97e674ead61eb9134797_1920.jpg 1920w, https:\/\/ww2.btcenglish.com.br\/wordpress\/wp-content\/uploads\/2015\/08\/e837b1062ef4043ecd0b4204e2445b97e674ead61eb9134797_1920-300x200.jpg 300w, https:\/\/ww2.btcenglish.com.br\/wordpress\/wp-content\/uploads\/2015\/08\/e837b1062ef4043ecd0b4204e2445b97e674ead61eb9134797_1920-768x512.jpg 768w, https:\/\/ww2.btcenglish.com.br\/wordpress\/wp-content\/uploads\/2015\/08\/e837b1062ef4043ecd0b4204e2445b97e674ead61eb9134797_1920-1024x683.jpg 1024w, https:\/\/ww2.btcenglish.com.br\/wordpress\/wp-content\/uploads\/2015\/08\/e837b1062ef4043ecd0b4204e2445b97e674ead61eb9134797_1920-360x240.jpg 360w, https:\/\/ww2.btcenglish.com.br\/wordpress\/wp-content\/uploads\/2015\/08\/e837b1062ef4043ecd0b4204e2445b97e674ead61eb9134797_1920-272x182.jpg 272w\" sizes=\"(max-width: 1920px) 100vw, 1920px\" alt=\"\" loading=\"lazy\" \t\tclass=\"so-widget-image\"\/>\n\t<\/div>\n\n<\/div><\/div><\/div><\/div><\/div><div id=\"pg-93-6\"  class=\"panel-grid panel-has-style\" ><div class=\"panel-row-style panel-row-style-for-93-6\" ><div id=\"pgc-93-6-0\"  class=\"panel-grid-cell\" ><div id=\"panel-93-6-0-0\" class=\"so-panel widget widget_sow-editor panel-first-child panel-last-child\" data-index=\"15\" ><div class=\"panel-widget-style panel-widget-style-for-93-6-0-0\" ><div\n\t\t\t\n\t\t\tclass=\"so-widget-sow-editor so-widget-sow-editor-base\"\n\t\t\t\n\t\t><h3 class=\"widget-title\">N\u00cdVEL 6<\/h3>\n<div class=\"siteorigin-widget-tinymce textwidget\">\n\t<p>Aperfei\u00e7oamento da <u>escrita,<\/u> paralelo a leitura, conversa\u00e7\u00e3o, exerc\u00edcios e vocabul\u00e1rio direcionados.<\/p>\n<p style=\"text-align: left;\">(60h)<\/p>\n<\/div>\n<\/div><\/div><\/div><\/div><div id=\"pgc-93-6-1\"  class=\"panel-grid-cell\" ><div id=\"panel-93-6-1-0\" class=\"so-panel widget widget_sow-editor panel-first-child panel-last-child\" data-index=\"16\" ><div class=\"panel-widget-style panel-widget-style-for-93-6-1-0\" ><div\n\t\t\t\n\t\t\tclass=\"so-widget-sow-editor so-widget-sow-editor-base\"\n\t\t\t\n\t\t><h3 class=\"widget-title\">N\u00cdVEL 7<\/h3>\n<div class=\"siteorigin-widget-tinymce textwidget\">\n\t<p>Foco em <u>listening<\/u>, paralelo a leitura, conversa\u00e7\u00e3o, exerc\u00edcios e vocabul\u00e1rio direcionados.<\/p>\n<p>(60h)<\/p>\n<\/div>\n<\/div><\/div><\/div><\/div><div id=\"pgc-93-6-2\"  class=\"panel-grid-cell\" ><div id=\"panel-93-6-2-0\" class=\"so-panel widget widget_sow-editor panel-first-child panel-last-child\" data-index=\"17\" ><div class=\"panel-widget-style panel-widget-style-for-93-6-2-0\" ><div\n\t\t\t\n\t\t\tclass=\"so-widget-sow-editor so-widget-sow-editor-base\"\n\t\t\t\n\t\t><h3 class=\"widget-title\">N\u00cdVEL 8<\/h3>\n<div class=\"siteorigin-widget-tinymce textwidget\">\n\t<p><u>Phrasal Verbs<\/u> \u2013 A l\u00edngua inglesa \u00e9 vista por uma outra perspectiva. Este curso abre horizontes para melhor entendimento de filmes, m\u00fasicas e o ingl\u00eas realmente falado por nativos quando se comunicam entre eles, n\u00e3o com um estrangeiro.<\/p>\n<p>(60h)<\/p>\n<\/div>\n<\/div><\/div><\/div><\/div><div id=\"pgc-93-6-3\"  class=\"panel-grid-cell\" ><div id=\"panel-93-6-3-0\" class=\"so-panel widget widget_sow-editor panel-first-child panel-last-child\" data-index=\"18\" ><div class=\"panel-widget-style panel-widget-style-for-93-6-3-0\" ><div\n\t\t\t\n\t\t\tclass=\"so-widget-sow-editor so-widget-sow-editor-base\"\n\t\t\t\n\t\t><h3 class=\"widget-title\">N\u00cdVEL 9<\/h3>\n<div class=\"siteorigin-widget-tinymce textwidget\">\n\t<p><strong>Linguagem Comercial A ou Prepara\u00e7\u00e3o para Exames Internacionais,<\/strong>\u00a0paralelo a leitura, conversa\u00e7\u00e3o exerc\u00edcios de apoio e material audiovisual.<\/p>\n<p>(60h)<\/p>\n<\/div>\n<\/div><\/div><\/div><\/div><div id=\"pgc-93-6-4\"  class=\"panel-grid-cell\" ><div id=\"panel-93-6-4-0\" class=\"so-panel widget widget_sow-editor panel-first-child panel-last-child\" data-index=\"19\" ><div class=\"panel-widget-style panel-widget-style-for-93-6-4-0\" ><div\n\t\t\t\n\t\t\tclass=\"so-widget-sow-editor so-widget-sow-editor-base\"\n\t\t\t\n\t\t><h3 class=\"widget-title\">N\u00cdVEL 10<\/h3>\n<div class=\"siteorigin-widget-tinymce textwidget\">\n\t<p><strong>Linguagem Comercial B ou Prepara\u00e7\u00e3o para exames internacionais<\/strong><u>,<\/u> paralelo a leitura, conversa\u00e7\u00e3o exerc\u00edcios de apoio e material audiovisual. Continua\u00e7\u00e3o do n\u00edvel anterior.<\/p>\n<p>(60h)<\/p>\n<\/div>\n<\/div><\/div><\/div><\/div><\/div><\/div><div id=\"pg-93-7\"  class=\"panel-grid panel-has-style\" ><div class=\"siteorigin-panels-stretch panel-row-style panel-row-style-for-93-7\" data-stretch-type=\"full\" ><div id=\"pgc-93-7-0\"  class=\"panel-grid-cell\" ><div id=\"panel-93-7-0-0\" class=\"so-panel widget widget_sow-button panel-first-child panel-last-child\" data-index=\"20\" ><div class=\"panel-widget-style panel-widget-style-for-93-7-0-0\" ><div\n\t\t\t\n\t\t\tclass=\"so-widget-sow-button so-widget-sow-button-flat-29c4ac5aca16-93\"\n\t\t\t\n\t\t><div class=\"ow-button-base ow-button-align-left\">\n\t<a href=\"http:\/\/ww2.btcenglish.com.br\/wordpress\/fale-conosco\/\" class=\"ow-icon-placement-left ow-button-hover\" \t\t>\n\t\t<span>\n\t\t\t<span class=\"sow-icon-fontawesome sow-fas\" data-sow-icon=\"&#xf0a1;\"\n\t\t \n\t\taria-hidden=\"true\"><\/span>\n\t\t\tMatricule-se\t\t<\/span>\n\t<\/a>\n<\/div>\n<\/div><\/div><\/div><\/div><div id=\"pgc-93-7-1\"  class=\"panel-grid-cell\" ><div id=\"panel-93-7-1-0\" class=\"so-panel widget widget_sow-editor panel-first-child panel-last-child\" data-index=\"21\" ><div\n\t\t\t\n\t\t\tclass=\"so-widget-sow-editor so-widget-sow-editor-base\"\n\t\t\t\n\t\t>\n<div class=\"siteorigin-widget-tinymce textwidget\">\n\t<\/div>\n<\/div><\/div><\/div><\/div><\/div><div id=\"pg-93-8\"  class=\"panel-grid panel-has-style\" ><div class=\"panel-row-style panel-row-style-for-93-8\" ><div id=\"pgc-93-8-0\"  class=\"panel-grid-cell\" ><div id=\"panel-93-8-0-0\" class=\"so-panel widget widget_sow-editor panel-first-child panel-last-child\" data-index=\"22\" ><div\n\t\t\t\n\t\t\tclass=\"so-widget-sow-editor so-widget-sow-editor-base\"\n\t\t\t\n\t\t>\n<div class=\"siteorigin-widget-tinymce textwidget\">\n\t<p style=\"text-align: center;\"><strong>Se voc\u00ea tiver qualquer d\u00favida, por favor, n\u00e3o hesite em nos contatar.\u00a0<\/strong><\/p>\n<p style=\"text-align: center;\"><strong>FLEXIBILIDADE \u00c9 A ALMA DO NEG\u00d3CIO. NADA \u00c9 PROBLEMA, E PARA TUDO EXISTE SOLU\u00c7\u00c3O.<\/strong><\/p>\n<p style=\"text-align: center;\">Email:\u00a0<a href=\"mailto:btc@btcenglish.com.br\"><strong>btc@btcenglish.com.br<\/strong><\/a><\/p>\n<p style=\"text-align: center;\"><strong>Nosso Whatsapp: (41) 98750-5570<\/strong><\/p>\n<\/div>\n<\/div><\/div><\/div><\/div><\/div><\/div>","protected":false},"excerpt":{"rendered":"<p>Programa\u00e7\u00e3o: 60h aula\/em UMA SEMANA\u00a0 DE IMERS\u00c3O PRESENCIAL EM INGLES + atividades extras Local: HOTEL CURITIBA CAMPO COMPRIDO Hor\u00e1rio\/aulas: 08:00 as 18:00 incluindo caf\u00e9 da manh\u00e3, almo\u00e7o, intervalos para lanches e atividades extras das 20:00 as 21:00 Dias: Sexta a noite\u00a0 a sexta a noite. (Chegada e Apresenta\u00e7\u00e3o na sexta [&hellip;]<\/p>\n","protected":false},"author":1,"featured_media":0,"parent":0,"menu_order":0,"comment_status":"closed","ping_status":"closed","template":"page-templates\/template-pagebuilder-full-width.php","meta":[],"_links":{"self":[{"href":"https:\/\/ww2.btcenglish.com.br\/wordpress\/wp-json\/wp\/v2\/pages\/93"}],"collection":[{"href":"https:\/\/ww2.btcenglish.com.br\/wordpress\/wp-json\/wp\/v2\/pages"}],"about":[{"href":"https:\/\/ww2.btcenglish.com.br\/wordpress\/wp-json\/wp\/v2\/types\/page"}],"author":[{"embeddable":true,"href":"https:\/\/ww2.btcenglish.com.br\/wordpress\/wp-json\/wp\/v2\/users\/1"}],"replies":[{"embeddable":true,"href":"https:\/\/ww2.btcenglish.com.br\/wordpress\/wp-json\/wp\/v2\/comments?post=93"}],"version-history":[{"count":107,"href":"https:\/\/ww2.btcenglish.com.br\/wordpress\/wp-json\/wp\/v2\/pages\/93\/revisions"}],"predecessor-version":[{"id":4702,"href":"https:\/\/ww2.btcenglish.com.br\/wordpress\/wp-json\/wp\/v2\/pages\/93\/revisions\/4702"}],"wp:attachment":[{"href":"https:\/\/ww2.btcenglish.com.br\/wordpress\/wp-json\/wp\/v2\/media?parent=93"}],"curies":[{"name":"wp","href":"https:\/\/api.w.org\/{rel}","templated":true}]}}