{"id":67,"date":"2015-08-17T19:30:01","date_gmt":"2015-08-17T19:30:01","guid":{"rendered":"http:\/\/ww2.btcenglish.com.br\/wordpress\/?page_id=67"},"modified":"2020-12-16T00:20:17","modified_gmt":"2020-12-16T03:20:17","slug":"cursos","status":"publish","type":"page","link":"https:\/\/ww2.btcenglish.com.br\/wordpress\/cursos\/","title":{"rendered":""},"content":{"rendered":"<div id=\"pl-gb67-69f8a8786200b\"  class=\"panel-layout\" ><div id=\"pg-gb67-69f8a8786200b-0\"  class=\"panel-grid panel-no-style\" ><div id=\"pgc-gb67-69f8a8786200b-0-0\"  class=\"panel-grid-cell\" ><div id=\"panel-gb67-69f8a8786200b-0-0-0\" class=\"so-panel widget widget_sow-hero panel-first-child panel-last-child\" data-index=\"0\" ><div\n\t\t\t\n\t\t\tclass=\"so-widget-sow-hero so-widget-sow-hero-default-ad58dcaec361-67\"\n\t\t\t\n\t\t><div class=\"sow-slider-base\" style=\"display: none\"><ul\n\t\t\t\t\tclass=\"sow-slider-images\"\n\t\t\t\t\tdata-settings=\"{&quot;pagination&quot;:true,&quot;speed&quot;:800,&quot;timeout&quot;:8000,&quot;paused&quot;:false,&quot;pause_on_hover&quot;:false,&quot;swipe&quot;:false,&quot;nav_always_show_desktop&quot;:&quot;&quot;,&quot;nav_always_show_mobile&quot;:&quot;&quot;,&quot;breakpoint&quot;:&quot;780px&quot;,&quot;unmute&quot;:false,&quot;anchor&quot;:null}\"\n\t\t\t\t\t\t\t\t\t\tdata-anchor-id=\"\"\n\t\t\t\t>\t\t<li class=\"sow-slider-image  sow-slider-image-cover\" style=\"background-color: #333333\" >\n\t\t\t\t\t<div class=\"sow-slider-image-container\">\n\t\t\t<div class=\"sow-slider-image-wrapper\">\n\t\t\t\t<h1 style=\"text-align: center\">Curso para estrangeiros<\/h1>\n\t\t\t<\/div>\n\t\t<\/div>\n\t\t<div class=\"sow-slider-image-overlay sow-slider-image-cover\" style=\"background-image: url(https:\/\/ww2.btcenglish.com.br\/wordpress\/wp-content\/uploads\/2015\/08\/54e5d044495baa14f6d1867dda79307f1137c3e4555179497d277bdc91_1920.jpg);opacity: 0.4\"  ><\/div>\t\t<\/li>\n\t\t<\/ul>\t\t\t\t<ol class=\"sow-slider-pagination\">\n\t\t\t\t\t\t\t\t\t\t\t<li><a href=\"#\" data-goto=\"0\" aria-label=\"display slide 1\"><\/a><\/li>\n\t\t\t\t\t\t\t\t\t<\/ol>\n\n\t\t\t\t<div class=\"sow-slide-nav sow-slide-nav-next\">\n\t\t\t\t\t<a href=\"#\" data-goto=\"next\" aria-label=\"next slide\" data-action=\"next\">\n\t\t\t\t\t\t<em class=\"sow-sld-icon-thin-right\"><\/em>\n\t\t\t\t\t<\/a>\n\t\t\t\t<\/div>\n\n\t\t\t\t<div class=\"sow-slide-nav sow-slide-nav-prev\">\n\t\t\t\t\t<a href=\"#\" data-goto=\"previous\" aria-label=\"previous slide\" data-action=\"prev\">\n\t\t\t\t\t\t<em class=\"sow-sld-icon-thin-left\"><\/em>\n\t\t\t\t\t<\/a>\n\t\t\t\t<\/div>\n\t\t\t\t<\/div><\/div><\/div><\/div><\/div><div id=\"pg-gb67-69f8a8786200b-1\"  class=\"panel-grid panel-no-style\" ><div id=\"pgc-gb67-69f8a8786200b-1-0\"  class=\"panel-grid-cell\" ><div id=\"panel-gb67-69f8a8786200b-1-0-0\" class=\"so-panel widget widget_sow-editor panel-first-child panel-last-child\" data-index=\"1\" ><div\n\t\t\t\n\t\t\tclass=\"so-widget-sow-editor so-widget-sow-editor-base\"\n\t\t\t\n\t\t>\n<div class=\"siteorigin-widget-tinymce textwidget\">\n\t<p>Confira abaixo os cursos que a BTC English oferece:<\/p>\n<ul>\n<li><a href=\"http:\/\/ww2.btcenglish.com.br\/wordpress\/cursos-para-estrangeiros\/\">Curso para estrangeiros<\/a><\/li>\n<li><a href=\"http:\/\/ww2.btcenglish.com.br\/wordpress\/curso-de-imersao-nivel-basico-ao-intermediario\/\"><span>Curso de Imers\u00e3o N\u00edvel B\u00e1sico ao Intermedi\u00e1rio<\/span><\/a><\/li>\n<li><a href=\"http:\/\/ww2.btcenglish.com.br\/wordpress\/curso-de-imersao-nivel-intermediario-ao-avancado\/\"><span>Curso de Imers\u00e3o N\u00edvel Intermedi\u00e1rio ao Avan\u00e7ado<\/span><\/a><\/li>\n<li><a href=\"http:\/\/ww2.btcenglish.com.br\/wordpress\/cursos-tecnicos-em-ingles\/\"><span>Curso de Ingl\u00eas T\u00e9cnico e Comercial<\/span><\/a><\/li>\n<\/ul>\n<\/div>\n<\/div><\/div><\/div><\/div><\/div>","protected":false},"excerpt":{"rendered":"<p>Confira abaixo os cursos que a BTC English oferece: Curso para estrangeiros Curso de Imers\u00e3o N\u00edvel B\u00e1sico ao Intermedi\u00e1rio Curso de Imers\u00e3o N\u00edvel Intermedi\u00e1rio ao Avan\u00e7ado Curso de Ingl\u00eas T\u00e9cnico e Comercial<\/p>\n","protected":false},"author":1,"featured_media":4376,"parent":0,"menu_order":0,"comment_status":"closed","ping_status":"open","template":"page-templates\/template-pagebuilder-full-width.php","meta":[],"_links":{"self":[{"href":"https:\/\/ww2.btcenglish.com.br\/wordpress\/wp-json\/wp\/v2\/pages\/67"}],"collection":[{"href":"https:\/\/ww2.btcenglish.com.br\/wordpress\/wp-json\/wp\/v2\/pages"}],"about":[{"href":"https:\/\/ww2.btcenglish.com.br\/wordpress\/wp-json\/wp\/v2\/types\/page"}],"author":[{"embeddable":true,"href":"https:\/\/ww2.btcenglish.com.br\/wordpress\/wp-json\/wp\/v2\/users\/1"}],"replies":[{"embeddable":true,"href":"https:\/\/ww2.btcenglish.com.br\/wordpress\/wp-json\/wp\/v2\/comments?post=67"}],"version-history":[{"count":20,"href":"https:\/\/ww2.btcenglish.com.br\/wordpress\/wp-json\/wp\/v2\/pages\/67\/revisions"}],"predecessor-version":[{"id":4626,"href":"https:\/\/ww2.btcenglish.com.br\/wordpress\/wp-json\/wp\/v2\/pages\/67\/revisions\/4626"}],"wp:featuredmedia":[{"embeddable":true,"href":"https:\/\/ww2.btcenglish.com.br\/wordpress\/wp-json\/wp\/v2\/media\/4376"}],"wp:attachment":[{"href":"https:\/\/ww2.btcenglish.com.br\/wordpress\/wp-json\/wp\/v2\/media?parent=67"}],"curies":[{"name":"wp","href":"https:\/\/api.w.org\/{rel}","templated":true}]}}