{"id":1706,"date":"2015-11-19T13:43:00","date_gmt":"2015-11-19T16:43:00","guid":{"rendered":"http:\/\/ww2.btcenglish.com.br\/wordpress\/?page_id=1706"},"modified":"2021-12-08T19:28:58","modified_gmt":"2021-12-08T22:28:58","slug":"valores-mensalidades","status":"publish","type":"page","link":"https:\/\/ww2.btcenglish.com.br\/wordpress\/valores-mensalidades\/","title":{"rendered":"MENSALIDADES e MATERIAIS"},"content":{"rendered":"<div id=\"pl-1706\"  class=\"panel-layout\" ><div id=\"pg-1706-0\"  class=\"panel-grid panel-no-style\" ><div id=\"pgc-1706-0-0\"  class=\"panel-grid-cell\" ><div id=\"panel-1706-0-0-0\" class=\"so-panel widget widget_sow-hero panel-first-child panel-last-child\" data-index=\"0\" ><div\n\t\t\t\n\t\t\tclass=\"so-widget-sow-hero so-widget-sow-hero-default-60e2c480c68f-1706\"\n\t\t\t\n\t\t><div class=\"sow-slider-base\" style=\"display: none\"><ul\n\t\t\t\t\tclass=\"sow-slider-images\"\n\t\t\t\t\tdata-settings=\"{&quot;pagination&quot;:true,&quot;speed&quot;:800,&quot;timeout&quot;:8000,&quot;paused&quot;:false,&quot;pause_on_hover&quot;:false,&quot;swipe&quot;:false,&quot;nav_always_show_desktop&quot;:&quot;&quot;,&quot;nav_always_show_mobile&quot;:&quot;&quot;,&quot;breakpoint&quot;:&quot;780px&quot;,&quot;unmute&quot;:false,&quot;anchor&quot;:null}\"\n\t\t\t\t\t\t\t\t\t\tdata-anchor-id=\"\"\n\t\t\t\t>\t\t<li class=\"sow-slider-image  sow-slider-image-cover\" style=\"background-color: #333333\" >\n\t\t\t\t\t<div class=\"sow-slider-image-container\">\n\t\t\t<div class=\"sow-slider-image-wrapper\">\n\t\t\t\t<h1 style=\"text-align: center\"><span style=\"color: #ffffff\">MENSALIDADES e MATERIAIS<\/span><\/h1>\t\t\t<\/div>\n\t\t<\/div>\n\t\t<div class=\"sow-slider-image-overlay sow-slider-image-cover\" style=\"background-image: url(https:\/\/ww2.btcenglish.com.br\/wordpress\/wp-content\/uploads\/2015\/11\/e83cb80f2cf1023ecd0b4204e2445b97e673e5d410b6124094_1920.jpg);opacity: 0.4\"  ><\/div>\t\t<\/li>\n\t\t<\/ul>\t\t\t\t<ol class=\"sow-slider-pagination\">\n\t\t\t\t\t\t\t\t\t\t\t<li><a href=\"#\" data-goto=\"0\" aria-label=\"display slide 1\"><\/a><\/li>\n\t\t\t\t\t\t\t\t\t<\/ol>\n\n\t\t\t\t<div class=\"sow-slide-nav sow-slide-nav-next\">\n\t\t\t\t\t<a href=\"#\" data-goto=\"next\" aria-label=\"next slide\" data-action=\"next\">\n\t\t\t\t\t\t<em class=\"sow-sld-icon-ultra-thin-right\"><\/em>\n\t\t\t\t\t<\/a>\n\t\t\t\t<\/div>\n\n\t\t\t\t<div class=\"sow-slide-nav sow-slide-nav-prev\">\n\t\t\t\t\t<a href=\"#\" data-goto=\"previous\" aria-label=\"previous slide\" data-action=\"prev\">\n\t\t\t\t\t\t<em class=\"sow-sld-icon-ultra-thin-left\"><\/em>\n\t\t\t\t\t<\/a>\n\t\t\t\t<\/div>\n\t\t\t\t<\/div><\/div><\/div><\/div><\/div><div id=\"pg-1706-1\"  class=\"panel-grid panel-has-style\" ><div class=\"panel-row-style panel-row-style-for-1706-1\" ><div id=\"pgc-1706-1-0\"  class=\"panel-grid-cell\" ><div id=\"panel-1706-1-0-0\" class=\"so-panel widget widget_sow-editor panel-first-child\" data-index=\"1\" ><div class=\"panel-widget-style panel-widget-style-for-1706-1-0-0\" ><div\n\t\t\t\n\t\t\tclass=\"so-widget-sow-editor so-widget-sow-editor-base\"\n\t\t\t\n\t\t><h3 class=\"widget-title\">PROGRAMA DE IMERS\u00c3O 1- Sete dias sequenciais - Presencial COM hospedagem<\/h3>\n<div class=\"siteorigin-widget-tinymce textwidget\">\n\t<p><strong>Programa\u00e7\u00e3o 1 : 60h aula\/em uma semana de IMERS\u00c3O em ingl\u00eas PRESENCIAL + atividades extras<\/strong><\/p>\n<p><strong>Local<\/strong>: HOTEL CURITIBA CAMPO COMPRIDO<\/p>\n<p><a href=\"http:\/\/hotelcuritibacampocomprido.com.br\/curitiba\/hotel\/bairro-campo-comprido\/\">http:\/\/hotelcuritibacampocomprido.com.br\/curitiba\/hotel\/bairro-campo-comprido\/<\/a><\/p>\n<p><strong>Hor\u00e1rio\/aulas<\/strong>: 08:00 as 18:00 incluindo caf\u00e9 da manh\u00e3, almo\u00e7o, intervalos para lanches.<\/p>\n<p><strong>Dias<\/strong>: Sexta a noite\u00a0 a sexta as 18:00. (apresenta\u00e7\u00e3o na sexta a noite. Chegada as 19:00)<br \/>\n<strong>N\u00edvel<\/strong>: B\u00e1sico ao Intermedi\u00e1rio, ou Intermedi\u00e1rio ao Avan\u00e7ado<br \/>\n<strong>Total de horas por semana\/imers\u00e3o<\/strong>: 60h\/aula + atividades extras<\/p>\n<p><strong>Dura\u00e7\u00e3o<\/strong>: 7 dias cada n\u00edvel.<\/p>\n<p>(O aluno dorme no hotel \u2013 material, refei\u00e7\u00f5es, e acomoda\u00e7\u00e3o inclusos)<br \/>\n<strong>Horas por dia<\/strong>\u00a0: 8h\/aula + atividades extras<br \/>\n<strong>Valor com su\u00edte individual:<\/strong>\u00a0 4.255,00 (2 x 2.127,00)<\/p>\n<p><strong>Valor com su\u00edte compartilhada - duas pessoas<\/strong>: 4020,00 (2 x 2010,00)<\/p>\n<p><strong>Valor com su\u00edte para tr\u00eas pessoas: <\/strong>a combinar<br \/>\n<strong>Material:<\/strong> incluso<br \/>\n<strong>In\u00edcio<\/strong>: 4 vezes ao ano.<\/p>\n<\/div>\n<\/div><\/div><\/div><div id=\"panel-1706-1-0-1\" class=\"so-panel widget widget_sow-editor\" data-index=\"2\" ><div class=\"panel-widget-style panel-widget-style-for-1706-1-0-1\" ><div\n\t\t\t\n\t\t\tclass=\"so-widget-sow-editor so-widget-sow-editor-base\"\n\t\t\t\n\t\t><h3 class=\"widget-title\">PROGRAMA DE IMERS\u00c3O 2 - Quatro finais de semana sequenciais - Presencial COM hospedagem<\/h3>\n<div class=\"siteorigin-widget-tinymce textwidget\">\n\t<p><strong>Programa\u00e7\u00e3o 2 : 60h aula\/em 4 FINAIS DE SEMANA SEQUENCIAIS de imers\u00e3o PRESENCIAL em ingl\u00eas + atividades extras - COM HOSPEDAGEM<\/strong><\/p>\n<p><strong>Local<\/strong>: HOTEL CURITIBA CAMPO COMPRIDO<\/p>\n<p><a href=\"http:\/\/hotelcuritibacampocomprido.com.br\/curitiba\/hotel\/bairro-campo-comprido\/\">http:\/\/hotelcuritibacampocomprido.com.br\/curitiba\/hotel\/bairro-campo-comprido\/<\/a><\/p>\n<p><strong>Hor\u00e1rio\/aulas<\/strong>: 08:00 as 18:00 incluindo caf\u00e9 da manh\u00e3, almo\u00e7o, intervalos para lanches e atividades extras das 20:00 as 21:00<\/p>\n<p><strong>Dias<\/strong>: Sexta \u00e0 noite a domingo ao a noite. (Chegada e apresenta\u00e7\u00e3o na sexta a noite)<br \/>\n<strong>N\u00edvel<\/strong>: B\u00e1sico ao Intermedi\u00e1rio, ou Intermedi\u00e1rio ao Avan\u00e7ado<br \/>\n<strong>Total de horas por final de semana\/imers\u00e3o<\/strong>: 16h\/aula + atividades extras<\/p>\n<p><strong>Dura\u00e7\u00e3o<\/strong>: 8 dias cada n\u00edvel. (quatro finais de semana)<\/p>\n<p>(O aluno dorme no hotel. Material, refei\u00e7\u00f5es, e acomoda\u00e7\u00e3o inclusos)<br \/>\n<strong>Horas por dia<\/strong>: 8h\/aula + atividades extras<br \/>\n<strong>Valor com su\u00edte individual:<\/strong>\u00a0 4693,00 (2 x 2346,00)<\/p>\n<p><strong>Valor com su\u00edte duplo<\/strong>: 4421,00 (2 x 2210,00)<\/p>\n<p><strong>Valor com su\u00edte para tr\u00eas pessoas: <\/strong>a combinar<br \/>\n<strong>Material:<\/strong>\u00a0incluso<br \/>\n<strong>In\u00edcio<\/strong>: 4 vezes ao ano.<\/p>\n<\/div>\n<\/div><\/div><\/div><div id=\"panel-1706-1-0-2\" class=\"so-panel widget widget_sow-editor\" data-index=\"3\" ><div class=\"panel-widget-style panel-widget-style-for-1706-1-0-2\" ><div\n\t\t\t\n\t\t\tclass=\"so-widget-sow-editor so-widget-sow-editor-base\"\n\t\t\t\n\t\t><h3 class=\"widget-title\">PROGRAMA DE IMERS\u00c3O 3 -  Quatro finais de semana sequenciais - Presencial SEM hospedagem e sem refei\u00e7\u00f5es principais<\/h3>\n<div class=\"siteorigin-widget-tinymce textwidget\">\n\t<p><strong>Programa\u00e7\u00e3o 3 : 60h aula\/em 4 FINAIS DE SEMANA de imers\u00e3o PRESENCIAL em ingl\u00eas <\/strong><\/p>\n<p><strong>(N\u00e3o inclui hospedagem e refei\u00e7\u00f5es)<\/strong><\/p>\n<p><strong>Local<\/strong>: HOTEL CURITIBA CAMPO COMPRIDO<\/p>\n<p><a href=\"http:\/\/hotelcuritibacampocomprido.com.br\/curitiba\/hotel\/bairro-campo-comprido\/\">http:\/\/hotelcuritibacampocomprido.com.br\/curitiba\/hotel\/bairro-campo-comprido\/<\/a><\/p>\n<p><strong>Hor\u00e1rio\/aulas<\/strong>: 08:00 as 18:00 -<\/p>\n<p><strong>Dias<\/strong>: S\u00e1bado cedo a domingo a domingo final de tarde. (Chegada s\u00e1bado cedo)<br \/>\n<strong>N\u00edvel<\/strong>: B\u00e1sico ao Intermedi\u00e1rio, ou Intermedi\u00e1rio ao Avan\u00e7ado<br \/>\n<strong>Total de horas por final de semana\/imers\u00e3o<\/strong>: 16h\/aula<\/p>\n<p><strong>Dura\u00e7\u00e3o<\/strong>: 8 dias cada n\u00edvel. (quatro finais de semana - 60h)<\/p>\n<p>(O aluno tem trazer lanche ou sair para almo\u00e7ar - Ha restaurante pr\u00f3ximo)<br \/>\n<strong>Horas por dia<\/strong>: 8h\/aula<br \/>\n<strong>Valor:<\/strong>\u00a0 1316,00 (+ material)<\/p>\n<p>&nbsp;<\/p>\n<p><strong>Material:<\/strong> 245,00<br \/>\n<strong>In\u00edcio<\/strong>: 4 vezes ao ano.<\/p>\n<\/div>\n<\/div><\/div><\/div><div id=\"panel-1706-1-0-3\" class=\"so-panel widget widget_sow-editor\" data-index=\"4\" ><div class=\"panel-widget-style panel-widget-style-for-1706-1-0-3\" ><div\n\t\t\t\n\t\t\tclass=\"so-widget-sow-editor so-widget-sow-editor-base\"\n\t\t\t\n\t\t><h3 class=\"widget-title\">PROGRAMA 4 - PROGRAMAS IMERS\u00c3O COM 3h\/aula DI\u00c1RIAS ONLINE<\/h3>\n<div class=\"siteorigin-widget-tinymce textwidget\">\n\t<p><strong>PROGRAMA 4 -\u00a0 QUATRO SEMANAS DE IMERS\u00c3O - aulas\u00a0<\/strong><b>di\u00e1rias\u00a0 ONLINE<\/b><\/p>\n<p><strong>Horas\/aula:<\/strong> 3h\/dia<br \/>\n<strong>Dias:<\/strong> Segunda a Sexta<br \/>\n<strong>In\u00edcio:<\/strong> Janeiro\/fevereiro\/mar\u00e7o\/ abril\/maio\/junho\/julho\/agosto\/setembro\/outubro\/novembro<br \/>\n<strong>N\u00edveis por semestre:\u00a0<\/strong>cinco n\u00edveis<strong><\/strong><\/p>\n<p><strong>Valor: 1270,00<br \/>\n<\/strong><strong>Material:<\/strong><strong>\u00a0 R$ 245,00<\/strong><\/p>\n<\/div>\n<\/div><\/div><\/div><div id=\"panel-1706-1-0-4\" class=\"so-panel widget widget_sow-editor panel-last-child\" data-index=\"5\" ><div class=\"panel-widget-style panel-widget-style-for-1706-1-0-4\" ><div\n\t\t\t\n\t\t\tclass=\"so-widget-sow-editor so-widget-sow-editor-base\"\n\t\t\t\n\t\t><h3 class=\"widget-title\">PROGRAMA 5  - 60h aula\/em QUATRO FINAIS DE SEMANA SEQUENCIAIS de IMERS\u00c3O em INGLES - ONLINE<\/h3>\n<div class=\"siteorigin-widget-tinymce textwidget\">\n\t<p><strong>PROGRAMA 05: <\/strong><\/p>\n<p><strong>60h aula\/em QUATRO FINAIS DE SEMANA SEQUENCIAIS de IMERS\u00c3O em INGLES - ONLINE<\/strong><\/p>\n<p><strong>Local<\/strong>: HOTEL CURITIBA CAMPO COMPRIDO<br \/>\n<strong>Hor\u00e1rio\/aulas<\/strong>: 08:00 as 18:00<\/p>\n<p><strong>Dias<\/strong>: S\u00e1bado cedo \u00e0 domingo final de tarde.<br \/>\n<strong>N\u00edvel<\/strong>: B\u00e1sico ao Intermedi\u00e1rio<br \/>\n<strong>Total de horas por semana\/imers\u00e3o<\/strong>: 60h aula\/por n\u00edvel<\/p>\n<p><strong>Dura\u00e7\u00e3o<\/strong>: Quatro finais de semana sequenciais -\u00a0 cada n\u00edvel (60h).<\/p>\n<p><strong>Horas por dia<\/strong> : 8h\/aula<\/p>\n<p><strong>Valor: 1270,00<\/strong> (+ material)<\/p>\n<\/div>\n<\/div><\/div><\/div><\/div><\/div><\/div><\/div>","protected":false},"excerpt":{"rendered":"<p>Programa\u00e7\u00e3o 1 : 60h aula\/em uma semana de IMERS\u00c3O em ingl\u00eas PRESENCIAL + atividades extras Local: HOTEL CURITIBA CAMPO COMPRIDO http:\/\/hotelcuritibacampocomprido.com.br\/curitiba\/hotel\/bairro-campo-comprido\/ Hor\u00e1rio\/aulas: 08:00 as 18:00 incluindo caf\u00e9 da manh\u00e3, almo\u00e7o, intervalos para lanches. Dias: Sexta a noite\u00a0 a sexta as 18:00. (apresenta\u00e7\u00e3o na sexta a noite. Chegada as 19:00) N\u00edvel: [&hellip;]<\/p>\n","protected":false},"author":1,"featured_media":0,"parent":0,"menu_order":0,"comment_status":"closed","ping_status":"closed","template":"page-templates\/template-pagebuilder-full-width.php","meta":[],"_links":{"self":[{"href":"https:\/\/ww2.btcenglish.com.br\/wordpress\/wp-json\/wp\/v2\/pages\/1706"}],"collection":[{"href":"https:\/\/ww2.btcenglish.com.br\/wordpress\/wp-json\/wp\/v2\/pages"}],"about":[{"href":"https:\/\/ww2.btcenglish.com.br\/wordpress\/wp-json\/wp\/v2\/types\/page"}],"author":[{"embeddable":true,"href":"https:\/\/ww2.btcenglish.com.br\/wordpress\/wp-json\/wp\/v2\/users\/1"}],"replies":[{"embeddable":true,"href":"https:\/\/ww2.btcenglish.com.br\/wordpress\/wp-json\/wp\/v2\/comments?post=1706"}],"version-history":[{"count":122,"href":"https:\/\/ww2.btcenglish.com.br\/wordpress\/wp-json\/wp\/v2\/pages\/1706\/revisions"}],"predecessor-version":[{"id":4720,"href":"https:\/\/ww2.btcenglish.com.br\/wordpress\/wp-json\/wp\/v2\/pages\/1706\/revisions\/4720"}],"wp:attachment":[{"href":"https:\/\/ww2.btcenglish.com.br\/wordpress\/wp-json\/wp\/v2\/media?parent=1706"}],"curies":[{"name":"wp","href":"https:\/\/api.w.org\/{rel}","templated":true}]}}