{"id":1630,"date":"2015-11-06T10:20:52","date_gmt":"2015-11-06T13:20:52","guid":{"rendered":"http:\/\/ww2.btcenglish.com.br\/wordpress\/?page_id=1630"},"modified":"2020-10-04T23:55:12","modified_gmt":"2020-10-05T02:55:12","slug":"vantagens-em-estudar-na-btc-2","status":"publish","type":"page","link":"https:\/\/ww2.btcenglish.com.br\/wordpress\/vantagens-em-estudar-na-btc-2\/","title":{"rendered":"VANTAGENS em ESTUDAR NA BTC"},"content":{"rendered":"<div id=\"pl-1630\"  class=\"panel-layout\" ><div id=\"pg-1630-0\"  class=\"panel-grid panel-no-style\" ><div id=\"pgc-1630-0-0\"  class=\"panel-grid-cell\" ><div id=\"panel-1630-0-0-0\" class=\"so-panel widget widget_sow-editor panel-first-child panel-last-child\" data-index=\"0\" ><div\n\t\t\t\n\t\t\tclass=\"so-widget-sow-editor so-widget-sow-editor-base\"\n\t\t\t\n\t\t><h3 class=\"widget-title\">12 VANTAGENS em ESTUDAR na BTC<\/h3>\n<div class=\"siteorigin-widget-tinymce textwidget\">\n\t<ol>\n<li><span align=\"justify\">Na BTC voc\u00ea estuda ingl\u00eas <strong>COMO EM UMA FACULDADE<\/strong>: Voc\u00ea mergulha no idioma.<\/span><\/li>\n<li><span align=\"justify\"><strong><\/strong>O contato com o idioma e\u00a0<strong>DI\u00c1RIO<\/strong>!<\/span><\/li>\n<li><span align=\"justify\"><strong><\/strong><strong>O VALOR HORA\/AULA,\u00a0<\/strong>no programa imers\u00e3o, diminui quase 40% do valor hora\/aula em um programa A\u00a0longo prazo comparado a qualquer escola. \u00a0O\u00a0aluno pode mergulhar na l\u00edngua, e depois fazer um programa mais leve para aperfei\u00e7oamento.<\/span><\/li>\n<li><span align=\"justify\">Voc\u00ea aprende ingl\u00eas <strong>EM UM PARA\u00cdSO VERDE<\/strong> pr\u00f3ximo a cidade.<\/span><\/li>\n<li><span align=\"justify\"><strong><\/strong>Diferente de outras abordagens, na BTC o aluno recebe uma apresenta\u00e7\u00e3o de\u00a0<strong>TODA a GRAM\u00c1TICA DA L\u00cdNGUA INGLESA <\/strong>com rela\u00e7\u00e3o a estrutura\u00e7\u00e3o de frase e conjuga\u00e7\u00e3o verbal,\u00a0j\u00e1 nas primeiras 60h de aula. O\u00a0depois significa reciclagem gramatical, muita conversa\u00e7\u00e3o e aquisi\u00e7\u00e3o de vocabul\u00e1rio com aprimoramento da desenvoltura, flu\u00eancia e vocabul\u00e1rio<\/span><\/li>\n<li><span align=\"justify\"><strong><\/strong>Se voc\u00ea precisar dar uma pausa no estudo\u00a0<strong>sempre haver\u00e1 outro grupo atr\u00e1s de voc\u00ea para voc\u00ea dar continuidade de onde parou.\u00a0<\/strong>Da mesma forma, se o aluno escolhe um programa de pgto. com anteced\u00eancia, ele tem a op\u00e7\u00e3o de REEMBOLSO, com pagamento de multa por desist\u00eancia, \u00a0ou 1 ano de cr\u00e9dito para dar continuidade de onde parou com outros grupos.<\/span><\/li>\n<li><span align=\"justify\"><strong><\/strong>O programa imers\u00e3o da BTC \u00e9\u00a0<strong>COMPLETO<\/strong>: O aluno aprende a linguagem do dia a dia, com bagagem cultural, e tamb\u00e9m faz um programa espec\u00edfico sobre Phrasal Verbs e Idiomas.\u00a0Na sequ\u00eancia, um fechamento com 120h de Linguagem Comercial, as quais s\u00e3o divididas em comercio exterior, finan\u00e7as, economia, ou prepara\u00e7\u00e3o para exames internacionais.<\/span><\/li>\n<li><span align=\"justify\"><strong><\/strong>Nossos programas focam em programas de imers\u00e3o de TR\u00caS MODALIDADES e aulas a longo prazo online em grupo, ou particular.<\/span><\/li>\n<li><span align=\"justify\">O aluno tem a op\u00e7\u00e3o de fazer nossos programas em <strong>V\u00c1RIAS DATAS DE IN\u00cdCIO\u00a0<\/strong>durante o ano, ou os n\u00edveis que desejar, se estiver apto para encaixe.<\/span><\/li>\n<li><span align=\"justify\"><strong> <\/strong>Cada\u00a0<strong>n\u00edvel de 60h na BTC <\/strong>equivale um semestre a longo prazo.<\/span><\/li>\n<li><span align=\"justify\"><strong><\/strong><strong>Em um ano voc\u00ea estuda na BTC o que voc\u00ea estudaria em 5 anos em um programa a longo prazo<\/strong>, e depois voc\u00ea tem a op\u00e7\u00e3o de fazer um programa mais leve de aperfei\u00e7oamento: exames internacionais, manuten\u00e7\u00e3o do idioma, conversa\u00e7\u00e3o geral, linguagem t\u00e9cnica, etc.<\/span><\/li>\n<li><span align=\"justify\">Caso o aluno n\u00e3o tenha disponibilidade de hor\u00e1rio para fazer o programa de imers\u00e3o sequencial, \u00e9 poss\u00edvel faze-lo por partes, <strong>n\u00edveis separados quando a agenda permitir,\u00a0<\/strong>ou fazer o\u00a0<strong>PROGRAMA SEMI-IMERS\u00c3O.<\/strong><\/span><\/li>\n<\/ol>\n<\/div>\n<\/div><\/div><\/div><\/div><\/div>","protected":false},"excerpt":{"rendered":"<p>Na BTC voc\u00ea estuda ingl\u00eas COMO EM UMA FACULDADE: Voc\u00ea mergulha no idioma. O contato com o idioma e\u00a0DI\u00c1RIO! O VALOR HORA\/AULA,\u00a0no programa imers\u00e3o, diminui quase 40% do valor hora\/aula em um programa A\u00a0longo prazo comparado a qualquer escola. \u00a0O\u00a0aluno pode mergulhar na l\u00edngua, e depois fazer um programa mais [&hellip;]<\/p>\n","protected":false},"author":1,"featured_media":0,"parent":0,"menu_order":0,"comment_status":"closed","ping_status":"closed","template":"page-templates\/template-pagebuilder-full-width.php","meta":[],"_links":{"self":[{"href":"https:\/\/ww2.btcenglish.com.br\/wordpress\/wp-json\/wp\/v2\/pages\/1630"}],"collection":[{"href":"https:\/\/ww2.btcenglish.com.br\/wordpress\/wp-json\/wp\/v2\/pages"}],"about":[{"href":"https:\/\/ww2.btcenglish.com.br\/wordpress\/wp-json\/wp\/v2\/types\/page"}],"author":[{"embeddable":true,"href":"https:\/\/ww2.btcenglish.com.br\/wordpress\/wp-json\/wp\/v2\/users\/1"}],"replies":[{"embeddable":true,"href":"https:\/\/ww2.btcenglish.com.br\/wordpress\/wp-json\/wp\/v2\/comments?post=1630"}],"version-history":[{"count":19,"href":"https:\/\/ww2.btcenglish.com.br\/wordpress\/wp-json\/wp\/v2\/pages\/1630\/revisions"}],"predecessor-version":[{"id":4509,"href":"https:\/\/ww2.btcenglish.com.br\/wordpress\/wp-json\/wp\/v2\/pages\/1630\/revisions\/4509"}],"wp:attachment":[{"href":"https:\/\/ww2.btcenglish.com.br\/wordpress\/wp-json\/wp\/v2\/media?parent=1630"}],"curies":[{"name":"wp","href":"https:\/\/api.w.org\/{rel}","templated":true}]}}