{"id":1507,"date":"2015-10-30T13:15:56","date_gmt":"2015-10-30T16:15:56","guid":{"rendered":"http:\/\/ww2.btcenglish.com.br\/wordpress\/?page_id=1507"},"modified":"2020-12-02T13:46:42","modified_gmt":"2020-12-02T16:46:42","slug":"1507-2","status":"publish","type":"page","link":"https:\/\/ww2.btcenglish.com.br\/wordpress\/1507-2\/","title":{"rendered":"Depoimentos sobre a Abordagem Gram\u00e1tica Comparativa"},"content":{"rendered":"<div id=\"pl-gb1507-69f8a890f2c74\"  class=\"panel-layout\" ><div id=\"pg-gb1507-69f8a890f2c74-0\"  class=\"panel-grid panel-no-style\" ><div id=\"pgc-gb1507-69f8a890f2c74-0-0\"  class=\"panel-grid-cell\" ><div id=\"panel-gb1507-69f8a890f2c74-0-0-0\" class=\"so-panel widget widget_sow-hero panel-first-child panel-last-child\" data-index=\"0\" ><div\n\t\t\t\n\t\t\tclass=\"so-widget-sow-hero so-widget-sow-hero-default-24a92a04c955-1507 so-widget-fittext-wrapper\"\n\t\t\t data-fit-text-compressor=\"0.85\"\n\t\t><div class=\"sow-slider-base\" style=\"display: none\"><ul\n\t\t\t\t\tclass=\"sow-slider-images\"\n\t\t\t\t\tdata-settings=\"{&quot;pagination&quot;:true,&quot;speed&quot;:800,&quot;timeout&quot;:8000,&quot;paused&quot;:false,&quot;pause_on_hover&quot;:false,&quot;swipe&quot;:true,&quot;nav_always_show_desktop&quot;:&quot;&quot;,&quot;nav_always_show_mobile&quot;:&quot;&quot;,&quot;breakpoint&quot;:&quot;780px&quot;,&quot;unmute&quot;:false,&quot;anchor&quot;:null}\"\n\t\t\t\t\t\t\t\t\t\tdata-anchor-id=\"\"\n\t\t\t\t>\t\t<li class=\"sow-slider-image  sow-slider-image-cover\" style=\"background-color: #333333;background-image: url(https:\/\/ww2.btcenglish.com.br\/wordpress\/wp-content\/uploads\/2015\/10\/5fe2d64b4250b108feda8460962f367a1d22dfe05a57744b7c267cdc_1920.jpg)\" >\n\t\t\t\t\t<div class=\"sow-slider-image-container\">\n\t\t\t<div class=\"sow-slider-image-wrapper\">\n\t\t\t\t<h1 style=\"text-align: center\">DEPOIMENTOS<\/h1>\t\t\t<\/div>\n\t\t<\/div>\n\t\t\t\t<\/li>\n\t\t<\/ul>\t\t\t\t<ol class=\"sow-slider-pagination\">\n\t\t\t\t\t\t\t\t\t\t\t<li><a href=\"#\" data-goto=\"0\" aria-label=\"display slide 1\"><\/a><\/li>\n\t\t\t\t\t\t\t\t\t<\/ol>\n\n\t\t\t\t<div class=\"sow-slide-nav sow-slide-nav-next\">\n\t\t\t\t\t<a href=\"#\" data-goto=\"next\" aria-label=\"next slide\" data-action=\"next\">\n\t\t\t\t\t\t<em class=\"sow-sld-icon-thin-right\"><\/em>\n\t\t\t\t\t<\/a>\n\t\t\t\t<\/div>\n\n\t\t\t\t<div class=\"sow-slide-nav sow-slide-nav-prev\">\n\t\t\t\t\t<a href=\"#\" data-goto=\"previous\" aria-label=\"previous slide\" data-action=\"prev\">\n\t\t\t\t\t\t<em class=\"sow-sld-icon-thin-left\"><\/em>\n\t\t\t\t\t<\/a>\n\t\t\t\t<\/div>\n\t\t\t\t<\/div><\/div><\/div><\/div><\/div><div id=\"pg-gb1507-69f8a890f2c74-1\"  class=\"panel-grid panel-has-style\" ><div class=\"panel-row-style panel-row-style-for-gb1507-69f8a890f2c74-1\" ><div id=\"pgc-gb1507-69f8a890f2c74-1-0\"  class=\"panel-grid-cell\" ><div id=\"panel-gb1507-69f8a890f2c74-1-0-0\" class=\"so-panel widget widget_sow-hero panel-first-child panel-last-child\" data-index=\"1\" ><div class=\"panel-widget-style panel-widget-style-for-gb1507-69f8a890f2c74-1-0-0\" ><div\n\t\t\t\n\t\t\tclass=\"so-widget-sow-hero so-widget-sow-hero-default-ead3051115d9-1507 so-widget-fittext-wrapper\"\n\t\t\t data-fit-text-compressor=\"0.85\"\n\t\t><div class=\"sow-slider-base\" style=\"display: none\"><ul\n\t\t\t\t\tclass=\"sow-slider-images\"\n\t\t\t\t\tdata-settings=\"{&quot;pagination&quot;:true,&quot;speed&quot;:800,&quot;timeout&quot;:8000,&quot;paused&quot;:false,&quot;pause_on_hover&quot;:false,&quot;swipe&quot;:true,&quot;nav_always_show_desktop&quot;:&quot;&quot;,&quot;nav_always_show_mobile&quot;:&quot;&quot;,&quot;breakpoint&quot;:&quot;780px&quot;,&quot;unmute&quot;:false,&quot;anchor&quot;:null}\"\n\t\t\t\t\t\t\t\t\t\tdata-anchor-id=\"\"\n\t\t\t\t>\t\t<li class=\"sow-slider-image\" style=\"background-color: #ffffff\" >\n\t\t\t\t\t<div class=\"sow-slider-image-container\">\n\t\t\t<div class=\"sow-slider-image-wrapper\">\n\t\t\t\t<blockquote>Todas as pessoas que participaram da sua palestra no evento de Natal da Copel tiveram uma excelente impress\u00e3o sobre o teu trabalho.\n\nExcelente presen\u00e7a&#8230;\n\n\u00d3tima coloca\u00e7\u00e3o de id\u00e9ias&#8230;\n\nUma pessoa direta, que fala objetivamente&#8230;\n\nConseguiu vender muito bem seu produto e imagem&#8230;\n\nConseguiu conduzir muito bem sua apresenta\u00e7\u00e3o&#8230;\n\n<strong>Coordenador de Eventos Carlos Gianini<\/strong>\n\nCOPEL &#8211; PR<\/blockquote>\t\t\t<\/div>\n\t\t<\/div>\n\t\t\t\t<\/li>\n\t\t\t\t<li class=\"sow-slider-image\" style=\"background-color: #ffffff\" >\n\t\t\t\t\t<div class=\"sow-slider-image-container\">\n\t\t\t<div class=\"sow-slider-image-wrapper\">\n\t\t\t\t<p>\u201cCom prazer escrevo sobre esse assunto, pois al\u00e9m de apresentar um conte\u00fado muito forte e abrangente, o aul\u00e3o gramatical \u00e9 ministrado com profissionalismo raramente visto.<br \/>\nNota-se que na BTC existe realmente um compromisso com os alunos em informar, focar e encaminhar o conhecimento da lingua inglesa.\n<\/p>\n<p>\nPara concluir, afirmo por experi\u00eancia pr\u00f3pria, que o m\u00e9todo utilizado garante um aproveitamento muito superior ao convencional. O retorno do investimento \u00e9 certo!<br \/>\n\u201d.<\/p>\n<p><strong>Marcos Valenga<\/strong><\/p>\n<p>Renault do Brasil S\/A &#8211; S\u00e3o Jos\u00e9 dos Pinhais\/PR<\/p>\n\t\t\t<\/div>\n\t\t<\/div>\n\t\t\t\t<\/li>\n\t\t\t\t<li class=\"sow-slider-image\" style=\"background-color: #ffffff\" >\n\t\t\t\t\t<div class=\"sow-slider-image-container\">\n\t\t\t<div class=\"sow-slider-image-wrapper\">\n\t\t\t\t\u201cSeu livro me deu uma outra vis\u00e3o sobre o aprendizado da lingua inglesa. N\u00e3o tenho d\u00favidas que tudo ficou mais claro e a dificuldade em rela\u00e7\u00e3o aos tempos verbais foi eliminada, mudando totalmente minha desenvoltura ao falar.\n\nAcho, ainda, que \u00e9 um livro que deveria ser adotado em todos os cursinhos de ingl\u00eas para adultos, como um &#8220;guia de consulta&#8221; r\u00e1pido.\n\u201d\n\n<strong>Diretor Financeiro Antonio Eduardo Fonseca Abreu Jorge<\/strong>\n\nDrogaria Ros\u00e1rio Ltda &#8211; Curitiba\/PR\t\t\t<\/div>\n\t\t<\/div>\n\t\t\t\t<\/li>\n\t\t\t\t<li class=\"sow-slider-image\" style=\"background-color: #333333\" >\n\t\t\t\t\t<div class=\"sow-slider-image-container\">\n\t\t\t<div class=\"sow-slider-image-wrapper\">\n\t\t\t\t<p>\u201cCom rela\u00e7\u00e3o ao curso da Gram\u00e1tica Comparativa, eu achei que a did\u00e1tica \u00e9 bastante s\u00e9ria e clara. A metodologia provoca um encaixe nas coisas que sempre aprendeu e sempre teve d\u00favida ao utilizar. Gostei tamb\u00e9m das dicas sobre pron\u00fancia, pois isso foi muito importante pra mim. Aprender um idioma requer pr\u00e1tica, mas ter bons professores e uma metodologia eficiente te motivam a seguir adiante.\n<br \/>\nUm abra\u00e7o grande a todos vcs. Outra motivo das minhas indica\u00e7\u00f5es \u00e9 o ambiente da escola, muito acolhedor. Admiro as propostas culturais e projetos sociais de vcs.\u201d<\/p>\n<p><strong>Maria Helena Inssa<\/strong><\/p>\n<p>Worldwide Sales \/ Flexosteel<\/p>\t\t\t<\/div>\n\t\t<\/div>\n\t\t\t\t<\/li>\n\t\t\t\t<li class=\"sow-slider-image\" style=\"background-color: #333333\" >\n\t\t\t\t\t<div class=\"sow-slider-image-container\">\n\t\t\t<div class=\"sow-slider-image-wrapper\">\n\t\t\t\t<p>\u201cAprender a comunica\u00e7\u00e3o eficaz da L\u00edngua Inglesa ficou mais f\u00e1cil. Na realidade, para mim, compreender a Gram\u00e1tica e as suas regras, ao compar\u00e1-la com as demais l\u00ednguas, se tornou bastante simples. Os m\u00e9todos que at\u00e9 ent\u00e3o havia estudado, mesmo aquele utilizado por importante Franquia de Idiomas que tinha possu\u00eddo, s\u00e3o demorados e ignoram informa\u00e7\u00e3o fundamental. \u00c9 que os tempos verbais e regras s\u00e3o universais. \u00c9 no m\u00ednimo incoerente e desestimulante submeter-se a anos de aprendizado lento e gradual, de tempos verbais se em um \u00fanico momento podemos foca-los ao mesmo tempo atrav\u00e9s de um raciocionio l\u00f3gico do nosso dia a dia. Gram\u00e1tica Inglesa \u00e9 ficou mais f\u00e1cil ainda\u201d<\/p>\n<p><strong>Carlos Tortelli<\/strong><\/p>\n<p>Consult Group\n<br \/>Consult Consultoria de Gest\u00e3o e Treinamentos \n<br \/>Consult Consulting in Management and Training\n<\/p>\t\t\t<\/div>\n\t\t<\/div>\n\t\t\t\t<\/li>\n\t\t\t\t<li class=\"sow-slider-image\" style=\"background-color: #333333\" >\n\t\t\t\t\t<div class=\"sow-slider-image-container\">\n\t\t\t<div class=\"sow-slider-image-wrapper\">\n\t\t\t\t<p>\u201cVoc\u00ea conseguiu mostrar para mim que a l\u00edngua inglesa \u00e9 l\u00f3gica.\n<br \/>Parab\u00e9ns!\u201d<\/p>\n<p><strong>Carlos Le\u00e3o\n<br \/>Ex Diretor Regional  Paran\u00e1\/Santa Catarina da Embratel S\/A \n<br \/>S\u00f3cio Diretor da G-Cinco Solu\u00e7\u00f5es Empresariais\n<br \/>Curitiba<\/strong><\/p>\t\t\t<\/div>\n\t\t<\/div>\n\t\t\t\t<\/li>\n\t\t\t\t<li class=\"sow-slider-image\" style=\"background-color: #333333\" >\n\t\t\t\t\t<div class=\"sow-slider-image-container\">\n\t\t\t<div class=\"sow-slider-image-wrapper\">\n\t\t\t\t<p>Com certeza a metodologia empregada na Gram\u00e1tica Comparativa auxilia a simplificar o &#8220;uso&#8221; da l\u00edngua inglesa principalmente por aproxim\u00e1-la da nossa l\u00edngua nativa.  O esclarecimento em rela\u00e7\u00e3o ao uso dos tempos verbais simplifica bastante o seu entendimento.\n<br \/>\n<br \/>Muito obrigado.<\/p>\n<p><strong>Aglairton Jos\u00e9 Baridoti                                                                                            \n<br \/>Volvo do Brasil \n<\/strong><\/p>\t\t\t<\/div>\n\t\t<\/div>\n\t\t\t\t<\/li>\n\t\t\t\t<li class=\"sow-slider-image\" style=\"background-color: #333333\" >\n\t\t\t\t\t<div class=\"sow-slider-image-container\">\n\t\t\t<div class=\"sow-slider-image-wrapper\">\n\t\t\t\t<p>\u201cQuando comecei o curso na BTC, n\u00e3o tinha no\u00e7\u00e3o nenhuma, o verbo to be era uma inc\u00f3gnita, ap\u00f3s seis meses de curso intensivo, tenho condi\u00e7\u00f5es de me expressar na L\u00edngua Inglesa e entender o qu\u00ea \u00e9 dito, \u00e9 claro que meu vocabul\u00e1rio \u00e9 pequeno e preciso me aperfei\u00e7oar, mas a estrutura da l\u00edngua, aprendi na BTC com a Gram\u00e1tica Comparativa.\u201d<\/p>\n<p><strong>Marcos Buzzi.\n<br \/>Corretor de Seguros, Advanced &amp; Mindfull, \n<br \/>Curitiba, Paran\u00e1<\/strong><\/p>\t\t\t<\/div>\n\t\t<\/div>\n\t\t\t\t<\/li>\n\t\t\t\t<li class=\"sow-slider-image\" style=\"background-color: #333333\" >\n\t\t\t\t\t<div class=\"sow-slider-image-container\">\n\t\t\t<div class=\"sow-slider-image-wrapper\">\n\t\t\t\t<p>\u201cCreio que a Gram\u00e1tica Comparativa lhe d\u00e1 uma seguran\u00e7a para o entendimento  da l\u00edngua Inglesa, \u00e9 a base do estudo. O livro cont\u00e9m exemplos  nas duas L\u00ednguas, Portuguesa e Inglesa, com isso o aprendizado se torna f\u00e1cil e estimulante.\u201d<\/p>\n<p><strong>Maristela de Amorim Marchezetti\n<br \/>Nutricionista e ex-s\u00f3cia da Empresa Exal<\/strong><\/p>\t\t\t<\/div>\n\t\t<\/div>\n\t\t\t\t<\/li>\n\t\t\t\t<li class=\"sow-slider-image\" style=\"background-color: #333333\" >\n\t\t\t\t\t<div class=\"sow-slider-image-container\">\n\t\t\t<div class=\"sow-slider-image-wrapper\">\n\t\t\t\t<p>\u201cA Gramatica Comparativa me fez entender, escrever e falar o idioma com mais  facilidade. Foi sem d\u00favida a melhor maneira de aprender e compreender o ingl\u00eas.\u201d<\/p>\n<p><strong>C\u00e1ssio Marques\n<br \/>T\u00e9cnico em ADSL &#8211; Pampapar S.A.\n<br \/>Curitiba, Paran\u00e1.<\/strong><\/p>\t\t\t<\/div>\n\t\t<\/div>\n\t\t\t\t<\/li>\n\t\t\t\t<li class=\"sow-slider-image\" style=\"background-color: #333333\" >\n\t\t\t\t\t<div class=\"sow-slider-image-container\">\n\t\t\t<div class=\"sow-slider-image-wrapper\">\n\t\t\t\t<p>\u201cA gram\u00e1tica comparativa apresentada no curso do BTC foi simplesmente maravilhosa.  Nao precisamos exagerar nada, simplesmente perfeita!\n<br \/>\nUma revolu\u00e7\u00e3o no aprendizado.\n<br \/>\nUm conceito nota dez.\nParab\u00e9ns!\u201d<\/p>\n<p><strong>Celso Homero de Souza\n<br \/>Advogado Homero De Souza Advogados Associados\n<\/strong><\/p>\t\t\t<\/div>\n\t\t<\/div>\n\t\t\t\t<\/li>\n\t\t\t\t<li class=\"sow-slider-image\" style=\"background-color: #333333\" >\n\t\t\t\t\t<div class=\"sow-slider-image-container\">\n\t\t\t<div class=\"sow-slider-image-wrapper\">\n\t\t\t\t<p>\u201cH\u00e1 cerca de dez meses atr\u00e1s participei do curso \u201cRevis\u00e3o Gramatical Geral com base na Gram\u00e1tica Comparativa\u201d.\n\nEstudei a l\u00edngua inglesa durante seis anos na d\u00e9cada dos anos 80. Procurei a professora Marisol Isidoro para atualizar meus conhecimentos gramaticais nesta l\u00edngua. Foi com grande satisfa\u00e7\u00e3o que participei de seu curso o qual me proporcionou a desejada atualiza\u00e7\u00e3o de uma forma extremamente simples e direta.   \u201d<\/p>\n<p><strong>Marcelo Marciano de SouzaM\u00e9dico Veterin\u00e1rio\n<br \/>Laborat\u00f3rios Pfizer Ltda\n<br \/>Sa\u00fade Animal &#8211; Bovinos &#8211; Vendas<\/strong><\/p>\t\t\t<\/div>\n\t\t<\/div>\n\t\t\t\t<\/li>\n\t\t\t\t<li class=\"sow-slider-image\" style=\"background-color: #333333\" >\n\t\t\t\t\t<div class=\"sow-slider-image-container\">\n\t\t\t<div class=\"sow-slider-image-wrapper\">\n\t\t\t\t<p>\u201cO ensino da l\u00edngua inglesa atrav\u00e9s da Gram\u00e1tica Comparativa \u00e9 uma maneira totalmente incompar\u00e1vel e inovadora de aprendizado.\u201d<\/p>\n<p><strong>Carla Vinize Casagrande Gianini, \n<br \/>Advogada &#8211; Curitiba\/Pr.<\/strong><\/p>\t\t\t<\/div>\n\t\t<\/div>\n\t\t\t\t<\/li>\n\t\t\t\t<li class=\"sow-slider-image\" style=\"background-color: #333333\" >\n\t\t\t\t\t<div class=\"sow-slider-image-container\">\n\t\t\t<div class=\"sow-slider-image-wrapper\">\n\t\t\t\t\t\t\t<\/div>\n\t\t<\/div>\n\t\t\t\t<\/li>\n\t\t\t\t<li class=\"sow-slider-image\" style=\"background-color: #333333\" >\n\t\t\t\t\t<div class=\"sow-slider-image-container\">\n\t\t\t<div class=\"sow-slider-image-wrapper\">\n\t\t\t\t<p>\u201cFoi muito produtiva a revis\u00e3o pelo m\u00e9todo da gram\u00e1tica comparativa, pois elucidou muitas d\u00favidas\nque ficaram pendentes ao longo do per\u00edodo de estudo da l\u00edngua inglesa\u201d<\/p>\n<p><strong>Cleusa Maria Xavier\n<br \/>Volvo do Brasil Ve\u00edculos Ltda \/Contador\n<br \/>Curitiba\/PR<\/strong><\/p>\t\t\t<\/div>\n\t\t<\/div>\n\t\t\t\t<\/li>\n\t\t<\/ul>\t\t\t\t<ol class=\"sow-slider-pagination\">\n\t\t\t\t\t\t\t\t\t\t\t<li><a href=\"#\" data-goto=\"0\" aria-label=\"display slide 1\"><\/a><\/li>\n\t\t\t\t\t\t\t\t\t\t\t<li><a href=\"#\" data-goto=\"1\" aria-label=\"display slide 2\"><\/a><\/li>\n\t\t\t\t\t\t\t\t\t\t\t<li><a href=\"#\" data-goto=\"2\" aria-label=\"display slide 3\"><\/a><\/li>\n\t\t\t\t\t\t\t\t\t\t\t<li><a href=\"#\" data-goto=\"3\" aria-label=\"display slide 4\"><\/a><\/li>\n\t\t\t\t\t\t\t\t\t\t\t<li><a href=\"#\" data-goto=\"4\" aria-label=\"display slide 5\"><\/a><\/li>\n\t\t\t\t\t\t\t\t\t\t\t<li><a href=\"#\" data-goto=\"5\" aria-label=\"display slide 6\"><\/a><\/li>\n\t\t\t\t\t\t\t\t\t\t\t<li><a href=\"#\" data-goto=\"6\" aria-label=\"display slide 7\"><\/a><\/li>\n\t\t\t\t\t\t\t\t\t\t\t<li><a href=\"#\" data-goto=\"7\" aria-label=\"display slide 8\"><\/a><\/li>\n\t\t\t\t\t\t\t\t\t\t\t<li><a href=\"#\" data-goto=\"8\" aria-label=\"display slide 9\"><\/a><\/li>\n\t\t\t\t\t\t\t\t\t\t\t<li><a href=\"#\" data-goto=\"9\" aria-label=\"display slide 10\"><\/a><\/li>\n\t\t\t\t\t\t\t\t\t\t\t<li><a href=\"#\" data-goto=\"10\" aria-label=\"display slide 11\"><\/a><\/li>\n\t\t\t\t\t\t\t\t\t\t\t<li><a href=\"#\" data-goto=\"11\" aria-label=\"display slide 12\"><\/a><\/li>\n\t\t\t\t\t\t\t\t\t\t\t<li><a href=\"#\" data-goto=\"12\" aria-label=\"display slide 13\"><\/a><\/li>\n\t\t\t\t\t\t\t\t\t\t\t<li><a href=\"#\" data-goto=\"13\" aria-label=\"display slide 14\"><\/a><\/li>\n\t\t\t\t\t\t\t\t\t\t\t<li><a href=\"#\" data-goto=\"14\" aria-label=\"display slide 15\"><\/a><\/li>\n\t\t\t\t\t\t\t\t\t<\/ol>\n\n\t\t\t\t<div class=\"sow-slide-nav sow-slide-nav-next\">\n\t\t\t\t\t<a href=\"#\" data-goto=\"next\" aria-label=\"next slide\" data-action=\"next\">\n\t\t\t\t\t\t<em class=\"sow-sld-icon-thin-right\"><\/em>\n\t\t\t\t\t<\/a>\n\t\t\t\t<\/div>\n\n\t\t\t\t<div class=\"sow-slide-nav sow-slide-nav-prev\">\n\t\t\t\t\t<a href=\"#\" data-goto=\"previous\" aria-label=\"previous slide\" data-action=\"prev\">\n\t\t\t\t\t\t<em class=\"sow-sld-icon-thin-left\"><\/em>\n\t\t\t\t\t<\/a>\n\t\t\t\t<\/div>\n\t\t\t\t<\/div><\/div><\/div><\/div><\/div><\/div><\/div><\/div>","protected":false},"excerpt":{"rendered":"","protected":false},"author":1,"featured_media":0,"parent":0,"menu_order":0,"comment_status":"closed","ping_status":"closed","template":"templates\/builder-fullwidth-std.php","meta":[],"_links":{"self":[{"href":"https:\/\/ww2.btcenglish.com.br\/wordpress\/wp-json\/wp\/v2\/pages\/1507"}],"collection":[{"href":"https:\/\/ww2.btcenglish.com.br\/wordpress\/wp-json\/wp\/v2\/pages"}],"about":[{"href":"https:\/\/ww2.btcenglish.com.br\/wordpress\/wp-json\/wp\/v2\/types\/page"}],"author":[{"embeddable":true,"href":"https:\/\/ww2.btcenglish.com.br\/wordpress\/wp-json\/wp\/v2\/users\/1"}],"replies":[{"embeddable":true,"href":"https:\/\/ww2.btcenglish.com.br\/wordpress\/wp-json\/wp\/v2\/comments?post=1507"}],"version-history":[{"count":32,"href":"https:\/\/ww2.btcenglish.com.br\/wordpress\/wp-json\/wp\/v2\/pages\/1507\/revisions"}],"predecessor-version":[{"id":4547,"href":"https:\/\/ww2.btcenglish.com.br\/wordpress\/wp-json\/wp\/v2\/pages\/1507\/revisions\/4547"}],"wp:attachment":[{"href":"https:\/\/ww2.btcenglish.com.br\/wordpress\/wp-json\/wp\/v2\/media?parent=1507"}],"curies":[{"name":"wp","href":"https:\/\/api.w.org\/{rel}","templated":true}]}}