{"id":14,"date":"2015-08-14T19:55:18","date_gmt":"2015-08-14T19:55:18","guid":{"rendered":"http:\/\/ww2.btcenglish.com.br\/wordpress\/?page_id=14"},"modified":"2020-07-21T23:30:36","modified_gmt":"2020-07-22T02:30:36","slug":"a-escola","status":"publish","type":"page","link":"https:\/\/ww2.btcenglish.com.br\/wordpress\/a-escola\/","title":{"rendered":"A Escola"},"content":{"rendered":"<div id=\"pl-14\"  class=\"panel-layout\" ><div id=\"pg-14-0\"  class=\"panel-grid panel-no-style\" ><div id=\"pgc-14-0-0\"  class=\"panel-grid-cell\" ><div id=\"panel-14-0-0-0\" class=\"so-panel widget widget_sow-hero panel-first-child panel-last-child\" data-index=\"0\" ><div\n\t\t\t\n\t\t\tclass=\"so-widget-sow-hero so-widget-sow-hero-default-b38ed5f98fef-14\"\n\t\t\t\n\t\t><div class=\"sow-slider-base\" style=\"display: none\"><ul\n\t\t\t\t\tclass=\"sow-slider-images\"\n\t\t\t\t\tdata-settings=\"{&quot;pagination&quot;:true,&quot;speed&quot;:800,&quot;timeout&quot;:8000,&quot;paused&quot;:false,&quot;pause_on_hover&quot;:false,&quot;swipe&quot;:false,&quot;nav_always_show_desktop&quot;:&quot;&quot;,&quot;nav_always_show_mobile&quot;:&quot;&quot;,&quot;breakpoint&quot;:&quot;780px&quot;,&quot;unmute&quot;:false,&quot;anchor&quot;:null}\"\n\t\t\t\t\t\t\t\t\t\tdata-anchor-id=\"\"\n\t\t\t\t>\t\t<li class=\"sow-slider-image  sow-slider-image-cover\" style=\"background-color: #333333\" >\n\t\t\t\t\t<div class=\"sow-slider-image-container\">\n\t\t\t<div class=\"sow-slider-image-wrapper\">\n\t\t\t\t<h1 style=\"text-align: center\">A ESCOLA<\/h1>\t\t\t<\/div>\n\t\t<\/div>\n\t\t<div class=\"sow-slider-image-overlay sow-slider-image-cover\" style=\"background-image: url(https:\/\/ww2.btcenglish.com.br\/wordpress\/wp-content\/uploads\/2015\/08\/e833b00b2ef0073ecd0b4204e2445b97e674ead61eb8104491_1920.jpg);opacity: 0.4\"  ><\/div>\t\t<\/li>\n\t\t<\/ul>\t\t\t\t<ol class=\"sow-slider-pagination\">\n\t\t\t\t\t\t\t\t\t\t\t<li><a href=\"#\" data-goto=\"0\" aria-label=\"display slide 1\"><\/a><\/li>\n\t\t\t\t\t\t\t\t\t<\/ol>\n\n\t\t\t\t<div class=\"sow-slide-nav sow-slide-nav-next\">\n\t\t\t\t\t<a href=\"#\" data-goto=\"next\" aria-label=\"next slide\" data-action=\"next\">\n\t\t\t\t\t\t<em class=\"sow-sld-icon-thin-rounded-right\"><\/em>\n\t\t\t\t\t<\/a>\n\t\t\t\t<\/div>\n\n\t\t\t\t<div class=\"sow-slide-nav sow-slide-nav-prev\">\n\t\t\t\t\t<a href=\"#\" data-goto=\"previous\" aria-label=\"previous slide\" data-action=\"prev\">\n\t\t\t\t\t\t<em class=\"sow-sld-icon-thin-rounded-left\"><\/em>\n\t\t\t\t\t<\/a>\n\t\t\t\t<\/div>\n\t\t\t\t<\/div><\/div><\/div><\/div><\/div><div id=\"pg-14-1\"  class=\"panel-grid panel-has-style\" ><div class=\"panel-row-style panel-row-style-for-14-1\" ><div id=\"pgc-14-1-0\"  class=\"panel-grid-cell\" ><div id=\"panel-14-1-0-0\" class=\"so-panel widget widget_sow-editor panel-first-child panel-last-child\" data-index=\"1\" ><div class=\"panel-widget-style panel-widget-style-for-14-1-0-0\" ><div\n\t\t\t\n\t\t\tclass=\"so-widget-sow-editor so-widget-sow-editor-base\"\n\t\t\t\n\t\t>\n<div class=\"siteorigin-widget-tinymce textwidget\">\n\t<p><strong><span style=\"color: #000000;\">Procuramos atingir a excel\u00eancia na aprendizagem do ingl\u00eas, e para isso, temos uma equipe treinada e voltada ao ensino da l\u00edngua Inglesa nos seus pormenores, e dentro de um contexto apropriado aos diversos t\u00f3picos relacionados \u00a0ao idioma.<\/span><\/strong><\/p>\n<\/div>\n<\/div><\/div><\/div><\/div><\/div><\/div><div id=\"pg-14-2\"  class=\"panel-grid panel-has-style\" ><div class=\"panel-row-style panel-row-style-for-14-2\" ><div id=\"pgc-14-2-0\"  class=\"panel-grid-cell\" ><div id=\"panel-14-2-0-0\" class=\"so-panel widget widget_sow-image panel-first-child panel-last-child\" data-index=\"2\" ><div\n\t\t\t\n\t\t\tclass=\"so-widget-sow-image so-widget-sow-image-default-6b88c04c1f9b-14\"\n\t\t\t\n\t\t>\n\n<div class=\"sow-image-container\">\n\t\t<img src=\"https:\/\/ww2.btcenglish.com.br\/wordpress\/wp-content\/uploads\/2015\/08\/e834b50820f5043ecd0b4204e2445b97e674ebd719b7134097_1920.jpg\" width=\"1920\" height=\"1271\" srcset=\"https:\/\/ww2.btcenglish.com.br\/wordpress\/wp-content\/uploads\/2015\/08\/e834b50820f5043ecd0b4204e2445b97e674ebd719b7134097_1920.jpg 1920w, https:\/\/ww2.btcenglish.com.br\/wordpress\/wp-content\/uploads\/2015\/08\/e834b50820f5043ecd0b4204e2445b97e674ebd719b7134097_1920-300x199.jpg 300w, https:\/\/ww2.btcenglish.com.br\/wordpress\/wp-content\/uploads\/2015\/08\/e834b50820f5043ecd0b4204e2445b97e674ebd719b7134097_1920-768x508.jpg 768w, https:\/\/ww2.btcenglish.com.br\/wordpress\/wp-content\/uploads\/2015\/08\/e834b50820f5043ecd0b4204e2445b97e674ebd719b7134097_1920-1024x678.jpg 1024w\" sizes=\"(max-width: 1920px) 100vw, 1920px\" alt=\"\" loading=\"lazy\" \t\tclass=\"so-widget-image\"\/>\n\t<\/div>\n\n<\/div><\/div><\/div><div id=\"pgc-14-2-1\"  class=\"panel-grid-cell\" ><div id=\"panel-14-2-1-0\" class=\"so-panel widget widget_sow-editor panel-first-child panel-last-child\" data-index=\"3\" ><div\n\t\t\t\n\t\t\tclass=\"so-widget-sow-editor so-widget-sow-editor-base\"\n\t\t\t\n\t\t><h3 class=\"widget-title\">Infraestrutura<\/h3>\n<div class=\"siteorigin-widget-tinymce textwidget\">\n\t<h6>Possu\u00edmos uma infraestrutura de ensino que re\u00fane os \u00edcones necess\u00e1rios ao completo dom\u00ednio do idioma. Para isso contamos com:<\/h6>\n<table>\n<tbody>\n<tr>\n<td><h3 class=\"wp-svg-home home\"><\/h3> Salas de aulas para n\u00famero limitado de alunos.<\/td>\n<td><h3 class=\"wp-svg-alarm-2 alarm-2\"><\/h3> Hor\u00e1rios de aula compat\u00edveis com as necessidades dos estudantes;<\/td>\n<\/tr>\n<tr>\n<td><h3 class=\"wp-svg-headphones headphones\"><\/h3> Equipamentos audiovisuais modernos, e dentro do que \u00e9 necess\u00e1rio ao ensino<\/td>\n<td><h3 class=\"wp-svg-podcast podcast\"><\/h3> Localiza\u00e7\u00e3o da escola \u00a0no centro de Curitiba;<\/td>\n<\/tr>\n<tr>\n<td><h3 class=\"wp-svg-notebook notebook\"><\/h3> Material de apoio atualizado e dentro do contexto visado pelo estudante;<\/td>\n<td><h3 class=\"wp-svg-library library\"><\/h3> V\u00ednculo com institui\u00e7\u00f5es de Interc\u00e2mbio cultural<\/td>\n<\/tr>\n<tr>\n<td><h3 class=\"wp-svg-loop-2 loop-2\"><\/h3> Moderniza\u00e7\u00e3o sempre constante.<\/td>\n<td><h3 class=\"wp-svg-truck truck\"><\/h3> Estacionamento pr\u00f3prio.<\/td>\n<\/tr>\n<\/tbody>\n<\/table>\n<\/div>\n<\/div><\/div><\/div><\/div><\/div><div id=\"pg-14-3\"  class=\"panel-grid panel-has-style\" ><div class=\"panel-row-style panel-row-style-for-14-3\" ><div id=\"pgc-14-3-0\"  class=\"panel-grid-cell\" ><div id=\"panel-14-3-0-0\" class=\"so-panel widget widget_sow-editor panel-first-child panel-last-child\" data-index=\"4\" ><div\n\t\t\t\n\t\t\tclass=\"so-widget-sow-editor so-widget-sow-editor-base\"\n\t\t\t\n\t\t><h3 class=\"widget-title\">M\u00e9todos de ensino<\/h3>\n<div class=\"siteorigin-widget-tinymce textwidget\">\n\t<p align=\"justify\">A BTC English lan\u00e7ou nova abordagem de ensino, a <a href=\"http:\/\/gramaticacomparativa.com.br\">GRAM\u00c1TICA COMPARATIVA<\/a>.\u00a0\u00a0 Diferente do ensino mais comum, o aluno da BTC recebe uma <strong>apresenta\u00e7\u00e3o de TODA a gram\u00e1tica inglesa<\/strong>, dentro do que \u00e9 considerado conjuga\u00e7\u00e3o verbal, e a gram\u00e1tica necess\u00e1ria para que a formula\u00e7\u00e3o de frases seja poss\u00edvel durante as primeiras 60h de ensino.\u00a0 Buscamos, al\u00e9m desta abordagem gramatical no primeiro n\u00edvel, ter uma metodologia din\u00e2mica a qual busca usar e aplicar simultaneamente as quatro habilidades essenciais no aprendizado de um idioma para uma pessoa normal: a audi\u00e7\u00e3o, vis\u00e3o, fala e escrita. Dentro do poss\u00edvel, buscamos aplicar estes quatro itens durante cada aula ministrada.<\/p>\n<p align=\"justify\">Evita-se tradu\u00e7\u00e3o, todavia, somente durante os DOIS PRIMEIROS N\u00cdVEIS, existe um balan\u00e7o entre o portugu\u00eas e o idioma a ser aprendido.\u00a0 \u00c9 importante que o aluno aprenda, no come\u00e7o, as equival\u00eancias gramaticais principais entre os dois idiomas, assim como os <strong>v\u00edcios de fala da sua pr\u00f3pria l\u00edngua,<\/strong> e que N\u00c3O PODEM ser transferidos para o idioma em estudo. O aluno, tamb\u00e9m no segundo n\u00edvel, passa por uma leva de ditados, as quais pedem por um comparativo entre a l\u00edngua m\u00e3e e o idioma sendo aprendido, o que for\u00e7a o aluno a perceber as diferen\u00e7as na estrutura\u00e7\u00e3o de frases entre os dois idiomas e express\u00f5es que n\u00e3o podem ser traduzidas literalmente.<\/p>\n<\/div>\n<\/div><\/div><\/div><div id=\"pgc-14-3-1\"  class=\"panel-grid-cell\" ><div id=\"panel-14-3-1-0\" class=\"so-panel widget widget_sow-image panel-first-child panel-last-child\" data-index=\"5\" ><div\n\t\t\t\n\t\t\tclass=\"so-widget-sow-image so-widget-sow-image-default-d6014b76747a-14\"\n\t\t\t\n\t\t>\n\n<div class=\"sow-image-container\">\n\t\t\t<a href=\"http:\/\/ww2.btcenglish.com.br\/wordpress\/gramatica-comparativa\/\"\n\t\t\t\t\t>\n\t\t\t<img src=\"https:\/\/ww2.btcenglish.com.br\/wordpress\/wp-content\/uploads\/2018\/10\/gramatica_comparativa.png\" width=\"229\" height=\"300\" sizes=\"(max-width: 229px) 100vw, 229px\" alt=\"\" loading=\"lazy\" \t\tclass=\"so-widget-image\"\/>\n\t<\/a><\/div>\n\n<\/div><\/div><\/div><\/div><\/div><div id=\"pg-14-4\"  class=\"panel-grid panel-has-style\" ><div class=\"panel-row-style panel-row-style-for-14-4\" ><div id=\"pgc-14-4-0\"  class=\"panel-grid-cell\" ><div id=\"panel-14-4-0-0\" class=\"so-panel widget widget_sow-image panel-first-child panel-last-child\" data-index=\"6\" ><div\n\t\t\t\n\t\t\tclass=\"so-widget-sow-image so-widget-sow-image-default-d6014b76747a-14\"\n\t\t\t\n\t\t>\n\n<div class=\"sow-image-container\">\n\t\t\t<a href=\"http:\/\/ww2.btcenglish.com.br\/wordpress\/gramatica-comparativa\/\"\n\t\t\t\t\t>\n\t\t\t<img src=\"https:\/\/ww2.btcenglish.com.br\/wordpress\/wp-content\/uploads\/2018\/10\/exercicios_extra.png\" width=\"350\" height=\"316\" srcset=\"https:\/\/ww2.btcenglish.com.br\/wordpress\/wp-content\/uploads\/2018\/10\/exercicios_extra.png 350w, https:\/\/ww2.btcenglish.com.br\/wordpress\/wp-content\/uploads\/2018\/10\/exercicios_extra-300x271.png 300w\" sizes=\"(max-width: 350px) 100vw, 350px\" alt=\"\" loading=\"lazy\" \t\tclass=\"so-widget-image\"\/>\n\t<\/a><\/div>\n\n<\/div><\/div><\/div><div id=\"pgc-14-4-1\"  class=\"panel-grid-cell\" ><div id=\"panel-14-4-1-0\" class=\"so-panel widget widget_sow-editor panel-first-child panel-last-child\" data-index=\"7\" ><div\n\t\t\t\n\t\t\tclass=\"so-widget-sow-editor so-widget-sow-editor-base\"\n\t\t\t\n\t\t><h3 class=\"widget-title\">Material utilizado<\/h3>\n<div class=\"siteorigin-widget-tinymce textwidget\">\n\t<p align=\"justify\">O livro de gram\u00e1tica usado,\u00a0<em>Gram\u00e1tica Comparativa 100% Ingl\u00eas e 100% Portugu\u00eas,<\/em>\u00a0\u00e9 cria\u00e7\u00e3o da escola com sucesso nacional, assim como outros materiais. Materiais de conversa\u00e7\u00e3o, a partir do terceiro n\u00edvel, s\u00e3o de origem de pa\u00edses onde a l\u00edngua inglesa \u00e9 nativa. Cada aluno possui um livro principal o qual \u00e9 usado para dar um direcional \u00e0s aulas, mas este material \u00e9 enriquecido com uma s\u00e9rie de materiais e exerc\u00edcios extras de refor\u00e7o organizados e feitos pela escola.<\/p>\n<p align=\"justify\">Al\u00e9m do livro principal usado pelo aluno, a leitura constante de livros, tanto no papel, como e-books, no idioma em estudo, \u00e9 uma exig\u00eancia da escola. Desta forma, o aluno aprimora n\u00e3o somente o vocabul\u00e1rio, mas como tamb\u00e9m a flu\u00eancia.<\/p>\n<\/div>\n<\/div><\/div><\/div><\/div><\/div><div id=\"pg-14-5\"  class=\"panel-grid panel-has-style\" ><div class=\"panel-row-style panel-row-style-for-14-5\" ><div id=\"pgc-14-5-0\"  class=\"panel-grid-cell\" ><div id=\"panel-14-5-0-0\" class=\"so-panel widget widget_sow-image panel-first-child panel-last-child\" data-index=\"8\" ><div\n\t\t\t\n\t\t\tclass=\"so-widget-sow-image so-widget-sow-image-default-d6014b76747a-14\"\n\t\t\t\n\t\t>\n\n<div class=\"sow-image-container\">\n\t\t\t<a href=\"http:\/\/ww2.btcenglish.com.br\/wordpress\/gramatica-comparativa\/\"\n\t\t\t\t\t>\n\t\t\t<img src=\"https:\/\/ww2.btcenglish.com.br\/wordpress\/wp-content\/uploads\/2015\/08\/eb35b60828f6013ecd0b4204e2445b97e673e2d61fb9174295_1920.jpg\" width=\"1920\" height=\"1208\" srcset=\"https:\/\/ww2.btcenglish.com.br\/wordpress\/wp-content\/uploads\/2015\/08\/eb35b60828f6013ecd0b4204e2445b97e673e2d61fb9174295_1920.jpg 1920w, https:\/\/ww2.btcenglish.com.br\/wordpress\/wp-content\/uploads\/2015\/08\/eb35b60828f6013ecd0b4204e2445b97e673e2d61fb9174295_1920-300x189.jpg 300w, https:\/\/ww2.btcenglish.com.br\/wordpress\/wp-content\/uploads\/2015\/08\/eb35b60828f6013ecd0b4204e2445b97e673e2d61fb9174295_1920-768x483.jpg 768w, https:\/\/ww2.btcenglish.com.br\/wordpress\/wp-content\/uploads\/2015\/08\/eb35b60828f6013ecd0b4204e2445b97e673e2d61fb9174295_1920-1024x644.jpg 1024w\" sizes=\"(max-width: 1920px) 100vw, 1920px\" alt=\"\" loading=\"lazy\" \t\tclass=\"so-widget-image\"\/>\n\t<\/a><\/div>\n\n<\/div><\/div><\/div><div id=\"pgc-14-5-1\"  class=\"panel-grid-cell\" ><div id=\"panel-14-5-1-0\" class=\"so-panel widget widget_sow-editor panel-first-child panel-last-child\" data-index=\"9\" ><div\n\t\t\t\n\t\t\tclass=\"so-widget-sow-editor so-widget-sow-editor-base\"\n\t\t\t\n\t\t><h3 class=\"widget-title\">Avalia\u00e7\u00e3o<\/h3>\n<div class=\"siteorigin-widget-tinymce textwidget\">\n\t<p align=\"justify\">Cada aluno passa por duas avalia\u00e7\u00f5es no decorrer de cada n\u00edvel. Ao final de 480h de estudo, ou seja, depois do oitavo n\u00edvel, o aluno tem a op\u00e7\u00e3o de escolher prepara\u00e7\u00e3o para o EXAMES INTERNACIONAIS como o IELTS, exame internacional para ingresso em uma faculdade no exterior, ou TOEIC, exame exigido para funcion\u00e1rios em empresas que precisem de ingl\u00eas comercial, ou voltado para com\u00e9rcio exterior, assim como o TOEFL, tamb\u00e9m exigido para aceita\u00e7\u00e3o no ingresso em v\u00e1rias universidades do exterior. \u00a0Ha tamb\u00e9m a op\u00e7\u00e3o de v\u00e1rios outros exames, ou simplesmente conversa\u00e7\u00e3o geral para manuten\u00e7\u00e3o da l\u00edngua.<\/p>\n<\/div>\n<\/div><\/div><\/div><\/div><\/div><div id=\"pg-14-6\"  class=\"panel-grid panel-has-style\" ><div class=\"panel-row-style panel-row-style-for-14-6\" ><div id=\"pgc-14-6-0\"  class=\"panel-grid-cell\" ><div id=\"panel-14-6-0-0\" class=\"so-panel widget widget_sow-editor panel-first-child panel-last-child\" data-index=\"10\" ><div class=\"panel-widget-style panel-widget-style-for-14-6-0-0\" ><div\n\t\t\t\n\t\t\tclass=\"so-widget-sow-editor so-widget-sow-editor-base\"\n\t\t\t\n\t\t><h3 class=\"widget-title\">Apoio<\/h3>\n<div class=\"siteorigin-widget-tinymce textwidget\">\n\t<p align=\"justify\">Em adi\u00e7\u00e3o aos itens acima, o aluno tem direcionamento para materiais de apoio online como document\u00e1rios, filmes, dicas gramaticais, etc. Temos tamb\u00e9m biblioteca para empr\u00e9stimo de material e aulas de refor\u00e7o com valor m\u00ednimo necess\u00e1rio.<\/p>\n<\/div>\n<\/div><\/div><\/div><\/div><div id=\"pgc-14-6-1\"  class=\"panel-grid-cell\" ><div id=\"panel-14-6-1-0\" class=\"so-panel widget widget_sow-editor panel-first-child panel-last-child\" data-index=\"11\" ><div\n\t\t\t\n\t\t\tclass=\"so-widget-sow-editor so-widget-sow-editor-base\"\n\t\t\t\n\t\t><h3 class=\"widget-title\">Atmosfera<\/h3>\n<div class=\"siteorigin-widget-tinymce textwidget\">\n\t<p align=\"justify\">Importante ainda, \u00e9 aprender no meio da natureza, em uma atmosfera familiar e aconchegante, com cafezinho e chazinho a vontade, onde se aprende seriamente sem a press\u00e3o do dia a dia. A metodologia aplicada tem tido grandes resultados, principalmente para alunos que realmente correm atr\u00e1s e se empenham.<\/p>\n<\/div>\n<\/div><\/div><\/div><div id=\"pgc-14-6-2\"  class=\"panel-grid-cell\" ><div id=\"panel-14-6-2-0\" class=\"so-panel widget widget_sow-editor panel-first-child panel-last-child\" data-index=\"12\" ><div\n\t\t\t\n\t\t\tclass=\"so-widget-sow-editor so-widget-sow-editor-base\"\n\t\t\t\n\t\t><h3 class=\"widget-title\">Eventos<\/h3>\n<div class=\"siteorigin-widget-tinymce textwidget\">\n\t<p align=\"justify\">Eventualmente, a escola tem eventos durante os quais alunos t\u00eam a oportunidade de mostrar algo interessante que sabem fazer dentro da ala cultural, e\/ou informativa.<\/p>\n<\/div>\n<\/div><\/div><\/div><\/div><\/div><\/div>","protected":false},"excerpt":{"rendered":"<p>Procuramos atingir a excel\u00eancia na aprendizagem do ingl\u00eas, e para isso, temos uma equipe treinada e voltada ao ensino da l\u00edngua Inglesa nos seus pormenores, e dentro de um contexto apropriado aos diversos t\u00f3picos relacionados \u00a0ao idioma.<\/p>\n","protected":false},"author":1,"featured_media":0,"parent":0,"menu_order":0,"comment_status":"open","ping_status":"open","template":"page-templates\/template-pagebuilder-full-width.php","meta":[],"_links":{"self":[{"href":"https:\/\/ww2.btcenglish.com.br\/wordpress\/wp-json\/wp\/v2\/pages\/14"}],"collection":[{"href":"https:\/\/ww2.btcenglish.com.br\/wordpress\/wp-json\/wp\/v2\/pages"}],"about":[{"href":"https:\/\/ww2.btcenglish.com.br\/wordpress\/wp-json\/wp\/v2\/types\/page"}],"author":[{"embeddable":true,"href":"https:\/\/ww2.btcenglish.com.br\/wordpress\/wp-json\/wp\/v2\/users\/1"}],"replies":[{"embeddable":true,"href":"https:\/\/ww2.btcenglish.com.br\/wordpress\/wp-json\/wp\/v2\/comments?post=14"}],"version-history":[{"count":60,"href":"https:\/\/ww2.btcenglish.com.br\/wordpress\/wp-json\/wp\/v2\/pages\/14\/revisions"}],"predecessor-version":[{"id":4426,"href":"https:\/\/ww2.btcenglish.com.br\/wordpress\/wp-json\/wp\/v2\/pages\/14\/revisions\/4426"}],"wp:attachment":[{"href":"https:\/\/ww2.btcenglish.com.br\/wordpress\/wp-json\/wp\/v2\/media?parent=14"}],"curies":[{"name":"wp","href":"https:\/\/api.w.org\/{rel}","templated":true}]}}