{"id":46,"date":"2015-08-17T18:01:03","date_gmt":"2015-08-17T18:01:03","guid":{"rendered":"http:\/\/ww2.btcenglish.com.br\/wordpress\/?page_id=46"},"modified":"2015-11-03T14:02:48","modified_gmt":"2015-11-03T17:02:48","slug":"o-livro","status":"publish","type":"page","link":"http:\/\/ww2.btcenglish.com.br\/wordpress\/o-livro\/","title":{"rendered":"O Livro"},"content":{"rendered":"<h4 class=\"gk_news_show_news_header\">A BTC ENGLISH PROPORCIONA A TODOS ESTE GRANDE LAN\u00c7AMENTO!<\/h4>\n<h5><strong>TECNOLOGIA NA APRENDIZAGEM DO INGL\u00caS<\/strong><\/h5>\n<p style=\"text-align: left;\">\n<p><img decoding=\"async\" loading=\"lazy\" class=\"size-full wp-image-1560 alignleft\" src=\"http:\/\/ww2.btcenglish.com.br\/wordpress\/wp-content\/uploads\/2015\/11\/CAPA-229x300.png\" alt=\"CAPA-229x300\" width=\"229\" height=\"300\" \/><\/p>\n<p><strong>Objetivo deste livro<\/strong><\/p>\n<p>Este livro foi feito para facilitar o estudo gramatical da l\u00edngua inglesa, para ensinar o aluno a pensar em possibilidades, ramifica\u00e7\u00f5es e equival\u00eancia entre os idiomas em estudo e para ganhar tempo n\u00e3o procurando palavras em dicion\u00e1rios. Foi escrito de forma clara e objetiva para que o estudante tenha discernimento do que est\u00e1 sendo explicado. Al\u00e9m da clareza e objetividade, este livro baseia-se em ensino comparativo e equivalente entre as duas l\u00ednguas. Este material mostra que tudo o que existe no portugu\u00eas tamb\u00e9m existe no ingl\u00eas. Ganha-se tempo n\u00e3o precisando racionalizar uma explica\u00e7\u00e3o te\u00f3rica que j\u00e1 existe na mente do aluno devido ao conhecimento de sua pr\u00f3pria l\u00edngua.<\/p>\n<p><strong>N\u00edvel de ensino <\/strong><\/p>\n<p>Foram feitos v\u00e1rios usos experimentais. A abrang\u00eancia da utilidade deste livro \u00e9 vasta: Do adolescente ao adulto e do b\u00e1sico ao avan\u00e7ado. Serve como um livro de refer\u00eancia e pesquisa, e de prepara\u00e7\u00e3o gramatical para qualquer exame de ingl\u00eas internacional. A informa\u00e7\u00e3o fornecida abrange t\u00f3picos dos mais b\u00e1sicos aos mais avan\u00e7ados.<\/p>\n<p><strong>Planejamento<\/strong><\/p>\n<p>A organiza\u00e7\u00e3o deste material baseia-se em n\u00edvel de aprendizado e dificuldade. Todos os pontos explicados possuem equival\u00eancia e poss\u00edveis ramifica\u00e7\u00f5es em ambos os idiomas. Os \u00edndices foram organizados de duas formas: &#8220;\u00cdndice em portugu\u00eas&#8221;, em n\u00edvel de aprendizado e dificuldade, e &#8220;\u00edndice em ingl\u00eas&#8221;, em ordem alfab\u00e9tica por assunto e t\u00f3picos.<\/p>\n<p><strong>Tipos de ingl\u00eas usado <\/strong><\/p>\n<p>Os exemplos usados s\u00e3o comuns tanto no ingl\u00eas brit\u00e2nico quanto no americano. Um dos objetivos deste material \u00e9 esclarecer o aluno das diferen\u00e7as entre os dois.<\/p>\n<p><strong>Como usar este material <\/strong><\/p>\n<p>Este material n\u00e3o \u00e9 voltado para conversa\u00e7\u00e3o. Pode ser usado paralelamente a um curso, independente do n\u00edvel do aluno. \u00c9 \u00f3timo para esclarecer d\u00favidas de palavras e express\u00f5es que se confundem com o portugu\u00eas e entre si, principalmente as diferen\u00e7as entre o ingl\u00eas brit\u00e2nico e o americano. A refer\u00eancia gramatical do b\u00e1sico ao avan\u00e7ado \u00e9 completa.<\/p>\n","protected":false},"excerpt":{"rendered":"<p>A BTC ENGLISH PROPORCIONA A TODOS ESTE GRANDE LAN\u00c7AMENTO! TECNOLOGIA NA APRENDIZAGEM DO INGL\u00caS Objetivo deste livro Este livro foi feito para facilitar o estudo gramatical da l\u00edngua inglesa, para ensinar o aluno a pensar em possibilidades, ramifica\u00e7\u00f5es e equival\u00eancia entre os idiomas em estudo e para ganhar tempo n\u00e3o [&hellip;]<\/p>\n","protected":false},"author":1,"featured_media":0,"parent":0,"menu_order":0,"comment_status":"open","ping_status":"open","template":"","meta":[],"_links":{"self":[{"href":"http:\/\/ww2.btcenglish.com.br\/wordpress\/wp-json\/wp\/v2\/pages\/46"}],"collection":[{"href":"http:\/\/ww2.btcenglish.com.br\/wordpress\/wp-json\/wp\/v2\/pages"}],"about":[{"href":"http:\/\/ww2.btcenglish.com.br\/wordpress\/wp-json\/wp\/v2\/types\/page"}],"author":[{"embeddable":true,"href":"http:\/\/ww2.btcenglish.com.br\/wordpress\/wp-json\/wp\/v2\/users\/1"}],"replies":[{"embeddable":true,"href":"http:\/\/ww2.btcenglish.com.br\/wordpress\/wp-json\/wp\/v2\/comments?post=46"}],"version-history":[{"count":5,"href":"http:\/\/ww2.btcenglish.com.br\/wordpress\/wp-json\/wp\/v2\/pages\/46\/revisions"}],"predecessor-version":[{"id":1567,"href":"http:\/\/ww2.btcenglish.com.br\/wordpress\/wp-json\/wp\/v2\/pages\/46\/revisions\/1567"}],"wp:attachment":[{"href":"http:\/\/ww2.btcenglish.com.br\/wordpress\/wp-json\/wp\/v2\/media?parent=46"}],"curies":[{"name":"wp","href":"https:\/\/api.w.org\/{rel}","templated":true}]}}