{"id":35,"date":"2015-08-14T20:40:51","date_gmt":"2015-08-14T20:40:51","guid":{"rendered":"http:\/\/ww2.btcenglish.com.br\/wordpress\/?page_id=35"},"modified":"2015-10-22T10:44:46","modified_gmt":"2015-10-22T13:44:46","slug":"horarios-de-aula","status":"publish","type":"page","link":"http:\/\/ww2.btcenglish.com.br\/wordpress\/horarios-de-aula\/","title":{"rendered":"HOR\u00c1RIOS DE AULA"},"content":{"rendered":"<h4 class=\"gk_news_show_news_header\"><\/h4>\n<p><strong>Hor\u00e1rio comercial<\/strong>: das 9hs as 12hs e das 14hs as 17hs, direcionamento para ensino infantil e de adolescentes. H\u00e1 tamb\u00e9m, com alguma freq\u00fc\u00eancia, aulas particulares para adultos nestes hor\u00e1rios.<br \/>\n<strong>Hor\u00e1rio n\u00e3o comercial<\/strong>: antes da 9h; das 12hs as 14hs e das 18hs as 22hs direcionamento para ensino para adultos<\/p>\n<p>A escola permanece aberta entre 8\u00a0e 22 horas<\/p>\n","protected":false},"excerpt":{"rendered":"<p>Hor\u00e1rio comercial: das 9hs as 12hs e das 14hs as 17hs, direcionamento para ensino infantil e de adolescentes. H\u00e1 tamb\u00e9m, com alguma freq\u00fc\u00eancia, aulas particulares para adultos nestes hor\u00e1rios. Hor\u00e1rio n\u00e3o comercial: antes da 9h; das 12hs as 14hs e das 18hs as 22hs direcionamento para ensino para adultos A [&hellip;]<\/p>\n","protected":false},"author":1,"featured_media":0,"parent":0,"menu_order":0,"comment_status":"open","ping_status":"open","template":"","meta":[],"_links":{"self":[{"href":"http:\/\/ww2.btcenglish.com.br\/wordpress\/wp-json\/wp\/v2\/pages\/35"}],"collection":[{"href":"http:\/\/ww2.btcenglish.com.br\/wordpress\/wp-json\/wp\/v2\/pages"}],"about":[{"href":"http:\/\/ww2.btcenglish.com.br\/wordpress\/wp-json\/wp\/v2\/types\/page"}],"author":[{"embeddable":true,"href":"http:\/\/ww2.btcenglish.com.br\/wordpress\/wp-json\/wp\/v2\/users\/1"}],"replies":[{"embeddable":true,"href":"http:\/\/ww2.btcenglish.com.br\/wordpress\/wp-json\/wp\/v2\/comments?post=35"}],"version-history":[{"count":3,"href":"http:\/\/ww2.btcenglish.com.br\/wordpress\/wp-json\/wp\/v2\/pages\/35\/revisions"}],"predecessor-version":[{"id":805,"href":"http:\/\/ww2.btcenglish.com.br\/wordpress\/wp-json\/wp\/v2\/pages\/35\/revisions\/805"}],"wp:attachment":[{"href":"http:\/\/ww2.btcenglish.com.br\/wordpress\/wp-json\/wp\/v2\/media?parent=35"}],"curies":[{"name":"wp","href":"https:\/\/api.w.org\/{rel}","templated":true}]}}