{"id":3186,"date":"2016-01-29T15:34:24","date_gmt":"2016-01-29T18:34:24","guid":{"rendered":"http:\/\/ww2.btcenglish.com.br\/wordpress\/?page_id=3186"},"modified":"2016-01-29T15:34:24","modified_gmt":"2016-01-29T18:34:24","slug":"eventos-ja-realizados-2004","status":"publish","type":"page","link":"http:\/\/ww2.btcenglish.com.br\/wordpress\/eventos-ja-realizados-2004\/","title":{"rendered":"Eventos ja realizados 2004"},"content":{"rendered":"<div id=\"metaslider-id-2900\" style=\"max-width: 600px;\" class=\"ml-slider-3-27-14 metaslider metaslider-flex metaslider-2900 ml-slider\">\n    <div id=\"metaslider_container_2900\">\n        <div id=\"metaslider_2900\">\n            <ul aria-live=\"polite\" class=\"slides\">\n                <li style=\"display: block; width: 100%;\" class=\"slide-2938 ms-image\"><img src=\"http:\/\/ww2.btcenglish.com.br\/wordpress\/wp-content\/uploads\/2016\/01\/Flashes-pessoas-presentes-no-evento-2-598x399.jpg\" height=\"400\" width=\"600\" alt=\"\" class=\"slider-2900 slide-2938\" \/><\/li>\n                <li style=\"display: none; width: 100%;\" class=\"slide-2939 ms-image\"><img src=\"http:\/\/ww2.btcenglish.com.br\/wordpress\/wp-content\/uploads\/2016\/01\/Flashes-pessoas-presentes-no-evento-3-598x399.jpg\" height=\"400\" width=\"600\" alt=\"\" class=\"slider-2900 slide-2939\" \/><\/li>\n                <li style=\"display: none; width: 100%;\" class=\"slide-2940 ms-image\"><img src=\"http:\/\/ww2.btcenglish.com.br\/wordpress\/wp-content\/uploads\/2016\/01\/Flashes-pessoas-presentes-no-evento-4-598x399.jpg\" height=\"400\" width=\"600\" alt=\"\" class=\"slider-2900 slide-2940\" \/><\/li>\n                <li style=\"display: none; width: 100%;\" class=\"slide-2941 ms-image\"><img src=\"http:\/\/ww2.btcenglish.com.br\/wordpress\/wp-content\/uploads\/2016\/01\/Flashes-pessoas-presentes-no-evento-5-598x399.jpg\" height=\"400\" width=\"600\" alt=\"\" class=\"slider-2900 slide-2941\" \/><\/li>\n                <li style=\"display: none; width: 100%;\" class=\"slide-2942 ms-image\"><img src=\"http:\/\/ww2.btcenglish.com.br\/wordpress\/wp-content\/uploads\/2016\/01\/Flashes-pessoas-presentes-no-evento-6-598x399.jpg\" height=\"400\" width=\"600\" alt=\"\" class=\"slider-2900 slide-2942\" \/><\/li>\n                <li style=\"display: none; width: 100%;\" class=\"slide-2943 ms-image\"><img src=\"http:\/\/ww2.btcenglish.com.br\/wordpress\/wp-content\/uploads\/2016\/01\/jantar-profs-1-3-598x399.jpg\" height=\"400\" width=\"600\" alt=\"\" class=\"slider-2900 slide-2943\" \/><\/li>\n                <li style=\"display: none; width: 100%;\" class=\"slide-2944 ms-image\"><img src=\"http:\/\/ww2.btcenglish.com.br\/wordpress\/wp-content\/uploads\/2016\/01\/jantar-profs-2-3-598x399.jpg\" height=\"400\" width=\"600\" alt=\"\" class=\"slider-2900 slide-2944\" \/><\/li>\n                <li style=\"display: none; width: 100%;\" class=\"slide-2945 ms-image\"><img src=\"http:\/\/ww2.btcenglish.com.br\/wordpress\/wp-content\/uploads\/2016\/01\/Marisol-no-viol\u00e7ao-1-600x400.jpg\" height=\"400\" width=\"600\" alt=\"\" class=\"slider-2900 slide-2945\" \/><\/li>\n                <li style=\"display: none; width: 100%;\" class=\"slide-2946 ms-image\"><img src=\"http:\/\/ww2.btcenglish.com.br\/wordpress\/wp-content\/uploads\/2016\/01\/aniv-prof-Erick-1-600x400.jpg\" height=\"400\" width=\"600\" alt=\"\" class=\"slider-2900 slide-2946\" \/><\/li>\n                <li style=\"display: none; width: 100%;\" class=\"slide-2947 ms-image\"><img src=\"http:\/\/ww2.btcenglish.com.br\/wordpress\/wp-content\/uploads\/2016\/01\/aniv-prof-Erick-2-598x399.jpg\" height=\"400\" width=\"600\" alt=\"\" class=\"slider-2900 slide-2947\" \/><\/li>\n                <li style=\"display: none; width: 100%;\" class=\"slide-2948 ms-image\"><img src=\"http:\/\/ww2.btcenglish.com.br\/wordpress\/wp-content\/uploads\/2016\/01\/Anivers-prof-Erick-1-600x400.jpg\" height=\"400\" width=\"600\" alt=\"\" class=\"slider-2900 slide-2948\" \/><\/li>\n                <li style=\"display: none; width: 100%;\" class=\"slide-2949 ms-image\"><img src=\"http:\/\/ww2.btcenglish.com.br\/wordpress\/wp-content\/uploads\/2016\/01\/Anivers\u00e1rio-profa-Anne-2-600x400.jpg\" height=\"400\" width=\"600\" alt=\"\" class=\"slider-2900 slide-2949\" \/><\/li>\n                <li style=\"display: none; width: 100%;\" class=\"slide-2950 ms-image\"><img src=\"http:\/\/ww2.btcenglish.com.br\/wordpress\/wp-content\/uploads\/2016\/01\/Apoio-aos-catadores-de-papel-1-6-600x400.jpg\" height=\"400\" width=\"600\" alt=\"\" class=\"slider-2900 slide-2950\" \/><\/li>\n                <li style=\"display: none; width: 100%;\" class=\"slide-2951 ms-image\"><img src=\"http:\/\/ww2.btcenglish.com.br\/wordpress\/wp-content\/uploads\/2016\/01\/Apoio-aos-catadores-de-papel-2-6-600x400.jpg\" height=\"400\" width=\"600\" alt=\"\" class=\"slider-2900 slide-2951\" \/><\/li>\n                <li style=\"display: none; width: 100%;\" class=\"slide-2952 ms-image\"><img src=\"http:\/\/ww2.btcenglish.com.br\/wordpress\/wp-content\/uploads\/2016\/01\/Apoio-aos-catadores-de-papel-3-5-598x399.jpg\" height=\"400\" width=\"600\" alt=\"\" class=\"slider-2900 slide-2952\" \/><\/li>\n                <li style=\"display: none; width: 100%;\" class=\"slide-2953 ms-image\"><img src=\"http:\/\/ww2.btcenglish.com.br\/wordpress\/wp-content\/uploads\/2016\/01\/Apoio-aos-catadores-de-papel-4-5-598x399.jpg\" height=\"400\" width=\"600\" alt=\"\" class=\"slider-2900 slide-2953\" \/><\/li>\n                <li style=\"display: none; width: 100%;\" class=\"slide-2954 ms-image\"><img src=\"http:\/\/ww2.btcenglish.com.br\/wordpress\/wp-content\/uploads\/2016\/01\/Apoio-aos-catadores-de-papel-5-5-600x400.jpg\" height=\"400\" width=\"600\" alt=\"\" class=\"slider-2900 slide-2954\" \/><\/li>\n                <li style=\"display: none; width: 100%;\" class=\"slide-2955 ms-image\"><img src=\"http:\/\/ww2.btcenglish.com.br\/wordpress\/wp-content\/uploads\/2016\/01\/Apoio-aos-catadores-de-papel-6-5-598x399.jpg\" height=\"400\" width=\"600\" alt=\"\" class=\"slider-2900 slide-2955\" \/><\/li>\n                <li style=\"display: none; width: 100%;\" class=\"slide-2956 ms-image\"><img src=\"http:\/\/ww2.btcenglish.com.br\/wordpress\/wp-content\/uploads\/2016\/01\/Apoio-aos-catadores-de-papel-7-5-598x399.jpg\" height=\"400\" width=\"600\" alt=\"\" class=\"slider-2900 slide-2956\" \/><\/li>\n                <li style=\"display: none; width: 100%;\" class=\"slide-2957 ms-image\"><img src=\"http:\/\/ww2.btcenglish.com.br\/wordpress\/wp-content\/uploads\/2016\/01\/Apoio-aos-catadores-de-papel-8-4-598x399.jpg\" height=\"400\" width=\"600\" alt=\"\" class=\"slider-2900 slide-2957\" \/><\/li>\n                <li style=\"display: none; width: 100%;\" class=\"slide-2958 ms-image\"><img src=\"http:\/\/ww2.btcenglish.com.br\/wordpress\/wp-content\/uploads\/2016\/01\/Apoio-aos-catadores-de-papel-9-4-598x399.jpg\" height=\"400\" width=\"600\" alt=\"\" class=\"slider-2900 slide-2958\" \/><\/li>\n                <li style=\"display: none; width: 100%;\" class=\"slide-2959 ms-image\"><img src=\"http:\/\/ww2.btcenglish.com.br\/wordpress\/wp-content\/uploads\/2016\/01\/Dan\u00e7a-flamenca-na-BTC.-Arrecada\u00e7\u00e3o-de-cestas-b\u00e1sicas-1-598x399.jpg\" height=\"400\" width=\"600\" alt=\"\" class=\"slider-2900 slide-2959\" \/><\/li>\n                <li style=\"display: none; width: 100%;\" class=\"slide-2960 ms-image\"><img src=\"http:\/\/ww2.btcenglish.com.br\/wordpress\/wp-content\/uploads\/2016\/01\/Dan\u00e7a-flamenca-na-BTC.-Arrecada\u00e7\u00e3o-de-cestas-b\u00e1sicas-2-598x399.jpg\" height=\"400\" width=\"600\" alt=\"\" class=\"slider-2900 slide-2960\" \/><\/li>\n            <\/ul>\n        <\/div>\n        \n    <\/div>\n<\/div>\n","protected":false},"excerpt":{"rendered":"","protected":false},"author":1,"featured_media":0,"parent":0,"menu_order":0,"comment_status":"closed","ping_status":"closed","template":"","meta":[],"_links":{"self":[{"href":"http:\/\/ww2.btcenglish.com.br\/wordpress\/wp-json\/wp\/v2\/pages\/3186"}],"collection":[{"href":"http:\/\/ww2.btcenglish.com.br\/wordpress\/wp-json\/wp\/v2\/pages"}],"about":[{"href":"http:\/\/ww2.btcenglish.com.br\/wordpress\/wp-json\/wp\/v2\/types\/page"}],"author":[{"embeddable":true,"href":"http:\/\/ww2.btcenglish.com.br\/wordpress\/wp-json\/wp\/v2\/users\/1"}],"replies":[{"embeddable":true,"href":"http:\/\/ww2.btcenglish.com.br\/wordpress\/wp-json\/wp\/v2\/comments?post=3186"}],"version-history":[{"count":1,"href":"http:\/\/ww2.btcenglish.com.br\/wordpress\/wp-json\/wp\/v2\/pages\/3186\/revisions"}],"predecessor-version":[{"id":3187,"href":"http:\/\/ww2.btcenglish.com.br\/wordpress\/wp-json\/wp\/v2\/pages\/3186\/revisions\/3187"}],"wp:attachment":[{"href":"http:\/\/ww2.btcenglish.com.br\/wordpress\/wp-json\/wp\/v2\/media?parent=3186"}],"curies":[{"name":"wp","href":"https:\/\/api.w.org\/{rel}","templated":true}]}}