{"id":3174,"date":"2016-01-29T15:32:54","date_gmt":"2016-01-29T18:32:54","guid":{"rendered":"http:\/\/ww2.btcenglish.com.br\/wordpress\/?page_id=3174"},"modified":"2016-01-29T15:32:54","modified_gmt":"2016-01-29T18:32:54","slug":"eventos-ja-realizados-2010","status":"publish","type":"page","link":"http:\/\/ww2.btcenglish.com.br\/wordpress\/eventos-ja-realizados-2010\/","title":{"rendered":"Eventos ja realizados 2010"},"content":{"rendered":"<div id=\"metaslider-id-2558\" style=\"max-width: 600px;\" class=\"ml-slider-3-27-14 metaslider metaslider-flex metaslider-2558 ml-slider\">\n    <div id=\"metaslider_container_2558\">\n        <div id=\"metaslider_2558\">\n            <ul aria-live=\"polite\" class=\"slides\">\n                <li style=\"display: block; width: 100%;\" class=\"slide-2559 ms-image\"><img src=\"http:\/\/ww2.btcenglish.com.br\/wordpress\/wp-content\/uploads\/2016\/01\/Agradecimento-Prof-600x400.jpg\" height=\"400\" width=\"600\" alt=\"\" class=\"slider-2558 slide-2559\" \/><\/li>\n                <li style=\"display: none; width: 100%;\" class=\"slide-2560 ms-image\"><img src=\"http:\/\/ww2.btcenglish.com.br\/wordpress\/wp-content\/uploads\/2016\/01\/Anivers-Prof-Adriano-1-600x400.jpg\" height=\"400\" width=\"600\" alt=\"\" class=\"slider-2558 slide-2560\" \/><\/li>\n                <li style=\"display: none; width: 100%;\" class=\"slide-2561 ms-image\"><img src=\"http:\/\/ww2.btcenglish.com.br\/wordpress\/wp-content\/uploads\/2016\/01\/Anivers-Prof-Adriano-2-600x400.jpg\" height=\"400\" width=\"600\" alt=\"\" class=\"slider-2558 slide-2561\" \/><\/li>\n                <li style=\"display: none; width: 100%;\" class=\"slide-2562 ms-image\"><img src=\"http:\/\/ww2.btcenglish.com.br\/wordpress\/wp-content\/uploads\/2016\/01\/Anivers-Profa-Bobbi-1-600x400.jpg\" height=\"400\" width=\"600\" alt=\"\" class=\"slider-2558 slide-2562\" \/><\/li>\n                <li style=\"display: none; width: 100%;\" class=\"slide-2563 ms-image\"><img src=\"http:\/\/ww2.btcenglish.com.br\/wordpress\/wp-content\/uploads\/2016\/01\/Anivers-Profa-Bobbi-2-600x400.jpg\" height=\"400\" width=\"600\" alt=\"\" class=\"slider-2558 slide-2563\" \/><\/li>\n                <li style=\"display: none; width: 100%;\" class=\"slide-2564 ms-image\"><img src=\"http:\/\/ww2.btcenglish.com.br\/wordpress\/wp-content\/uploads\/2016\/01\/Apresenta\u00e7\u00e3o-de-alunos-1-600x400.jpg\" height=\"400\" width=\"600\" alt=\"\" class=\"slider-2558 slide-2564\" \/><\/li>\n                <li style=\"display: none; width: 100%;\" class=\"slide-2565 ms-image\"><img src=\"http:\/\/ww2.btcenglish.com.br\/wordpress\/wp-content\/uploads\/2016\/01\/Apresenta\u00e7\u00e3o-de-alunos-2-600x400.jpg\" height=\"400\" width=\"600\" alt=\"\" class=\"slider-2558 slide-2565\" \/><\/li>\n                <li style=\"display: none; width: 100%;\" class=\"slide-2566 ms-image\"><img src=\"http:\/\/ww2.btcenglish.com.br\/wordpress\/wp-content\/uploads\/2016\/01\/Apresenta\u00e7\u00e3o-de-alunos-3-600x400.jpg\" height=\"400\" width=\"600\" alt=\"\" class=\"slider-2558 slide-2566\" \/><\/li>\n                <li style=\"display: none; width: 100%;\" class=\"slide-2567 ms-image\"><img src=\"http:\/\/ww2.btcenglish.com.br\/wordpress\/wp-content\/uploads\/2016\/01\/Apresenta\u00e7\u00e3o-de-alunos-4-600x400.jpg\" height=\"400\" width=\"600\" alt=\"\" class=\"slider-2558 slide-2567\" \/><\/li>\n                <li style=\"display: none; width: 100%;\" class=\"slide-2568 ms-image\"><img src=\"http:\/\/ww2.btcenglish.com.br\/wordpress\/wp-content\/uploads\/2016\/01\/Apresenta\u00e7\u00e3o-de-alunos-5-600x400.jpg\" height=\"400\" width=\"600\" alt=\"\" class=\"slider-2558 slide-2568\" \/><\/li>\n                <li style=\"display: none; width: 100%;\" class=\"slide-2569 ms-image\"><img src=\"http:\/\/ww2.btcenglish.com.br\/wordpress\/wp-content\/uploads\/2016\/01\/Apresenta\u00e7\u00e3o-de-alunos-6-600x400.jpg\" height=\"400\" width=\"600\" alt=\"\" class=\"slider-2558 slide-2569\" \/><\/li>\n                <li style=\"display: none; width: 100%;\" class=\"slide-2570 ms-image\"><img src=\"http:\/\/ww2.btcenglish.com.br\/wordpress\/wp-content\/uploads\/2016\/01\/Doa\u00e7\u00e3o-de-mantimentos-ao-LAR-SI\u00c3O-1-600x400.jpg\" height=\"400\" width=\"600\" alt=\"\" class=\"slider-2558 slide-2570\" \/><\/li>\n                <li style=\"display: none; width: 100%;\" class=\"slide-2571 ms-image\"><img src=\"http:\/\/ww2.btcenglish.com.br\/wordpress\/wp-content\/uploads\/2016\/01\/Doa\u00e7\u00e3o-de-mantimentos-ao-LAR-SI\u00c3O-2-600x400.jpg\" height=\"400\" width=\"600\" alt=\"\" class=\"slider-2558 slide-2571\" \/><\/li>\n                <li style=\"display: none; width: 100%;\" class=\"slide-2572 ms-image\"><img src=\"http:\/\/ww2.btcenglish.com.br\/wordpress\/wp-content\/uploads\/2016\/01\/Doa\u00e7\u00e3o-de-mantimentos-ao-LAR-SI\u00c3O-3-600x400.jpg\" height=\"400\" width=\"600\" alt=\"\" class=\"slider-2558 slide-2572\" \/><\/li>\n                <li style=\"display: none; width: 100%;\" class=\"slide-2573 ms-image\"><img src=\"http:\/\/ww2.btcenglish.com.br\/wordpress\/wp-content\/uploads\/2016\/01\/Doa\u00e7\u00e3o-de-mantimentos-ao-LAR-SI\u00c3O-4-600x400.jpg\" height=\"400\" width=\"600\" alt=\"\" class=\"slider-2558 slide-2573\" \/><\/li>\n                <li style=\"display: none; width: 100%;\" class=\"slide-2574 ms-image\"><img src=\"http:\/\/ww2.btcenglish.com.br\/wordpress\/wp-content\/uploads\/2016\/01\/Doa\u00e7\u00e3o-de-mantimentos-ao-LAR-SI\u00c3O-5-600x400.jpg\" height=\"400\" width=\"600\" alt=\"\" class=\"slider-2558 slide-2574\" \/><\/li>\n                <li style=\"display: none; width: 100%;\" class=\"slide-2575 ms-image\"><img src=\"http:\/\/ww2.btcenglish.com.br\/wordpress\/wp-content\/uploads\/2016\/01\/Doa\u00e7\u00e3o-de-mantimentos-ao-LAR-SI\u00c3O-6-600x400.jpg\" height=\"400\" width=\"600\" alt=\"\" class=\"slider-2558 slide-2575\" \/><\/li>\n                <li style=\"display: none; width: 100%;\" class=\"slide-2576 ms-image\"><img src=\"http:\/\/ww2.btcenglish.com.br\/wordpress\/wp-content\/uploads\/2016\/01\/Doa\u00e7\u00e3o-de-mantimentos-ao-LAR-SI\u00c3O-7-600x400.jpg\" height=\"400\" width=\"600\" alt=\"\" class=\"slider-2558 slide-2576\" \/><\/li>\n                <li style=\"display: none; width: 100%;\" class=\"slide-2577 ms-image\"><img src=\"http:\/\/ww2.btcenglish.com.br\/wordpress\/wp-content\/uploads\/2016\/01\/Doa\u00e7\u00e3o-de-mantimentos-ao-LAR-SI\u00c3O-8-600x400.jpg\" height=\"400\" width=\"600\" alt=\"\" class=\"slider-2558 slide-2577\" \/><\/li>\n                <li style=\"display: none; width: 100%;\" class=\"slide-2578 ms-image\"><img src=\"http:\/\/ww2.btcenglish.com.br\/wordpress\/wp-content\/uploads\/2016\/01\/Doa\u00e7\u00e3o-de-mantimentos-ao-LAR-SI\u00c3O-9-600x400.jpg\" height=\"400\" width=\"600\" alt=\"\" class=\"slider-2558 slide-2578\" \/><\/li>\n                <li style=\"display: none; width: 100%;\" class=\"slide-2579 ms-image\"><img src=\"http:\/\/ww2.btcenglish.com.br\/wordpress\/wp-content\/uploads\/2016\/01\/Evento-para-arreca\u00e7\u00e3o-de-cestas-b\u00e1sicas-1-600x400.jpg\" height=\"400\" width=\"600\" alt=\"\" class=\"slider-2558 slide-2579\" \/><\/li>\n                <li style=\"display: none; width: 100%;\" class=\"slide-2580 ms-image\"><img src=\"http:\/\/ww2.btcenglish.com.br\/wordpress\/wp-content\/uploads\/2016\/01\/Evento-para-arreca\u00e7\u00e3o-de-cestas-b\u00e1sicas-2-600x400.jpg\" height=\"400\" width=\"600\" alt=\"\" class=\"slider-2558 slide-2580\" \/><\/li>\n                <li style=\"display: none; width: 100%;\" class=\"slide-2581 ms-image\"><img src=\"http:\/\/ww2.btcenglish.com.br\/wordpress\/wp-content\/uploads\/2016\/01\/Evento-para-arreca\u00e7\u00e3o-de-cestas-b\u00e1sicas-3-600x400.jpg\" height=\"400\" width=\"600\" alt=\"\" class=\"slider-2558 slide-2581\" \/><\/li>\n                <li style=\"display: none; width: 100%;\" class=\"slide-2582 ms-image\"><img src=\"http:\/\/ww2.btcenglish.com.br\/wordpress\/wp-content\/uploads\/2016\/01\/Evento-para-arreca\u00e7\u00e3o-de-cestas-b\u00e1sicas-4-600x400.jpg\" height=\"400\" width=\"600\" alt=\"\" class=\"slider-2558 slide-2582\" \/><\/li>\n                <li style=\"display: none; width: 100%;\" class=\"slide-2583 ms-image\"><img src=\"http:\/\/ww2.btcenglish.com.br\/wordpress\/wp-content\/uploads\/2016\/01\/Evento-para-arreca\u00e7\u00e3o-de-cestas-b\u00e1sicas-5-600x400.jpg\" height=\"400\" width=\"600\" alt=\"\" class=\"slider-2558 slide-2583\" \/><\/li>\n            <\/ul>\n        <\/div>\n        \n    <\/div>\n<\/div>\n","protected":false},"excerpt":{"rendered":"","protected":false},"author":1,"featured_media":0,"parent":0,"menu_order":0,"comment_status":"closed","ping_status":"closed","template":"","meta":[],"_links":{"self":[{"href":"http:\/\/ww2.btcenglish.com.br\/wordpress\/wp-json\/wp\/v2\/pages\/3174"}],"collection":[{"href":"http:\/\/ww2.btcenglish.com.br\/wordpress\/wp-json\/wp\/v2\/pages"}],"about":[{"href":"http:\/\/ww2.btcenglish.com.br\/wordpress\/wp-json\/wp\/v2\/types\/page"}],"author":[{"embeddable":true,"href":"http:\/\/ww2.btcenglish.com.br\/wordpress\/wp-json\/wp\/v2\/users\/1"}],"replies":[{"embeddable":true,"href":"http:\/\/ww2.btcenglish.com.br\/wordpress\/wp-json\/wp\/v2\/comments?post=3174"}],"version-history":[{"count":1,"href":"http:\/\/ww2.btcenglish.com.br\/wordpress\/wp-json\/wp\/v2\/pages\/3174\/revisions"}],"predecessor-version":[{"id":3175,"href":"http:\/\/ww2.btcenglish.com.br\/wordpress\/wp-json\/wp\/v2\/pages\/3174\/revisions\/3175"}],"wp:attachment":[{"href":"http:\/\/ww2.btcenglish.com.br\/wordpress\/wp-json\/wp\/v2\/media?parent=3174"}],"curies":[{"name":"wp","href":"https:\/\/api.w.org\/{rel}","templated":true}]}}