{"id":2468,"date":"2016-01-21T16:59:05","date_gmt":"2016-01-21T19:59:05","guid":{"rendered":"http:\/\/ww2.btcenglish.com.br\/wordpress\/?page_id=2468"},"modified":"2016-01-21T16:59:05","modified_gmt":"2016-01-21T19:59:05","slug":"eventos-ja-realizados-2014","status":"publish","type":"page","link":"http:\/\/ww2.btcenglish.com.br\/wordpress\/eventos-ja-realizados-2014\/","title":{"rendered":"EVENTOS JA REALIZADOS 2014"},"content":{"rendered":"<div id=\"metaslider-id-2458\" style=\"max-width: 600px;\" class=\"ml-slider-3-27-14 metaslider metaslider-flex metaslider-2458 ml-slider\">\n    <div id=\"metaslider_container_2458\">\n        <div id=\"metaslider_2458\">\n            <ul aria-live=\"polite\" class=\"slides\">\n                <li style=\"display: block; width: 100%;\" class=\"slide-2459 ms-image\"><img src=\"http:\/\/ww2.btcenglish.com.br\/wordpress\/wp-content\/uploads\/2016\/01\/Evento-para-ajudar-catadores-de-papel.-Rifa-6-433x289.jpg\" height=\"400\" width=\"600\" alt=\"\" class=\"slider-2458 slide-2459\" \/><\/li>\n                <li style=\"display: none; width: 100%;\" class=\"slide-2460 ms-image\"><img src=\"http:\/\/ww2.btcenglish.com.br\/wordpress\/wp-content\/uploads\/2016\/01\/Evento-para-ajudar-catadores-de-papel.-Rifa-7-433x289.jpg\" height=\"400\" width=\"600\" alt=\"\" class=\"slider-2458 slide-2460\" \/><\/li>\n                <li style=\"display: none; width: 100%;\" class=\"slide-2461 ms-image\"><img src=\"http:\/\/ww2.btcenglish.com.br\/wordpress\/wp-content\/uploads\/2016\/01\/Evento-para-ajudar-catadores-de-papel.-Rifa-8-600x400.jpg\" height=\"400\" width=\"600\" alt=\"\" class=\"slider-2458 slide-2461\" \/><\/li>\n                <li style=\"display: none; width: 100%;\" class=\"slide-2462 ms-image\"><img src=\"http:\/\/ww2.btcenglish.com.br\/wordpress\/wp-content\/uploads\/2016\/01\/Jantar-a\u00e7\u00e3o-de-gra\u00e7as-2013-600x400.jpg\" height=\"400\" width=\"600\" alt=\"\" class=\"slider-2458 slide-2462\" \/><\/li>\n                <li style=\"display: none; width: 100%;\" class=\"slide-2463 ms-image\"><img src=\"http:\/\/ww2.btcenglish.com.br\/wordpress\/wp-content\/uploads\/2016\/01\/Evento-para-ajudar-catadores-de-papel.-Rifa-1-600x400.jpg\" height=\"400\" width=\"600\" alt=\"\" class=\"slider-2458 slide-2463\" \/><\/li>\n                <li style=\"display: none; width: 100%;\" class=\"slide-2464 ms-image\"><img src=\"http:\/\/ww2.btcenglish.com.br\/wordpress\/wp-content\/uploads\/2016\/01\/Evento-para-ajudar-catadores-de-papel.-Rifa-2-600x400.jpg\" height=\"400\" width=\"600\" alt=\"\" class=\"slider-2458 slide-2464\" \/><\/li>\n                <li style=\"display: none; width: 100%;\" class=\"slide-2465 ms-image\"><img src=\"http:\/\/ww2.btcenglish.com.br\/wordpress\/wp-content\/uploads\/2016\/01\/Evento-para-ajudar-catadores-de-papel.-Rifa-3-600x400.jpg\" height=\"400\" width=\"600\" alt=\"\" class=\"slider-2458 slide-2465\" \/><\/li>\n                <li style=\"display: none; width: 100%;\" class=\"slide-2466 ms-image\"><img src=\"http:\/\/ww2.btcenglish.com.br\/wordpress\/wp-content\/uploads\/2016\/01\/Evento-para-ajudar-catadores-de-papel.-Rifa-4-600x400.jpg\" height=\"400\" width=\"600\" alt=\"\" class=\"slider-2458 slide-2466\" \/><\/li>\n                <li style=\"display: none; width: 100%;\" class=\"slide-2467 ms-image\"><img src=\"http:\/\/ww2.btcenglish.com.br\/wordpress\/wp-content\/uploads\/2016\/01\/Evento-para-ajudar-catadores-de-papel.-Rifa-5-600x400.jpg\" height=\"400\" width=\"600\" alt=\"\" class=\"slider-2458 slide-2467\" \/><\/li>\n            <\/ul>\n        <\/div>\n        \n    <\/div>\n<\/div>\n","protected":false},"excerpt":{"rendered":"","protected":false},"author":1,"featured_media":0,"parent":0,"menu_order":0,"comment_status":"closed","ping_status":"closed","template":"","meta":[],"_links":{"self":[{"href":"http:\/\/ww2.btcenglish.com.br\/wordpress\/wp-json\/wp\/v2\/pages\/2468"}],"collection":[{"href":"http:\/\/ww2.btcenglish.com.br\/wordpress\/wp-json\/wp\/v2\/pages"}],"about":[{"href":"http:\/\/ww2.btcenglish.com.br\/wordpress\/wp-json\/wp\/v2\/types\/page"}],"author":[{"embeddable":true,"href":"http:\/\/ww2.btcenglish.com.br\/wordpress\/wp-json\/wp\/v2\/users\/1"}],"replies":[{"embeddable":true,"href":"http:\/\/ww2.btcenglish.com.br\/wordpress\/wp-json\/wp\/v2\/comments?post=2468"}],"version-history":[{"count":1,"href":"http:\/\/ww2.btcenglish.com.br\/wordpress\/wp-json\/wp\/v2\/pages\/2468\/revisions"}],"predecessor-version":[{"id":2469,"href":"http:\/\/ww2.btcenglish.com.br\/wordpress\/wp-json\/wp\/v2\/pages\/2468\/revisions\/2469"}],"wp:attachment":[{"href":"http:\/\/ww2.btcenglish.com.br\/wordpress\/wp-json\/wp\/v2\/media?parent=2468"}],"curies":[{"name":"wp","href":"https:\/\/api.w.org\/{rel}","templated":true}]}}