{"id":2405,"date":"2016-01-21T15:35:14","date_gmt":"2016-01-21T18:35:14","guid":{"rendered":"http:\/\/ww2.btcenglish.com.br\/wordpress\/?page_id=2405"},"modified":"2016-01-21T15:42:03","modified_gmt":"2016-01-21T18:42:03","slug":"eventos-2015","status":"publish","type":"page","link":"http:\/\/ww2.btcenglish.com.br\/wordpress\/eventos-2015\/","title":{"rendered":"Eventos ja realizados 2015"},"content":{"rendered":"<div id=\"metaslider-id-2407\" style=\"max-width: 600px;\" class=\"ml-slider-3-27-14 metaslider metaslider-flex metaslider-2407 ml-slider\">\n    <div id=\"metaslider_container_2407\">\n        <div id=\"metaslider_2407\">\n            <ul aria-live=\"polite\" class=\"slides\">\n                <li style=\"display: block; width: 100%;\" class=\"slide-2408 ms-image\"><img src=\"http:\/\/ww2.btcenglish.com.br\/wordpress\/wp-content\/uploads\/2016\/01\/Entrega-de-certificados-arrecada\u00e7\u00e3o-de-cestas-b\u00e1sicas-apresenta\u00e7\u00f5es-1-600x400.jpg\" height=\"400\" width=\"600\" alt=\"\" class=\"slider-2407 slide-2408\" \/><\/li>\n                <li style=\"display: none; width: 100%;\" class=\"slide-2433 ms-image\"><img src=\"http:\/\/ww2.btcenglish.com.br\/wordpress\/wp-content\/uploads\/2016\/01\/Entrega-de-certificados-arrecada\u00e7\u00e3o-de-cestas-b\u00e1sicas-apresenta\u00e7\u00f5es-26-600x400.jpg\" height=\"400\" width=\"600\" alt=\"\" class=\"slider-2407 slide-2433\" \/><\/li>\n                <li style=\"display: none; width: 100%;\" class=\"slide-2409 ms-image\"><img src=\"http:\/\/ww2.btcenglish.com.br\/wordpress\/wp-content\/uploads\/2016\/01\/Entrega-de-certificados-arrecada\u00e7\u00e3o-de-cestas-b\u00e1sicas-apresenta\u00e7\u00f5es-2-600x400.jpg\" height=\"400\" width=\"600\" alt=\"\" class=\"slider-2407 slide-2409\" \/><\/li>\n                <li style=\"display: none; width: 100%;\" class=\"slide-2410 ms-image\"><img src=\"http:\/\/ww2.btcenglish.com.br\/wordpress\/wp-content\/uploads\/2016\/01\/Entrega-de-certificados-arrecada\u00e7\u00e3o-de-cestas-b\u00e1sicas-apresenta\u00e7\u00f5es-3-600x400.jpg\" height=\"400\" width=\"600\" alt=\"\" class=\"slider-2407 slide-2410\" \/><\/li>\n                <li style=\"display: none; width: 100%;\" class=\"slide-2411 ms-image\"><img src=\"http:\/\/ww2.btcenglish.com.br\/wordpress\/wp-content\/uploads\/2016\/01\/Entrega-de-certificados-arrecada\u00e7\u00e3o-de-cestas-b\u00e1sicas-apresenta\u00e7\u00f5es-4-600x400.jpg\" height=\"400\" width=\"600\" alt=\"\" class=\"slider-2407 slide-2411\" \/><\/li>\n                <li style=\"display: none; width: 100%;\" class=\"slide-2412 ms-image\"><img src=\"http:\/\/ww2.btcenglish.com.br\/wordpress\/wp-content\/uploads\/2016\/01\/Entrega-de-certificados-arrecada\u00e7\u00e3o-de-cestas-b\u00e1sicas-apresenta\u00e7\u00f5es-5-600x400.jpg\" height=\"400\" width=\"600\" alt=\"\" class=\"slider-2407 slide-2412\" \/><\/li>\n                <li style=\"display: none; width: 100%;\" class=\"slide-2413 ms-image\"><img src=\"http:\/\/ww2.btcenglish.com.br\/wordpress\/wp-content\/uploads\/2016\/01\/Entrega-de-certificados-arrecada\u00e7\u00e3o-de-cestas-b\u00e1sicas-apresenta\u00e7\u00f5es-6-600x400.jpg\" height=\"400\" width=\"600\" alt=\"\" class=\"slider-2407 slide-2413\" \/><\/li>\n                <li style=\"display: none; width: 100%;\" class=\"slide-2414 ms-image\"><img src=\"http:\/\/ww2.btcenglish.com.br\/wordpress\/wp-content\/uploads\/2016\/01\/Entrega-de-certificados-arrecada\u00e7\u00e3o-de-cestas-b\u00e1sicas-apresenta\u00e7\u00f5es-7-600x400.jpg\" height=\"400\" width=\"600\" alt=\"\" class=\"slider-2407 slide-2414\" \/><\/li>\n                <li style=\"display: none; width: 100%;\" class=\"slide-2415 ms-image\"><img src=\"http:\/\/ww2.btcenglish.com.br\/wordpress\/wp-content\/uploads\/2016\/01\/Entrega-de-certificados-arrecada\u00e7\u00e3o-de-cestas-b\u00e1sicas-apresenta\u00e7\u00f5es-8-600x400.jpg\" height=\"400\" width=\"600\" alt=\"\" class=\"slider-2407 slide-2415\" \/><\/li>\n                <li style=\"display: none; width: 100%;\" class=\"slide-2416 ms-image\"><img src=\"http:\/\/ww2.btcenglish.com.br\/wordpress\/wp-content\/uploads\/2016\/01\/Entrega-de-certificados-arrecada\u00e7\u00e3o-de-cestas-b\u00e1sicas-apresenta\u00e7\u00f5es-9-600x400.jpg\" height=\"400\" width=\"600\" alt=\"\" class=\"slider-2407 slide-2416\" \/><\/li>\n                <li style=\"display: none; width: 100%;\" class=\"slide-2417 ms-image\"><img src=\"http:\/\/ww2.btcenglish.com.br\/wordpress\/wp-content\/uploads\/2016\/01\/Entrega-de-certificados-arrecada\u00e7\u00e3o-de-cestas-b\u00e1sicas-apresenta\u00e7\u00f5es-10-600x400.jpg\" height=\"400\" width=\"600\" alt=\"\" class=\"slider-2407 slide-2417\" \/><\/li>\n                <li style=\"display: none; width: 100%;\" class=\"slide-2418 ms-image\"><img src=\"http:\/\/ww2.btcenglish.com.br\/wordpress\/wp-content\/uploads\/2016\/01\/Entrega-de-certificados-arrecada\u00e7\u00e3o-de-cestas-b\u00e1sicas-apresenta\u00e7\u00f5es-11-600x400.jpg\" height=\"400\" width=\"600\" alt=\"\" class=\"slider-2407 slide-2418\" \/><\/li>\n                <li style=\"display: none; width: 100%;\" class=\"slide-2419 ms-image\"><img src=\"http:\/\/ww2.btcenglish.com.br\/wordpress\/wp-content\/uploads\/2016\/01\/Entrega-de-certificados-arrecada\u00e7\u00e3o-de-cestas-b\u00e1sicas-apresenta\u00e7\u00f5es-12-600x400.jpg\" height=\"400\" width=\"600\" alt=\"\" class=\"slider-2407 slide-2419\" \/><\/li>\n                <li style=\"display: none; width: 100%;\" class=\"slide-2420 ms-image\"><img src=\"http:\/\/ww2.btcenglish.com.br\/wordpress\/wp-content\/uploads\/2016\/01\/Entrega-de-certificados-arrecada\u00e7\u00e3o-de-cestas-b\u00e1sicas-apresenta\u00e7\u00f5es-13-600x400.jpg\" height=\"400\" width=\"600\" alt=\"\" class=\"slider-2407 slide-2420\" \/><\/li>\n                <li style=\"display: none; width: 100%;\" class=\"slide-2421 ms-image\"><img src=\"http:\/\/ww2.btcenglish.com.br\/wordpress\/wp-content\/uploads\/2016\/01\/Entrega-de-certificados-arrecada\u00e7\u00e3o-de-cestas-b\u00e1sicas-apresenta\u00e7\u00f5es-14-600x400.jpg\" height=\"400\" width=\"600\" alt=\"\" class=\"slider-2407 slide-2421\" \/><\/li>\n                <li style=\"display: none; width: 100%;\" class=\"slide-2422 ms-image\"><img src=\"http:\/\/ww2.btcenglish.com.br\/wordpress\/wp-content\/uploads\/2016\/01\/Entrega-de-certificados-arrecada\u00e7\u00e3o-de-cestas-b\u00e1sicas-apresenta\u00e7\u00f5es-15-600x400.jpg\" height=\"400\" width=\"600\" alt=\"\" class=\"slider-2407 slide-2422\" \/><\/li>\n                <li style=\"display: none; width: 100%;\" class=\"slide-2423 ms-image\"><img src=\"http:\/\/ww2.btcenglish.com.br\/wordpress\/wp-content\/uploads\/2016\/01\/Entrega-de-certificados-arrecada\u00e7\u00e3o-de-cestas-b\u00e1sicas-apresenta\u00e7\u00f5es-16-600x400.jpg\" height=\"400\" width=\"600\" alt=\"\" class=\"slider-2407 slide-2423\" \/><\/li>\n                <li style=\"display: none; width: 100%;\" class=\"slide-2424 ms-image\"><img src=\"http:\/\/ww2.btcenglish.com.br\/wordpress\/wp-content\/uploads\/2016\/01\/Entrega-de-certificados-arrecada\u00e7\u00e3o-de-cestas-b\u00e1sicas-apresenta\u00e7\u00f5es-17-450x300.jpg\" height=\"400\" width=\"600\" alt=\"\" class=\"slider-2407 slide-2424\" \/><\/li>\n                <li style=\"display: none; width: 100%;\" class=\"slide-2425 ms-image\"><img src=\"http:\/\/ww2.btcenglish.com.br\/wordpress\/wp-content\/uploads\/2016\/01\/Entrega-de-certificados-arrecada\u00e7\u00e3o-de-cestas-b\u00e1sicas-apresenta\u00e7\u00f5es-18-450x300.jpg\" height=\"400\" width=\"600\" alt=\"\" class=\"slider-2407 slide-2425\" \/><\/li>\n                <li style=\"display: none; width: 100%;\" class=\"slide-2426 ms-image\"><img src=\"http:\/\/ww2.btcenglish.com.br\/wordpress\/wp-content\/uploads\/2016\/01\/Entrega-de-certificados-arrecada\u00e7\u00e3o-de-cestas-b\u00e1sicas-apresenta\u00e7\u00f5es-19-600x400.jpg\" height=\"400\" width=\"600\" alt=\"\" class=\"slider-2407 slide-2426\" \/><\/li>\n                <li style=\"display: none; width: 100%;\" class=\"slide-2427 ms-image\"><img src=\"http:\/\/ww2.btcenglish.com.br\/wordpress\/wp-content\/uploads\/2016\/01\/Entrega-de-certificados-arrecada\u00e7\u00e3o-de-cestas-b\u00e1sicas-apresenta\u00e7\u00f5es-20-600x400.jpg\" height=\"400\" width=\"600\" alt=\"\" class=\"slider-2407 slide-2427\" \/><\/li>\n                <li style=\"display: none; width: 100%;\" class=\"slide-2428 ms-image\"><img src=\"http:\/\/ww2.btcenglish.com.br\/wordpress\/wp-content\/uploads\/2016\/01\/Entrega-de-certificados-arrecada\u00e7\u00e3o-de-cestas-b\u00e1sicas-apresenta\u00e7\u00f5es-21-600x400.jpg\" height=\"400\" width=\"600\" alt=\"\" class=\"slider-2407 slide-2428\" \/><\/li>\n                <li style=\"display: none; width: 100%;\" class=\"slide-2429 ms-image\"><img src=\"http:\/\/ww2.btcenglish.com.br\/wordpress\/wp-content\/uploads\/2016\/01\/Entrega-de-certificados-arrecada\u00e7\u00e3o-de-cestas-b\u00e1sicas-apresenta\u00e7\u00f5es-22-600x400.jpg\" height=\"400\" width=\"600\" alt=\"\" class=\"slider-2407 slide-2429\" \/><\/li>\n                <li style=\"display: none; width: 100%;\" class=\"slide-2430 ms-image\"><img src=\"http:\/\/ww2.btcenglish.com.br\/wordpress\/wp-content\/uploads\/2016\/01\/Entrega-de-certificados-arrecada\u00e7\u00e3o-de-cestas-b\u00e1sicas-apresenta\u00e7\u00f5es-23-600x400.jpg\" height=\"400\" width=\"600\" alt=\"\" class=\"slider-2407 slide-2430\" \/><\/li>\n                <li style=\"display: none; width: 100%;\" class=\"slide-2431 ms-image\"><img src=\"http:\/\/ww2.btcenglish.com.br\/wordpress\/wp-content\/uploads\/2016\/01\/Entrega-de-certificados-arrecada\u00e7\u00e3o-de-cestas-b\u00e1sicas-apresenta\u00e7\u00f5es-24-600x400.jpg\" height=\"400\" width=\"600\" alt=\"\" class=\"slider-2407 slide-2431\" \/><\/li>\n                <li style=\"display: none; width: 100%;\" class=\"slide-2432 ms-image\"><img src=\"http:\/\/ww2.btcenglish.com.br\/wordpress\/wp-content\/uploads\/2016\/01\/Entrega-de-certificados-arrecada\u00e7\u00e3o-de-cestas-b\u00e1sicas-apresenta\u00e7\u00f5es-25-600x400.jpg\" height=\"400\" width=\"600\" alt=\"\" class=\"slider-2407 slide-2432\" \/><\/li>\n            <\/ul>\n        <\/div>\n        \n    <\/div>\n<\/div>\n","protected":false},"excerpt":{"rendered":"","protected":false},"author":1,"featured_media":0,"parent":0,"menu_order":0,"comment_status":"closed","ping_status":"closed","template":"","meta":[],"_links":{"self":[{"href":"http:\/\/ww2.btcenglish.com.br\/wordpress\/wp-json\/wp\/v2\/pages\/2405"}],"collection":[{"href":"http:\/\/ww2.btcenglish.com.br\/wordpress\/wp-json\/wp\/v2\/pages"}],"about":[{"href":"http:\/\/ww2.btcenglish.com.br\/wordpress\/wp-json\/wp\/v2\/types\/page"}],"author":[{"embeddable":true,"href":"http:\/\/ww2.btcenglish.com.br\/wordpress\/wp-json\/wp\/v2\/users\/1"}],"replies":[{"embeddable":true,"href":"http:\/\/ww2.btcenglish.com.br\/wordpress\/wp-json\/wp\/v2\/comments?post=2405"}],"version-history":[{"count":8,"href":"http:\/\/ww2.btcenglish.com.br\/wordpress\/wp-json\/wp\/v2\/pages\/2405\/revisions"}],"predecessor-version":[{"id":2454,"href":"http:\/\/ww2.btcenglish.com.br\/wordpress\/wp-json\/wp\/v2\/pages\/2405\/revisions\/2454"}],"wp:attachment":[{"href":"http:\/\/ww2.btcenglish.com.br\/wordpress\/wp-json\/wp\/v2\/media?parent=2405"}],"curies":[{"name":"wp","href":"https:\/\/api.w.org\/{rel}","templated":true}]}}