{"id":201,"date":"2015-08-18T18:23:43","date_gmt":"2015-08-18T18:23:43","guid":{"rendered":"http:\/\/ww2.btcenglish.com.br\/wordpress\/?page_id=201"},"modified":"2015-08-18T18:24:25","modified_gmt":"2015-08-18T18:24:25","slug":"distance-education","status":"publish","type":"page","link":"http:\/\/ww2.btcenglish.com.br\/wordpress\/distance-education\/","title":{"rendered":"Distance Education"},"content":{"rendered":"<h4 class=\"gk_news_show_news_header\">Distance Education<\/h4>\n<p><a href=\"http:\/\/www.open.ac.uk\/education\/ma\/applied-linguistics\/\" target=\"_blank\">Open University<\/a> &#8211; Link to the School of Education &#8211; MA in Applied Linguistics<\/p>\n<p><a href=\"http:\/\/www.abed.org.br\/\" target=\"_blank\">ABED<\/a> &#8211; Associa\u00e7\u00e3o Brasileira de Ensino a dist\u00e2ncia<\/p>\n","protected":false},"excerpt":{"rendered":"<p>Distance Education Open University &#8211; Link to the School of Education &#8211; MA in Applied Linguistics ABED &#8211; Associa\u00e7\u00e3o Brasileira de Ensino a dist\u00e2ncia<\/p>\n","protected":false},"author":1,"featured_media":0,"parent":0,"menu_order":0,"comment_status":"open","ping_status":"open","template":"","meta":[],"_links":{"self":[{"href":"http:\/\/ww2.btcenglish.com.br\/wordpress\/wp-json\/wp\/v2\/pages\/201"}],"collection":[{"href":"http:\/\/ww2.btcenglish.com.br\/wordpress\/wp-json\/wp\/v2\/pages"}],"about":[{"href":"http:\/\/ww2.btcenglish.com.br\/wordpress\/wp-json\/wp\/v2\/types\/page"}],"author":[{"embeddable":true,"href":"http:\/\/ww2.btcenglish.com.br\/wordpress\/wp-json\/wp\/v2\/users\/1"}],"replies":[{"embeddable":true,"href":"http:\/\/ww2.btcenglish.com.br\/wordpress\/wp-json\/wp\/v2\/comments?post=201"}],"version-history":[{"count":1,"href":"http:\/\/ww2.btcenglish.com.br\/wordpress\/wp-json\/wp\/v2\/pages\/201\/revisions"}],"predecessor-version":[{"id":202,"href":"http:\/\/ww2.btcenglish.com.br\/wordpress\/wp-json\/wp\/v2\/pages\/201\/revisions\/202"}],"wp:attachment":[{"href":"http:\/\/ww2.btcenglish.com.br\/wordpress\/wp-json\/wp\/v2\/media?parent=201"}],"curies":[{"name":"wp","href":"https:\/\/api.w.org\/{rel}","templated":true}]}}